{"id":3290,"date":"2024-12-30T16:50:44","date_gmt":"2024-12-30T15:50:44","guid":{"rendered":"https:\/\/www.sources-hotels.com\/valdeloire\/?page_id=3290"},"modified":"2026-02-20T11:25:40","modified_gmt":"2026-02-20T10:25:40","slug":"bar-lauberge","status":"publish","type":"page","link":"https:\/\/www.sources-hotels.com\/valdeloire\/de\/restaurants\/bar-lauberge\/","title":{"rendered":"Bar von L\u2019Auberge"},"content":{"rendered":"\n<section class=\"custom-block block--header h-[206rem] text-center text-white overflow-hidden pt-[100rem] relative tablet:h-[700rem] tablet:pt-[420rem]\">\n\n    <h1>\n                            Die Bar der Auberge            <\/h1>\n\n    \n    <span class=\"scroll-down hidden text-[12rem] tracking-[2rem] uppercase font-title cursor-pointer opacity-[64%] pb-[66rem] absolute left-2\/4 bottom-0 translate-x-[-50%] after:w-[1px] after:h-[50rem] after:bg-white after:opacity-[40%] after:absolute after:bottom-0 after:left-[50%] tablet:block\">\n        Mehr entdecken    <\/span>\n\n    <figure class=\"min-w-full min-h-full aspect-video overflow-hidden absolute top-2\/4 left-2\/4 translate-x-[-50%] translate-y-[-50%] z-[-1] before:bg-black before:opacity-[35%] before:mix-blend-multiply before:absolute before:top-0 before:left-0 before:right-0 before:bottom-0 before:z-[2]\">\n                    <img loading=\"lazy\" decoding=\"async\" width=\"1351\" height=\"900\" src=\"https:\/\/www.sources-hotels.com\/valdeloire\/wp-content\/uploads\/sites\/4\/2025\/01\/SourcesDeCheverny_\u00a9thuriesmagazinepascallattes-24-1351x900.jpg\" class=\"h-full w-full object-cover object-center\" alt=\"\" srcset=\"https:\/\/www.sources-hotels.com\/valdeloire\/wp-content\/uploads\/sites\/4\/2025\/01\/SourcesDeCheverny_\u00a9thuriesmagazinepascallattes-24-1351x900.jpg 1351w, https:\/\/www.sources-hotels.com\/valdeloire\/wp-content\/uploads\/sites\/4\/2025\/01\/SourcesDeCheverny_\u00a9thuriesmagazinepascallattes-24-300x200.jpg 300w, https:\/\/www.sources-hotels.com\/valdeloire\/wp-content\/uploads\/sites\/4\/2025\/01\/SourcesDeCheverny_\u00a9thuriesmagazinepascallattes-24-1024x682.jpg 1024w, https:\/\/www.sources-hotels.com\/valdeloire\/wp-content\/uploads\/sites\/4\/2025\/01\/SourcesDeCheverny_\u00a9thuriesmagazinepascallattes-24-768x512.jpg 768w, https:\/\/www.sources-hotels.com\/valdeloire\/wp-content\/uploads\/sites\/4\/2025\/01\/SourcesDeCheverny_\u00a9thuriesmagazinepascallattes-24-1536x1023.jpg 1536w, https:\/\/www.sources-hotels.com\/valdeloire\/wp-content\/uploads\/sites\/4\/2025\/01\/SourcesDeCheverny_\u00a9thuriesmagazinepascallattes-24-1260x840.jpg 1260w, https:\/\/www.sources-hotels.com\/valdeloire\/wp-content\/uploads\/sites\/4\/2025\/01\/SourcesDeCheverny_\u00a9thuriesmagazinepascallattes-24-450x300.jpg 450w, https:\/\/www.sources-hotels.com\/valdeloire\/wp-content\/uploads\/sites\/4\/2025\/01\/SourcesDeCheverny_\u00a9thuriesmagazinepascallattes-24-465x310.jpg 465w, https:\/\/www.sources-hotels.com\/valdeloire\/wp-content\/uploads\/sites\/4\/2025\/01\/SourcesDeCheverny_\u00a9thuriesmagazinepascallattes-24-630x420.jpg 630w, https:\/\/www.sources-hotels.com\/valdeloire\/wp-content\/uploads\/sites\/4\/2025\/01\/SourcesDeCheverny_\u00a9thuriesmagazinepascallattes-24-966x644.jpg 966w, https:\/\/www.sources-hotels.com\/valdeloire\/wp-content\/uploads\/sites\/4\/2025\/01\/SourcesDeCheverny_\u00a9thuriesmagazinepascallattes-24-750x500.jpg 750w, https:\/\/www.sources-hotels.com\/valdeloire\/wp-content\/uploads\/sites\/4\/2025\/01\/SourcesDeCheverny_\u00a9thuriesmagazinepascallattes-24-1021x680.jpg 1021w, https:\/\/www.sources-hotels.com\/valdeloire\/wp-content\/uploads\/sites\/4\/2025\/01\/SourcesDeCheverny_\u00a9thuriesmagazinepascallattes-24-690x460.jpg 690w, https:\/\/www.sources-hotels.com\/valdeloire\/wp-content\/uploads\/sites\/4\/2025\/01\/SourcesDeCheverny_\u00a9thuriesmagazinepascallattes-24-640x426.jpg 640w, https:\/\/www.sources-hotels.com\/valdeloire\/wp-content\/uploads\/sites\/4\/2025\/01\/SourcesDeCheverny_\u00a9thuriesmagazinepascallattes-24-420x280.jpg 420w, https:\/\/www.sources-hotels.com\/valdeloire\/wp-content\/uploads\/sites\/4\/2025\/01\/SourcesDeCheverny_\u00a9thuriesmagazinepascallattes-24.jpg 1837w\" sizes=\"auto, (max-width: 1351px) 100vw, 1351px\" \/>            <\/figure>\n    \n<\/section>\n\n    \n\n\n<section class=\"custom-block block--restaurant-details\">\n  <div class=\"row-details row-1\">\n          <div class=\"hour icon-text\">\n        <svg width=\"20\" height=\"20\" viewBox=\"0 0 20 20\" fill=\"none\"><use xlink:href=\"#clock\"\/><\/svg><p>T\u00e4glich ge\u00f6ffnet von 10:00 bis 22:00 Uhr <\/p>\n      <\/div>\n              <div class=\"mail icon-text\">Informations : <a href=\"mailto:reservations@sources-cheverny.com\">reservations@sources-cheverny.com<\/a><\/div>\n    \n          <div class=\"phone icon-text\">T\u00e9l : <a href=\"tel:+33 (0)2 54 44 20 20\">+33 (0)2 54 44 20 20<\/a><\/div>\n      <\/div>\n      <div class=\"row-details row-2\">\n              <div class=\"link-details\">\n            <a href=\"https:\/\/www.sources-hotels.com\/valdeloire\/wp-content\/uploads\/sites\/4\/2025\/06\/LAuberge-Carte-Bar.pdf\"  target=\"_blank\" class=\"cta-resto-details\" >\n          <span class=\"picto\"><svg width=\"14\" height=\"13\" viewBox=\"0 0 14 13\" fill=\"none\"><use xlink:href=\"#download\"\/><\/svg><\/span>\n        Barkarte  <\/a>\n        <\/div>\n              <div class=\"link-details\">\n            <a href=\"https:\/\/www.sources-hotels.com\/valdeloire\/wp-content\/uploads\/sites\/4\/2025\/04\/LAuberge-Carte-Vins.pdf\"  target=\"_blank\" class=\"cta-resto-details\" >\n          <span class=\"picto\"><svg width=\"14\" height=\"13\" viewBox=\"0 0 14 13\" fill=\"none\"><use xlink:href=\"#download\"\/><\/svg><\/span>\n        Weinkarte  <\/a>\n        <\/div>\n              <div class=\"link-details\">\n            <a href=\"https:\/\/www.sources-hotels.com\/valdeloire\/wp-content\/uploads\/sites\/4\/2025\/05\/Menu-Encas-Les-Sources-de-Cheverny-EN.pdf\"  target=\"_blank\" class=\"cta-resto-details\" >\n          <span class=\"picto\"><svg width=\"14\" height=\"13\" viewBox=\"0 0 14 13\" fill=\"none\"><use xlink:href=\"#download\"\/><\/svg><\/span>\n        https:\/\/www.sources-hotels.com\/valdeloire\/wp-content\/uploads\/sites\/4\/2025\/05\/Menu-Encas-Les-Sources-de-Cheverny-EN.pdf  <\/a>\n        <\/div>\n          <\/div>\n  <\/section>\n\n<section class=\"custom-block block--text-2-pictures\">\n\n      <h2 class=\"block-title\">Die Bar der Auberge<\/h2>\n  \n  <div class=\"content picture-left\">\n    <div class=\"text rte\">\n      <h3><span style=\"font-weight: 400\">Geselligkeit und Entdeckungen<\/span><\/h3>\n<p>Die Bar der Auberge befindet sich im ehemaligen Weinkeller des Anwesens und ist ein warmer, lebendiger Ort \u2013 wie die Romorantin-Reben, die auf der anderen Seite des Weinguts gedeihen. Sie ist ein Treffpunkt f\u00fcr Austausch und Genuss: Restaurant-Lounge, Weinbar und Degustationsraum zugleich. Zum Aperitif oder Abendessen kommt man hier zusammen, um bei einem Glas Wein und kleinen K\u00f6stlichkeiten ins Gespr\u00e4ch zu kommen. <\/p>\n<p>Auch das Lernen kommt nicht zu kurz: Bei Weinverkostungen mit unseren leidenschaftlichen Sommeliers entdeckt man regionale Rebsorten und besondere Cuv\u00e9es. Ein sinnliches Erlebnis, das die Liebe zum Wein in all ihren Facetten zelebriert. <\/p>\n<p>Forme <\/span><\/p>\n<p style=\"text-align: center\"><span style=\"font-weight: 400;color: #788474\">La Grand&#8217;Vigne, die Cuv\u00e9e der Sources de Cheverny<\/span><\/p>\n<p><span style=\"font-weight: 400\">Mit Unterst\u00fctzung des Winzers Philippe Tessier haben Les Sources de Cheverny 7 Hektar Romorantin auf dem Anwesen gepflanzt, um ihre eigene Cour-Cheverny-Cuv\u00e9e zu kreieren: La Grand\u2019Vigne. <\/p>\n<p>Diese seltene Rebsorte, die einst von Fran\u00e7ois I. gesch\u00e4tzt und aus dem Burgund eingef\u00fchrt wurde, ergibt einen frischen und eleganten Wei\u00dfwein mit Noten von wei\u00dfen Bl\u00fcten, Zitrusfr\u00fcchten und Honig. Der au\u00dfergew\u00f6hnliche Cour-Cheverny ist biologisch zertifiziert und wird im Einklang mit Natur und Tradition angebaut \u2013 eine aromatische Reise zwischen Vergangenheit und Gegenwart. <\/span><\/p>\n<p>&nbsp;<\/p>\n    <\/div>\n\n    <div class=\"images\">\n      <figure>\n        <img loading=\"lazy\" decoding=\"async\" width=\"626\" height=\"500\" src=\"https:\/\/www.sources-hotels.com\/valdeloire\/wp-content\/uploads\/sites\/4\/2025\/01\/image00012-626x500.jpeg\" class=\"h-full w-full object-cover object-center\" alt=\"\" srcset=\"https:\/\/www.sources-hotels.com\/valdeloire\/wp-content\/uploads\/sites\/4\/2025\/01\/image00012-626x500.jpeg 626w, https:\/\/www.sources-hotels.com\/valdeloire\/wp-content\/uploads\/sites\/4\/2025\/01\/image00012-300x240.jpeg 300w, https:\/\/www.sources-hotels.com\/valdeloire\/wp-content\/uploads\/sites\/4\/2025\/01\/image00012-1024x819.jpeg 1024w, https:\/\/www.sources-hotels.com\/valdeloire\/wp-content\/uploads\/sites\/4\/2025\/01\/image00012-768x614.jpeg 768w, https:\/\/www.sources-hotels.com\/valdeloire\/wp-content\/uploads\/sites\/4\/2025\/01\/image00012-1536x1228.jpeg 1536w, https:\/\/www.sources-hotels.com\/valdeloire\/wp-content\/uploads\/sites\/4\/2025\/01\/image00012-2048x1637.jpeg 2048w, https:\/\/www.sources-hotels.com\/valdeloire\/wp-content\/uploads\/sites\/4\/2025\/01\/image00012-1260x1007.jpeg 1260w, https:\/\/www.sources-hotels.com\/valdeloire\/wp-content\/uploads\/sites\/4\/2025\/01\/image00012-450x360.jpeg 450w, https:\/\/www.sources-hotels.com\/valdeloire\/wp-content\/uploads\/sites\/4\/2025\/01\/image00012-465x372.jpeg 465w, https:\/\/www.sources-hotels.com\/valdeloire\/wp-content\/uploads\/sites\/4\/2025\/01\/image00012-851x680.jpeg 851w, https:\/\/www.sources-hotels.com\/valdeloire\/wp-content\/uploads\/sites\/4\/2025\/01\/image00012-1126x900.jpeg 1126w, https:\/\/www.sources-hotels.com\/valdeloire\/wp-content\/uploads\/sites\/4\/2025\/01\/image00012-575x460.jpeg 575w, https:\/\/www.sources-hotels.com\/valdeloire\/wp-content\/uploads\/sites\/4\/2025\/01\/image00012-569x455.jpeg 569w, https:\/\/www.sources-hotels.com\/valdeloire\/wp-content\/uploads\/sites\/4\/2025\/01\/image00012-375x300.jpeg 375w\" sizes=\"auto, (max-width: 626px) 100vw, 626px\" \/>      <\/figure>\n      <figure>\n        <img loading=\"lazy\" decoding=\"async\" width=\"1260\" height=\"1000\" src=\"https:\/\/www.sources-hotels.com\/valdeloire\/wp-content\/uploads\/sites\/4\/2025\/01\/SourcesDeCheverny_\u00a9thuriesmagazinepascallattes-24-2-1260x1000.jpg\" class=\"h-full w-full object-cover object-center\" alt=\"\" \/>      <\/figure>\n    <\/div>\n  <\/div>\n\n\n\n<\/section>","protected":false},"excerpt":{"rendered":"","protected":false},"author":1,"featured_media":0,"parent":3287,"menu_order":0,"comment_status":"closed","ping_status":"closed","template":"","meta":{"_acf_changed":false,"footnotes":""},"hotels":[],"doc_cat":[],"class_list":["post-3290","page","type-page","status-publish","hentry"],"acf":[],"yoast_head":"<!-- This site is optimized with the Yoast SEO plugin v25.6 - https:\/\/yoast.com\/wordpress\/plugins\/seo\/ -->\n<title>Die Weinbar der Auberge | Les Sources de Cheverny<\/title>\n<meta name=\"description\" content=\"Die Bar der Auberge bietet ein elegantes Weinerlebnis \u2013 perfekt f\u00fcr Kenner, die das reiche Weinerbe der Loire sch\u00e4tzen.\" \/>\n<meta name=\"robots\" content=\"index, follow, max-snippet:-1, max-image-preview:large, max-video-preview:-1\" \/>\n<link rel=\"canonical\" href=\"https:\/\/www.sources-hotels.com\/valdeloire\/de\/restaurants\/bar-lauberge\/\" \/>\n<meta property=\"og:locale\" content=\"de_DE\" \/>\n<meta property=\"og:type\" content=\"article\" \/>\n<meta property=\"og:title\" content=\"Die Weinbar der Auberge | Les Sources de Cheverny\" \/>\n<meta property=\"og:description\" content=\"Die Bar der Auberge bietet ein elegantes Weinerlebnis \u2013 perfekt f\u00fcr Kenner, die das reiche Weinerbe der Loire sch\u00e4tzen.\" \/>\n<meta property=\"og:url\" content=\"https:\/\/www.sources-hotels.com\/valdeloire\/de\/restaurants\/bar-lauberge\/\" \/>\n<meta property=\"og:site_name\" content=\"Les Sources de Cheverny\" \/>\n<meta property=\"article:modified_time\" content=\"2026-02-20T10:25:40+00:00\" \/>\n<meta name=\"twitter:card\" content=\"summary_large_image\" \/>\n<script type=\"application\/ld+json\" class=\"yoast-schema-graph\">{\"@context\":\"https:\/\/schema.org\",\"@graph\":[{\"@type\":\"WebPage\",\"@id\":\"https:\/\/www.sources-hotels.com\/valdeloire\/de\/restaurants\/bar-lauberge\/\",\"url\":\"https:\/\/www.sources-hotels.com\/valdeloire\/de\/restaurants\/bar-lauberge\/\",\"name\":\"Die Weinbar der Auberge | Les Sources de Cheverny\",\"isPartOf\":{\"@id\":\"https:\/\/www.sources-hotels.com\/valdeloire\/de\/#website\"},\"datePublished\":\"2024-12-30T15:50:44+00:00\",\"dateModified\":\"2026-02-20T10:25:40+00:00\",\"description\":\"Die Bar der Auberge bietet ein elegantes Weinerlebnis \u2013 perfekt f\u00fcr Kenner, die das reiche Weinerbe der Loire sch\u00e4tzen.\",\"breadcrumb\":{\"@id\":\"https:\/\/www.sources-hotels.com\/valdeloire\/de\/restaurants\/bar-lauberge\/#breadcrumb\"},\"inLanguage\":\"de-DE\",\"potentialAction\":[{\"@type\":\"ReadAction\",\"target\":[\"https:\/\/www.sources-hotels.com\/valdeloire\/de\/restaurants\/bar-lauberge\/\"]}]},{\"@type\":\"BreadcrumbList\",\"@id\":\"https:\/\/www.sources-hotels.com\/valdeloire\/de\/restaurants\/bar-lauberge\/#breadcrumb\",\"itemListElement\":[{\"@type\":\"ListItem\",\"position\":1,\"name\":\"Accueil\",\"item\":\"https:\/\/www.sources-hotels.com\/valdeloire\/de\/\"},{\"@type\":\"ListItem\",\"position\":2,\"name\":\"Restaurants\",\"item\":\"https:\/\/www.sources-hotels.com\/valdeloire\/de\/restaurants\/\"},{\"@type\":\"ListItem\",\"position\":3,\"name\":\"Bar von L\u2019Auberge\"}]},{\"@type\":\"WebSite\",\"@id\":\"https:\/\/www.sources-hotels.com\/valdeloire\/de\/#website\",\"url\":\"https:\/\/www.sources-hotels.com\/valdeloire\/de\/\",\"name\":\"Les Sources de Cheverny\",\"description\":\"\",\"publisher\":{\"@id\":\"https:\/\/www.sources-hotels.com\/valdeloire\/de\/#organization\"},\"potentialAction\":[{\"@type\":\"SearchAction\",\"target\":{\"@type\":\"EntryPoint\",\"urlTemplate\":\"https:\/\/www.sources-hotels.com\/valdeloire\/de\/?s={search_term_string}\"},\"query-input\":{\"@type\":\"PropertyValueSpecification\",\"valueRequired\":true,\"valueName\":\"search_term_string\"}}],\"inLanguage\":\"de-DE\"},{\"@type\":\"Organization\",\"@id\":\"https:\/\/www.sources-hotels.com\/valdeloire\/de\/#organization\",\"name\":\"Les Sources de Cheverny\",\"url\":\"https:\/\/www.sources-hotels.com\/valdeloire\/de\/\",\"logo\":{\"@type\":\"ImageObject\",\"inLanguage\":\"de-DE\",\"@id\":\"https:\/\/www.sources-hotels.com\/valdeloire\/de\/#\/schema\/logo\/image\/\",\"url\":\"https:\/\/www.sources-hotels.com\/valdeloire\/wp-content\/uploads\/sites\/4\/2025\/03\/logo-cheverny.png\",\"contentUrl\":\"https:\/\/www.sources-hotels.com\/valdeloire\/wp-content\/uploads\/sites\/4\/2025\/03\/logo-cheverny.png\",\"width\":696,\"height\":291,\"caption\":\"Les Sources de Cheverny\"},\"image\":{\"@id\":\"https:\/\/www.sources-hotels.com\/valdeloire\/de\/#\/schema\/logo\/image\/\"}}]}<\/script>\n<!-- \/ Yoast SEO plugin. -->","yoast_head_json":{"title":"Die Weinbar der Auberge | Les Sources de Cheverny","description":"Die Bar der Auberge bietet ein elegantes Weinerlebnis \u2013 perfekt f\u00fcr Kenner, die das reiche Weinerbe der Loire sch\u00e4tzen.","robots":{"index":"index","follow":"follow","max-snippet":"max-snippet:-1","max-image-preview":"max-image-preview:large","max-video-preview":"max-video-preview:-1"},"canonical":"https:\/\/www.sources-hotels.com\/valdeloire\/de\/restaurants\/bar-lauberge\/","og_locale":"de_DE","og_type":"article","og_title":"Die Weinbar der Auberge | Les Sources de Cheverny","og_description":"Die Bar der Auberge bietet ein elegantes Weinerlebnis \u2013 perfekt f\u00fcr Kenner, die das reiche Weinerbe der Loire sch\u00e4tzen.","og_url":"https:\/\/www.sources-hotels.com\/valdeloire\/de\/restaurants\/bar-lauberge\/","og_site_name":"Les Sources de Cheverny","article_modified_time":"2026-02-20T10:25:40+00:00","twitter_card":"summary_large_image","schema":{"@context":"https:\/\/schema.org","@graph":[{"@type":"WebPage","@id":"https:\/\/www.sources-hotels.com\/valdeloire\/de\/restaurants\/bar-lauberge\/","url":"https:\/\/www.sources-hotels.com\/valdeloire\/de\/restaurants\/bar-lauberge\/","name":"Die Weinbar der Auberge | Les Sources de Cheverny","isPartOf":{"@id":"https:\/\/www.sources-hotels.com\/valdeloire\/de\/#website"},"datePublished":"2024-12-30T15:50:44+00:00","dateModified":"2026-02-20T10:25:40+00:00","description":"Die Bar der Auberge bietet ein elegantes Weinerlebnis \u2013 perfekt f\u00fcr Kenner, die das reiche Weinerbe der Loire sch\u00e4tzen.","breadcrumb":{"@id":"https:\/\/www.sources-hotels.com\/valdeloire\/de\/restaurants\/bar-lauberge\/#breadcrumb"},"inLanguage":"de-DE","potentialAction":[{"@type":"ReadAction","target":["https:\/\/www.sources-hotels.com\/valdeloire\/de\/restaurants\/bar-lauberge\/"]}]},{"@type":"BreadcrumbList","@id":"https:\/\/www.sources-hotels.com\/valdeloire\/de\/restaurants\/bar-lauberge\/#breadcrumb","itemListElement":[{"@type":"ListItem","position":1,"name":"Accueil","item":"https:\/\/www.sources-hotels.com\/valdeloire\/de\/"},{"@type":"ListItem","position":2,"name":"Restaurants","item":"https:\/\/www.sources-hotels.com\/valdeloire\/de\/restaurants\/"},{"@type":"ListItem","position":3,"name":"Bar von L\u2019Auberge"}]},{"@type":"WebSite","@id":"https:\/\/www.sources-hotels.com\/valdeloire\/de\/#website","url":"https:\/\/www.sources-hotels.com\/valdeloire\/de\/","name":"Les Sources de Cheverny","description":"","publisher":{"@id":"https:\/\/www.sources-hotels.com\/valdeloire\/de\/#organization"},"potentialAction":[{"@type":"SearchAction","target":{"@type":"EntryPoint","urlTemplate":"https:\/\/www.sources-hotels.com\/valdeloire\/de\/?s={search_term_string}"},"query-input":{"@type":"PropertyValueSpecification","valueRequired":true,"valueName":"search_term_string"}}],"inLanguage":"de-DE"},{"@type":"Organization","@id":"https:\/\/www.sources-hotels.com\/valdeloire\/de\/#organization","name":"Les Sources de Cheverny","url":"https:\/\/www.sources-hotels.com\/valdeloire\/de\/","logo":{"@type":"ImageObject","inLanguage":"de-DE","@id":"https:\/\/www.sources-hotels.com\/valdeloire\/de\/#\/schema\/logo\/image\/","url":"https:\/\/www.sources-hotels.com\/valdeloire\/wp-content\/uploads\/sites\/4\/2025\/03\/logo-cheverny.png","contentUrl":"https:\/\/www.sources-hotels.com\/valdeloire\/wp-content\/uploads\/sites\/4\/2025\/03\/logo-cheverny.png","width":696,"height":291,"caption":"Les Sources de Cheverny"},"image":{"@id":"https:\/\/www.sources-hotels.com\/valdeloire\/de\/#\/schema\/logo\/image\/"}}]}},"_links":{"self":[{"href":"https:\/\/www.sources-hotels.com\/valdeloire\/de\/wp-json\/wp\/v2\/pages\/3290","targetHints":{"allow":["GET"]}}],"collection":[{"href":"https:\/\/www.sources-hotels.com\/valdeloire\/de\/wp-json\/wp\/v2\/pages"}],"about":[{"href":"https:\/\/www.sources-hotels.com\/valdeloire\/de\/wp-json\/wp\/v2\/types\/page"}],"author":[{"embeddable":true,"href":"https:\/\/www.sources-hotels.com\/valdeloire\/de\/wp-json\/wp\/v2\/users\/1"}],"replies":[{"embeddable":true,"href":"https:\/\/www.sources-hotels.com\/valdeloire\/de\/wp-json\/wp\/v2\/comments?post=3290"}],"version-history":[{"count":7,"href":"https:\/\/www.sources-hotels.com\/valdeloire\/de\/wp-json\/wp\/v2\/pages\/3290\/revisions"}],"predecessor-version":[{"id":5182,"href":"https:\/\/www.sources-hotels.com\/valdeloire\/de\/wp-json\/wp\/v2\/pages\/3290\/revisions\/5182"}],"up":[{"embeddable":true,"href":"https:\/\/www.sources-hotels.com\/valdeloire\/de\/wp-json\/wp\/v2\/pages\/3287"}],"wp:attachment":[{"href":"https:\/\/www.sources-hotels.com\/valdeloire\/de\/wp-json\/wp\/v2\/media?parent=3290"}],"wp:term":[{"taxonomy":"hotels","embeddable":true,"href":"https:\/\/www.sources-hotels.com\/valdeloire\/de\/wp-json\/wp\/v2\/hotels?post=3290"},{"taxonomy":"doc_cat","embeddable":true,"href":"https:\/\/www.sources-hotels.com\/valdeloire\/de\/wp-json\/wp\/v2\/doc_cat?post=3290"}],"curies":[{"name":"wp","href":"https:\/\/api.w.org\/{rel}","templated":true}]}}