{"id":3291,"date":"2024-12-30T17:26:41","date_gmt":"2024-12-30T16:26:41","guid":{"rendered":"https:\/\/www.sources-hotels.com\/valdeloire\/?page_id=3291"},"modified":"2025-05-21T10:26:54","modified_gmt":"2025-05-21T08:26:54","slug":"wellness","status":"publish","type":"page","link":"https:\/\/www.sources-hotels.com\/valdeloire\/de\/wellness\/","title":{"rendered":"Wellness"},"content":{"rendered":"\n<section class=\"custom-block block--header h-[206rem] text-center text-white overflow-hidden pt-[100rem] relative tablet:h-[700rem] tablet:pt-[420rem]\">\n\n    <h1>\n                            Spa by Caudalie            <\/h1>\n\n    \n    <span class=\"scroll-down hidden text-[12rem] tracking-[2rem] uppercase font-title cursor-pointer opacity-[64%] pb-[66rem] absolute left-2\/4 bottom-0 translate-x-[-50%] after:w-[1px] after:h-[50rem] after:bg-white after:opacity-[40%] after:absolute after:bottom-0 after:left-[50%] tablet:block\">\n        Mehr entdecken    <\/span>\n\n    <figure class=\"min-w-full min-h-full aspect-video overflow-hidden absolute top-2\/4 left-2\/4 translate-x-[-50%] translate-y-[-50%] z-[-1] before:bg-black before:opacity-[35%] before:mix-blend-multiply before:absolute before:top-0 before:left-0 before:right-0 before:bottom-0 before:z-[2]\">\n                    <img loading=\"lazy\" decoding=\"async\" width=\"1350\" height=\"900\" src=\"https:\/\/www.sources-hotels.com\/valdeloire\/wp-content\/uploads\/sites\/4\/2025\/01\/LesSourcesDeCheverny_AccueilSpaByCaudalie_\u00a9itshenriette_Juin2024-5-1350x900.jpg\" class=\"h-full w-full object-cover object-center\" alt=\"Spa by Caudalie Val de Loire\" srcset=\"https:\/\/www.sources-hotels.com\/valdeloire\/wp-content\/uploads\/sites\/4\/2025\/01\/LesSourcesDeCheverny_AccueilSpaByCaudalie_\u00a9itshenriette_Juin2024-5-1350x900.jpg 1350w, https:\/\/www.sources-hotels.com\/valdeloire\/wp-content\/uploads\/sites\/4\/2025\/01\/LesSourcesDeCheverny_AccueilSpaByCaudalie_\u00a9itshenriette_Juin2024-5-300x200.jpg 300w, https:\/\/www.sources-hotels.com\/valdeloire\/wp-content\/uploads\/sites\/4\/2025\/01\/LesSourcesDeCheverny_AccueilSpaByCaudalie_\u00a9itshenriette_Juin2024-5-1024x683.jpg 1024w, https:\/\/www.sources-hotels.com\/valdeloire\/wp-content\/uploads\/sites\/4\/2025\/01\/LesSourcesDeCheverny_AccueilSpaByCaudalie_\u00a9itshenriette_Juin2024-5-768x512.jpg 768w, https:\/\/www.sources-hotels.com\/valdeloire\/wp-content\/uploads\/sites\/4\/2025\/01\/LesSourcesDeCheverny_AccueilSpaByCaudalie_\u00a9itshenriette_Juin2024-5-1536x1024.jpg 1536w, https:\/\/www.sources-hotels.com\/valdeloire\/wp-content\/uploads\/sites\/4\/2025\/01\/LesSourcesDeCheverny_AccueilSpaByCaudalie_\u00a9itshenriette_Juin2024-5-2048x1365.jpg 2048w, https:\/\/www.sources-hotels.com\/valdeloire\/wp-content\/uploads\/sites\/4\/2025\/01\/LesSourcesDeCheverny_AccueilSpaByCaudalie_\u00a9itshenriette_Juin2024-5-1260x840.jpg 1260w, https:\/\/www.sources-hotels.com\/valdeloire\/wp-content\/uploads\/sites\/4\/2025\/01\/LesSourcesDeCheverny_AccueilSpaByCaudalie_\u00a9itshenriette_Juin2024-5-450x300.jpg 450w, https:\/\/www.sources-hotels.com\/valdeloire\/wp-content\/uploads\/sites\/4\/2025\/01\/LesSourcesDeCheverny_AccueilSpaByCaudalie_\u00a9itshenriette_Juin2024-5-465x310.jpg 465w, https:\/\/www.sources-hotels.com\/valdeloire\/wp-content\/uploads\/sites\/4\/2025\/01\/LesSourcesDeCheverny_AccueilSpaByCaudalie_\u00a9itshenriette_Juin2024-5-630x420.jpg 630w, https:\/\/www.sources-hotels.com\/valdeloire\/wp-content\/uploads\/sites\/4\/2025\/01\/LesSourcesDeCheverny_AccueilSpaByCaudalie_\u00a9itshenriette_Juin2024-5-966x644.jpg 966w, https:\/\/www.sources-hotels.com\/valdeloire\/wp-content\/uploads\/sites\/4\/2025\/01\/LesSourcesDeCheverny_AccueilSpaByCaudalie_\u00a9itshenriette_Juin2024-5-750x500.jpg 750w, https:\/\/www.sources-hotels.com\/valdeloire\/wp-content\/uploads\/sites\/4\/2025\/01\/LesSourcesDeCheverny_AccueilSpaByCaudalie_\u00a9itshenriette_Juin2024-5-1020x680.jpg 1020w, https:\/\/www.sources-hotels.com\/valdeloire\/wp-content\/uploads\/sites\/4\/2025\/01\/LesSourcesDeCheverny_AccueilSpaByCaudalie_\u00a9itshenriette_Juin2024-5-690x460.jpg 690w, https:\/\/www.sources-hotels.com\/valdeloire\/wp-content\/uploads\/sites\/4\/2025\/01\/LesSourcesDeCheverny_AccueilSpaByCaudalie_\u00a9itshenriette_Juin2024-5-640x427.jpg 640w, https:\/\/www.sources-hotels.com\/valdeloire\/wp-content\/uploads\/sites\/4\/2025\/01\/LesSourcesDeCheverny_AccueilSpaByCaudalie_\u00a9itshenriette_Juin2024-5-420x280.jpg 420w\" sizes=\"auto, (max-width: 1350px) 100vw, 1350px\" \/>            <\/figure>\n    \n<\/section>\n\n    \n\n\n<section class=\"custom-block block--restaurant-details\">\n  <div class=\"row-details row-1\">\n          <div class=\"hour icon-text\">\n        <svg width=\"20\" height=\"20\" viewBox=\"0 0 20 20\" fill=\"none\"><use xlink:href=\"#clock\"\/><\/svg><p>Zutritt mit Reservierung<br \/>\nGe\u00f6ffnet von Montag bis Donnerstag: 10\u201319 Uhr<br \/>\nFreitag und Samstag: 10\u201320 Uhr<br \/>\nSonntag: 10\u201319 Uhr<\/p>\n      <\/div>\n        \n          <div class=\"phone icon-text\">T\u00e9l : <a href=\"tel:+33 (0)2 54 44 30 40\">+33 (0)2 54 44 30 40<\/a><\/div>\n      <\/div>\n      <div class=\"row-details row-2\">\n              <div class=\"link-details\">\n            <a href=\"https:\/\/www.sources-hotels.com\/valdeloire\/wp-content\/uploads\/sites\/4\/2025\/01\/LesSourcesDeCheverny_BrochureSpa-1-web.pdf\"  target=\"_blank\" class=\"cta-resto-details\" >\n          <span class=\"picto\"><svg width=\"14\" height=\"13\" viewBox=\"0 0 14 13\" fill=\"none\"><use xlink:href=\"#download\"\/><\/svg><\/span>\n        Broschure (auf English)  <\/a>\n        <\/div>\n              <div class=\"link-details\">\n            <a href=\"https:\/\/www.sources-hotels.com\/valdeloire\/de\/formulaire-spa\/\"  target=\"_blank\" class=\"cta-resto-details\" >\n          <span class=\"picto\"><svg width=\"14\" height=\"13\" viewBox=\"0 0 14 13\" fill=\"none\"><use xlink:href=\"#download\"\/><\/svg><\/span>\n        Kontakt  <\/a>\n        <\/div>\n              <div class=\"link-details\">\n                  <\/div>\n          <\/div>\n  <\/section>\n\n\n<section class=\"custom-block block--cooking-classes bg-white\">\n\n            <h2 class=\"block-title\">Spa By Caudalie<\/h2>\n    \n    <div class=\"content-wrapper picture-left\">\n\n        <div class=\"text\">\n\n                            <h4 class=\"subtitle\">Eine Oase der Entspannung und des Wohlbefindens<\/h4>\n            \n                            <div class=\"content rte\">\n                    <p><span style=\"font-weight: 400\">Nur wenige Schritte vom sanften Rascheln des Waldes entfernt erwartet Sie das Spa by Caudalie.<\/span><\/p>\n<p><span style=\"font-weight: 400\">Unter einem\u00a0pr\u00e4chtigen Holzdach\u00a0mit herrlichem Blick auf die umliegende Natur versprechen ein\u00a0Entspannungsbecken\u00a0und ein\u00a0Hammam\u00a0unendlich lange Momente der Ruhe.<\/span><\/p>\n<p><span style=\"font-weight: 400\">Im Au\u00dfenbereich laden ein\u00a0Whirlpool\u00a0aus Eichenholz und warmes Thermalwasser zum Loslassen ein.\u00a0<\/span><\/p>\n<p><span style=\"text-decoration: underline\">Unsere Ausstattung<\/span> :<span style=\"font-weight: 400\"><br \/>\n<\/span><span style=\"font-weight: 400\">Entspannungsbecken<\/span><br \/>\n<span style=\"font-weight: 400\">Hammam<\/span><br \/>\n<span style=\"font-weight: 400\">Au\u00dfen-Whirlpool<br \/>\nSonnenliegen<br \/>\nKr\u00e4utertees und frisches Wasser zur freien Verf\u00fcgung<\/span><\/p>\n                <\/div>\n            \n            \n                            <div class=\"legend\">\n                    <p><em><span style=\"font-weight: 400\">Zum Wohlbefinden unserer Kurg\u00e4ste sind die Einrichtungen des Spa by Caudalie G\u00e4sten ab 16 Jahren zug\u00e4nglich \u2013 entweder mit einer gebuchten Behandlung oder mit einem 2-st\u00fcndigen Zugang zum Entspannungsbecken und Hammam (nach Verf\u00fcgbarkeit, 42\u202f\u20ac\/Pers.).<\/span><\/em><\/p>\n<p><em>Zum Erhalt der Ruhe im Spa sind Haustiere nicht gestattet.<\/em><\/p>\n                <\/div>\n            \n            \n            \n        <\/div>\n        <div class=\"relative\">\n            <figure class=\"image\">\n                <img loading=\"lazy\" decoding=\"async\" width=\"630\" height=\"420\" src=\"https:\/\/www.sources-hotels.com\/valdeloire\/wp-content\/uploads\/sites\/4\/2024\/12\/LesSourcesDeCheverny_BassinInterieur_\u00a9MPMorel_2021-1_renamed_4123-630x420.jpg\" class=\"h-full w-full object-cover object-center\" alt=\"Spa by Caudalie Val de Loire\" srcset=\"https:\/\/www.sources-hotels.com\/valdeloire\/wp-content\/uploads\/sites\/4\/2024\/12\/LesSourcesDeCheverny_BassinInterieur_\u00a9MPMorel_2021-1_renamed_4123-630x420.jpg 630w, https:\/\/www.sources-hotels.com\/valdeloire\/wp-content\/uploads\/sites\/4\/2024\/12\/LesSourcesDeCheverny_BassinInterieur_\u00a9MPMorel_2021-1_renamed_4123-300x200.jpg 300w, https:\/\/www.sources-hotels.com\/valdeloire\/wp-content\/uploads\/sites\/4\/2024\/12\/LesSourcesDeCheverny_BassinInterieur_\u00a9MPMorel_2021-1_renamed_4123-1024x683.jpg 1024w, https:\/\/www.sources-hotels.com\/valdeloire\/wp-content\/uploads\/sites\/4\/2024\/12\/LesSourcesDeCheverny_BassinInterieur_\u00a9MPMorel_2021-1_renamed_4123-768x512.jpg 768w, https:\/\/www.sources-hotels.com\/valdeloire\/wp-content\/uploads\/sites\/4\/2024\/12\/LesSourcesDeCheverny_BassinInterieur_\u00a9MPMorel_2021-1_renamed_4123-450x300.jpg 450w, https:\/\/www.sources-hotels.com\/valdeloire\/wp-content\/uploads\/sites\/4\/2024\/12\/LesSourcesDeCheverny_BassinInterieur_\u00a9MPMorel_2021-1_renamed_4123-465x310.jpg 465w, https:\/\/www.sources-hotels.com\/valdeloire\/wp-content\/uploads\/sites\/4\/2024\/12\/LesSourcesDeCheverny_BassinInterieur_\u00a9MPMorel_2021-1_renamed_4123-966x644.jpg 966w, https:\/\/www.sources-hotels.com\/valdeloire\/wp-content\/uploads\/sites\/4\/2024\/12\/LesSourcesDeCheverny_BassinInterieur_\u00a9MPMorel_2021-1_renamed_4123-750x500.jpg 750w, https:\/\/www.sources-hotels.com\/valdeloire\/wp-content\/uploads\/sites\/4\/2024\/12\/LesSourcesDeCheverny_BassinInterieur_\u00a9MPMorel_2021-1_renamed_4123-1020x680.jpg 1020w, https:\/\/www.sources-hotels.com\/valdeloire\/wp-content\/uploads\/sites\/4\/2024\/12\/LesSourcesDeCheverny_BassinInterieur_\u00a9MPMorel_2021-1_renamed_4123-690x460.jpg 690w, https:\/\/www.sources-hotels.com\/valdeloire\/wp-content\/uploads\/sites\/4\/2024\/12\/LesSourcesDeCheverny_BassinInterieur_\u00a9MPMorel_2021-1_renamed_4123-640x427.jpg 640w, https:\/\/www.sources-hotels.com\/valdeloire\/wp-content\/uploads\/sites\/4\/2024\/12\/LesSourcesDeCheverny_BassinInterieur_\u00a9MPMorel_2021-1_renamed_4123-420x280.jpg 420w, https:\/\/www.sources-hotels.com\/valdeloire\/wp-content\/uploads\/sites\/4\/2024\/12\/LesSourcesDeCheverny_BassinInterieur_\u00a9MPMorel_2021-1_renamed_4123.jpg 1231w\" sizes=\"auto, (max-width: 630px) 100vw, 630px\" \/>            <\/figure>\n                    <\/div>\n    <\/div>\n\n<\/section>\n\n\n<section class=\"custom-block block--cooking-classes bg-primary\">\n\n            <h2 class=\"block-title\">Caudalie-Behandlungen<\/h2>\n    \n    <div class=\"content-wrapper picture-right\">\n\n        <div class=\"text\">\n\n                            <h4 class=\"subtitle\">Die Kraft der Traube im Zentrum unserer Pflege<\/h4>\n            \n                            <div class=\"content rte\">\n                    <p><span style=\"font-weight: 400\">Entdecken Sie die Gesichts- und K\u00f6rperbehandlungen von Caudalie. Unser Team aus erfahrenen Therapeutinnen l\u00e4dt Sie ein, unvergleichliches Wohlbefinden zu erleben \u2013 mit Packungen, Massagen und exklusiven Sch\u00f6nheitsritualen, die antioxidative und anti-aging Wirkstoffe aus Traubenkernen enthalten.<\/span><\/p>\n<p>Jedes Pflegeritual wird mit h\u00f6chstem Anspruch entwickelt. Je nach Ihrem Hautbed\u00fcrfnis \u2013 Strahlkraft, Anti-Aging, Straffung, Detox oder Silhouette \u2013 finden Sie die passende Behandlung. Alle Anwendungen zeigen sichtbare Ergebnisse bereits nach der ersten Sitzung.<\/p>\n<p>Lassen Sie sich von den ge\u00fcbten H\u00e4nden unserer Therapeutinnen verw\u00f6hnen und genie\u00dfen Sie au\u00dfergew\u00f6hnliche Massagen.<\/p>\n                <\/div>\n            \n            \n            \n            \n                            <div class=\"cta-wrapper\">\n                      <a href=\"https:\/\/lessources-booking.myasterio.com\/betemplate\/BE_SPA_CHE\/catalogWellness?_ast_buId=210&amp;kml_code=LESSOURCES\"  target=\"_blank\" class=\"button\" >\n        Behandlung buchen  <\/a>\n                <\/div>\n            \n        <\/div>\n        <div class=\"relative\">\n            <figure class=\"image\">\n                <img loading=\"lazy\" decoding=\"async\" width=\"656\" height=\"771\" src=\"https:\/\/www.sources-hotels.com\/valdeloire\/wp-content\/uploads\/sites\/4\/2025\/01\/5385-FACIAL-TREATMENT_2.jpg\" class=\"h-full w-full object-cover object-center\" alt=\"Spa by Caudalie Val de Loire\" srcset=\"https:\/\/www.sources-hotels.com\/valdeloire\/wp-content\/uploads\/sites\/4\/2025\/01\/5385-FACIAL-TREATMENT_2.jpg 656w, https:\/\/www.sources-hotels.com\/valdeloire\/wp-content\/uploads\/sites\/4\/2025\/01\/5385-FACIAL-TREATMENT_2-255x300.jpg 255w\" sizes=\"auto, (max-width: 656px) 100vw, 656px\" \/>            <\/figure>\n                    <\/div>\n    <\/div>\n\n<\/section>","protected":false},"excerpt":{"rendered":"","protected":false},"author":1,"featured_media":0,"parent":0,"menu_order":0,"comment_status":"closed","ping_status":"closed","template":"","meta":{"_acf_changed":false,"footnotes":""},"hotels":[],"doc_cat":[],"class_list":["post-3291","page","type-page","status-publish","hentry"],"acf":[],"yoast_head":"<!-- This site is optimized with the Yoast SEO plugin v25.6 - https:\/\/yoast.com\/wordpress\/plugins\/seo\/ -->\n<title>Wellness bei den Loire-Schl\u00f6ssern | Les Sources de Cheverny<\/title>\n<meta name=\"description\" content=\"Entdecken Sie das Spa by Caudalie in Cheverny \u2013 eine Oase aus Wohlbefinden und Eleganz im Herzen der Loire-Schl\u00f6sser f\u00fcr ein unvergleichliches Luxus-Erlebnis.\" \/>\n<meta name=\"robots\" content=\"index, follow, max-snippet:-1, max-image-preview:large, max-video-preview:-1\" \/>\n<link rel=\"canonical\" href=\"https:\/\/www.sources-hotels.com\/valdeloire\/de\/wellness\/\" \/>\n<meta property=\"og:locale\" content=\"de_DE\" \/>\n<meta property=\"og:type\" content=\"article\" \/>\n<meta property=\"og:title\" content=\"Wellness bei den Loire-Schl\u00f6ssern | Les Sources de Cheverny\" \/>\n<meta property=\"og:description\" content=\"Entdecken Sie das Spa by Caudalie in Cheverny \u2013 eine Oase aus Wohlbefinden und Eleganz im Herzen der Loire-Schl\u00f6sser f\u00fcr ein unvergleichliches Luxus-Erlebnis.\" \/>\n<meta property=\"og:url\" content=\"https:\/\/www.sources-hotels.com\/valdeloire\/de\/wellness\/\" \/>\n<meta property=\"og:site_name\" content=\"Les Sources de Cheverny\" \/>\n<meta property=\"article:modified_time\" content=\"2025-05-21T08:26:54+00:00\" \/>\n<meta name=\"twitter:card\" content=\"summary_large_image\" \/>\n<script type=\"application\/ld+json\" class=\"yoast-schema-graph\">{\"@context\":\"https:\/\/schema.org\",\"@graph\":[{\"@type\":\"WebPage\",\"@id\":\"https:\/\/www.sources-hotels.com\/valdeloire\/de\/wellness\/\",\"url\":\"https:\/\/www.sources-hotels.com\/valdeloire\/de\/wellness\/\",\"name\":\"Wellness bei den Loire-Schl\u00f6ssern | Les Sources de Cheverny\",\"isPartOf\":{\"@id\":\"https:\/\/www.sources-hotels.com\/valdeloire\/de\/#website\"},\"datePublished\":\"2024-12-30T16:26:41+00:00\",\"dateModified\":\"2025-05-21T08:26:54+00:00\",\"description\":\"Entdecken Sie das Spa by Caudalie in Cheverny \u2013 eine Oase aus Wohlbefinden und Eleganz im Herzen der Loire-Schl\u00f6sser f\u00fcr ein unvergleichliches Luxus-Erlebnis.\",\"breadcrumb\":{\"@id\":\"https:\/\/www.sources-hotels.com\/valdeloire\/de\/wellness\/#breadcrumb\"},\"inLanguage\":\"de-DE\",\"potentialAction\":[{\"@type\":\"ReadAction\",\"target\":[\"https:\/\/www.sources-hotels.com\/valdeloire\/de\/wellness\/\"]}]},{\"@type\":\"BreadcrumbList\",\"@id\":\"https:\/\/www.sources-hotels.com\/valdeloire\/de\/wellness\/#breadcrumb\",\"itemListElement\":[{\"@type\":\"ListItem\",\"position\":1,\"name\":\"Accueil\",\"item\":\"https:\/\/www.sources-hotels.com\/valdeloire\/de\/\"},{\"@type\":\"ListItem\",\"position\":2,\"name\":\"Wellness\"}]},{\"@type\":\"WebSite\",\"@id\":\"https:\/\/www.sources-hotels.com\/valdeloire\/de\/#website\",\"url\":\"https:\/\/www.sources-hotels.com\/valdeloire\/de\/\",\"name\":\"Les Sources de Cheverny\",\"description\":\"\",\"publisher\":{\"@id\":\"https:\/\/www.sources-hotels.com\/valdeloire\/de\/#organization\"},\"potentialAction\":[{\"@type\":\"SearchAction\",\"target\":{\"@type\":\"EntryPoint\",\"urlTemplate\":\"https:\/\/www.sources-hotels.com\/valdeloire\/de\/?s={search_term_string}\"},\"query-input\":{\"@type\":\"PropertyValueSpecification\",\"valueRequired\":true,\"valueName\":\"search_term_string\"}}],\"inLanguage\":\"de-DE\"},{\"@type\":\"Organization\",\"@id\":\"https:\/\/www.sources-hotels.com\/valdeloire\/de\/#organization\",\"name\":\"Les Sources de Cheverny\",\"url\":\"https:\/\/www.sources-hotels.com\/valdeloire\/de\/\",\"logo\":{\"@type\":\"ImageObject\",\"inLanguage\":\"de-DE\",\"@id\":\"https:\/\/www.sources-hotels.com\/valdeloire\/de\/#\/schema\/logo\/image\/\",\"url\":\"https:\/\/www.sources-hotels.com\/valdeloire\/wp-content\/uploads\/sites\/4\/2025\/03\/logo-cheverny.png\",\"contentUrl\":\"https:\/\/www.sources-hotels.com\/valdeloire\/wp-content\/uploads\/sites\/4\/2025\/03\/logo-cheverny.png\",\"width\":696,\"height\":291,\"caption\":\"Les Sources de Cheverny\"},\"image\":{\"@id\":\"https:\/\/www.sources-hotels.com\/valdeloire\/de\/#\/schema\/logo\/image\/\"}}]}<\/script>\n<!-- \/ Yoast SEO plugin. -->","yoast_head_json":{"title":"Wellness bei den Loire-Schl\u00f6ssern | Les Sources de Cheverny","description":"Entdecken Sie das Spa by Caudalie in Cheverny \u2013 eine Oase aus Wohlbefinden und Eleganz im Herzen der Loire-Schl\u00f6sser f\u00fcr ein unvergleichliches Luxus-Erlebnis.","robots":{"index":"index","follow":"follow","max-snippet":"max-snippet:-1","max-image-preview":"max-image-preview:large","max-video-preview":"max-video-preview:-1"},"canonical":"https:\/\/www.sources-hotels.com\/valdeloire\/de\/wellness\/","og_locale":"de_DE","og_type":"article","og_title":"Wellness bei den Loire-Schl\u00f6ssern | Les Sources de Cheverny","og_description":"Entdecken Sie das Spa by Caudalie in Cheverny \u2013 eine Oase aus Wohlbefinden und Eleganz im Herzen der Loire-Schl\u00f6sser f\u00fcr ein unvergleichliches Luxus-Erlebnis.","og_url":"https:\/\/www.sources-hotels.com\/valdeloire\/de\/wellness\/","og_site_name":"Les Sources de Cheverny","article_modified_time":"2025-05-21T08:26:54+00:00","twitter_card":"summary_large_image","schema":{"@context":"https:\/\/schema.org","@graph":[{"@type":"WebPage","@id":"https:\/\/www.sources-hotels.com\/valdeloire\/de\/wellness\/","url":"https:\/\/www.sources-hotels.com\/valdeloire\/de\/wellness\/","name":"Wellness bei den Loire-Schl\u00f6ssern | Les Sources de Cheverny","isPartOf":{"@id":"https:\/\/www.sources-hotels.com\/valdeloire\/de\/#website"},"datePublished":"2024-12-30T16:26:41+00:00","dateModified":"2025-05-21T08:26:54+00:00","description":"Entdecken Sie das Spa by Caudalie in Cheverny \u2013 eine Oase aus Wohlbefinden und Eleganz im Herzen der Loire-Schl\u00f6sser f\u00fcr ein unvergleichliches Luxus-Erlebnis.","breadcrumb":{"@id":"https:\/\/www.sources-hotels.com\/valdeloire\/de\/wellness\/#breadcrumb"},"inLanguage":"de-DE","potentialAction":[{"@type":"ReadAction","target":["https:\/\/www.sources-hotels.com\/valdeloire\/de\/wellness\/"]}]},{"@type":"BreadcrumbList","@id":"https:\/\/www.sources-hotels.com\/valdeloire\/de\/wellness\/#breadcrumb","itemListElement":[{"@type":"ListItem","position":1,"name":"Accueil","item":"https:\/\/www.sources-hotels.com\/valdeloire\/de\/"},{"@type":"ListItem","position":2,"name":"Wellness"}]},{"@type":"WebSite","@id":"https:\/\/www.sources-hotels.com\/valdeloire\/de\/#website","url":"https:\/\/www.sources-hotels.com\/valdeloire\/de\/","name":"Les Sources de Cheverny","description":"","publisher":{"@id":"https:\/\/www.sources-hotels.com\/valdeloire\/de\/#organization"},"potentialAction":[{"@type":"SearchAction","target":{"@type":"EntryPoint","urlTemplate":"https:\/\/www.sources-hotels.com\/valdeloire\/de\/?s={search_term_string}"},"query-input":{"@type":"PropertyValueSpecification","valueRequired":true,"valueName":"search_term_string"}}],"inLanguage":"de-DE"},{"@type":"Organization","@id":"https:\/\/www.sources-hotels.com\/valdeloire\/de\/#organization","name":"Les Sources de Cheverny","url":"https:\/\/www.sources-hotels.com\/valdeloire\/de\/","logo":{"@type":"ImageObject","inLanguage":"de-DE","@id":"https:\/\/www.sources-hotels.com\/valdeloire\/de\/#\/schema\/logo\/image\/","url":"https:\/\/www.sources-hotels.com\/valdeloire\/wp-content\/uploads\/sites\/4\/2025\/03\/logo-cheverny.png","contentUrl":"https:\/\/www.sources-hotels.com\/valdeloire\/wp-content\/uploads\/sites\/4\/2025\/03\/logo-cheverny.png","width":696,"height":291,"caption":"Les Sources de Cheverny"},"image":{"@id":"https:\/\/www.sources-hotels.com\/valdeloire\/de\/#\/schema\/logo\/image\/"}}]}},"_links":{"self":[{"href":"https:\/\/www.sources-hotels.com\/valdeloire\/de\/wp-json\/wp\/v2\/pages\/3291","targetHints":{"allow":["GET"]}}],"collection":[{"href":"https:\/\/www.sources-hotels.com\/valdeloire\/de\/wp-json\/wp\/v2\/pages"}],"about":[{"href":"https:\/\/www.sources-hotels.com\/valdeloire\/de\/wp-json\/wp\/v2\/types\/page"}],"author":[{"embeddable":true,"href":"https:\/\/www.sources-hotels.com\/valdeloire\/de\/wp-json\/wp\/v2\/users\/1"}],"replies":[{"embeddable":true,"href":"https:\/\/www.sources-hotels.com\/valdeloire\/de\/wp-json\/wp\/v2\/comments?post=3291"}],"version-history":[{"count":9,"href":"https:\/\/www.sources-hotels.com\/valdeloire\/de\/wp-json\/wp\/v2\/pages\/3291\/revisions"}],"predecessor-version":[{"id":3975,"href":"https:\/\/www.sources-hotels.com\/valdeloire\/de\/wp-json\/wp\/v2\/pages\/3291\/revisions\/3975"}],"wp:attachment":[{"href":"https:\/\/www.sources-hotels.com\/valdeloire\/de\/wp-json\/wp\/v2\/media?parent=3291"}],"wp:term":[{"taxonomy":"hotels","embeddable":true,"href":"https:\/\/www.sources-hotels.com\/valdeloire\/de\/wp-json\/wp\/v2\/hotels?post=3291"},{"taxonomy":"doc_cat","embeddable":true,"href":"https:\/\/www.sources-hotels.com\/valdeloire\/de\/wp-json\/wp\/v2\/doc_cat?post=3291"}],"curies":[{"name":"wp","href":"https:\/\/api.w.org\/{rel}","templated":true}]}}