{"id":3294,"date":"2025-01-02T12:34:09","date_gmt":"2025-01-02T11:34:09","guid":{"rendered":"https:\/\/www.sources-hotels.com\/valdeloire\/?page_id=3294"},"modified":"2025-06-03T09:59:48","modified_gmt":"2025-06-03T07:59:48","slug":"schlosser-loire","status":"publish","type":"page","link":"https:\/\/www.sources-hotels.com\/valdeloire\/de\/aktivitaeten\/schlosser-loire\/","title":{"rendered":"Schl\u00f6sser der Loire"},"content":{"rendered":"\n<section class=\"custom-block block--header h-[206rem] text-center text-white overflow-hidden pt-[100rem] relative tablet:h-[700rem] tablet:pt-[420rem]\">\n\n    <h1>\n                            Schl\u00f6sser der Loire            <\/h1>\n\n    \n    <span class=\"scroll-down hidden text-[12rem] tracking-[2rem] uppercase font-title cursor-pointer opacity-[64%] pb-[66rem] absolute left-2\/4 bottom-0 translate-x-[-50%] after:w-[1px] after:h-[50rem] after:bg-white after:opacity-[40%] after:absolute after:bottom-0 after:left-[50%] tablet:block\">\n        Mehr entdecken    <\/span>\n\n    <figure class=\"min-w-full min-h-full aspect-video overflow-hidden absolute top-2\/4 left-2\/4 translate-x-[-50%] translate-y-[-50%] z-[-1] before:bg-black before:opacity-[35%] before:mix-blend-multiply before:absolute before:top-0 before:left-0 before:right-0 before:bottom-0 before:z-[2]\">\n                    <img loading=\"lazy\" decoding=\"async\" width=\"1920\" height=\"1440\" src=\"https:\/\/www.sources-hotels.com\/valdeloire\/wp-content\/uploads\/sites\/4\/2025\/01\/domaine-de-cheverny-loire-199010_1920.jpg\" class=\"h-full w-full object-cover object-center\" alt=\"\" srcset=\"https:\/\/www.sources-hotels.com\/valdeloire\/wp-content\/uploads\/sites\/4\/2025\/01\/domaine-de-cheverny-loire-199010_1920.jpg 1920w, https:\/\/www.sources-hotels.com\/valdeloire\/wp-content\/uploads\/sites\/4\/2025\/01\/domaine-de-cheverny-loire-199010_1920-300x225.jpg 300w, https:\/\/www.sources-hotels.com\/valdeloire\/wp-content\/uploads\/sites\/4\/2025\/01\/domaine-de-cheverny-loire-199010_1920-1024x768.jpg 1024w, https:\/\/www.sources-hotels.com\/valdeloire\/wp-content\/uploads\/sites\/4\/2025\/01\/domaine-de-cheverny-loire-199010_1920-768x576.jpg 768w, https:\/\/www.sources-hotels.com\/valdeloire\/wp-content\/uploads\/sites\/4\/2025\/01\/domaine-de-cheverny-loire-199010_1920-1536x1152.jpg 1536w, https:\/\/www.sources-hotels.com\/valdeloire\/wp-content\/uploads\/sites\/4\/2025\/01\/domaine-de-cheverny-loire-199010_1920-1533x1150.jpg 1533w\" sizes=\"auto, (max-width: 1920px) 100vw, 1920px\" \/>            <\/figure>\n    \n<\/section>\n\n    \n\n\n<section class=\"custom-block block--cooking-classes bg-white\">\n\n            <h2 class=\"block-title\">Ch\u00e2teau de Cheverny<\/h2>\n    \n    <div class=\"content-wrapper picture-right\">\n\n        <div class=\"text\">\n\n            \n                            <div class=\"content rte\">\n                    <p><span style=\"font-weight: 400;\">Nur wenige Minuten von Les Sources de Cheverny entfernt, ist dieses Schloss seit \u00fcber sechs Jahrhunderten im Besitz derselben Familie. Es bietet sechs thematische G\u00e4rten, ein Labyrinth und eine 3D-Tintin-Ausstellung \u2013 ideal f\u00fcr Familien.\u200b <\/span><\/p>\n<p><em>Eintritt: 15 \u20ac pro Erwachsener \u2013 11 \u20ac erm\u00e4\u00dfigter Tarif \u2013 kostenlos f\u00fcr Kinder unter 7 Jahren<\/em><\/p>\n                <\/div>\n            \n            \n            \n            \n                            <div class=\"cta-wrapper\">\n                      <a href=\"https:\/\/www.chateau-cheverny.fr\/\"  target=\"_blank\" class=\"button\" >\n        Mehr erfahren  <\/a>\n                <\/div>\n            \n        <\/div>\n        <div class=\"relative\">\n            <figure class=\"image\">\n                <img loading=\"lazy\" decoding=\"async\" width=\"630\" height=\"392\" src=\"https:\/\/www.sources-hotels.com\/valdeloire\/wp-content\/uploads\/sites\/4\/2025\/01\/domaine-de-cheverny-loire-199010_1920-1140x710-1-630x392.jpg\" class=\"h-full w-full object-cover object-center\" alt=\"\" srcset=\"https:\/\/www.sources-hotels.com\/valdeloire\/wp-content\/uploads\/sites\/4\/2025\/01\/domaine-de-cheverny-loire-199010_1920-1140x710-1-630x392.jpg 630w, https:\/\/www.sources-hotels.com\/valdeloire\/wp-content\/uploads\/sites\/4\/2025\/01\/domaine-de-cheverny-loire-199010_1920-1140x710-1-300x187.jpg 300w, https:\/\/www.sources-hotels.com\/valdeloire\/wp-content\/uploads\/sites\/4\/2025\/01\/domaine-de-cheverny-loire-199010_1920-1140x710-1-1024x638.jpg 1024w, https:\/\/www.sources-hotels.com\/valdeloire\/wp-content\/uploads\/sites\/4\/2025\/01\/domaine-de-cheverny-loire-199010_1920-1140x710-1-768x478.jpg 768w, https:\/\/www.sources-hotels.com\/valdeloire\/wp-content\/uploads\/sites\/4\/2025\/01\/domaine-de-cheverny-loire-199010_1920-1140x710-1-450x280.jpg 450w, https:\/\/www.sources-hotels.com\/valdeloire\/wp-content\/uploads\/sites\/4\/2025\/01\/domaine-de-cheverny-loire-199010_1920-1140x710-1-465x290.jpg 465w, https:\/\/www.sources-hotels.com\/valdeloire\/wp-content\/uploads\/sites\/4\/2025\/01\/domaine-de-cheverny-loire-199010_1920-1140x710-1-966x602.jpg 966w, https:\/\/www.sources-hotels.com\/valdeloire\/wp-content\/uploads\/sites\/4\/2025\/01\/domaine-de-cheverny-loire-199010_1920-1140x710-1-803x500.jpg 803w, https:\/\/www.sources-hotels.com\/valdeloire\/wp-content\/uploads\/sites\/4\/2025\/01\/domaine-de-cheverny-loire-199010_1920-1140x710-1-1092x680.jpg 1092w, https:\/\/www.sources-hotels.com\/valdeloire\/wp-content\/uploads\/sites\/4\/2025\/01\/domaine-de-cheverny-loire-199010_1920-1140x710-1-710x442.jpg 710w, https:\/\/www.sources-hotels.com\/valdeloire\/wp-content\/uploads\/sites\/4\/2025\/01\/domaine-de-cheverny-loire-199010_1920-1140x710-1-640x399.jpg 640w, https:\/\/www.sources-hotels.com\/valdeloire\/wp-content\/uploads\/sites\/4\/2025\/01\/domaine-de-cheverny-loire-199010_1920-1140x710-1-420x262.jpg 420w, https:\/\/www.sources-hotels.com\/valdeloire\/wp-content\/uploads\/sites\/4\/2025\/01\/domaine-de-cheverny-loire-199010_1920-1140x710-1.jpg 1140w\" sizes=\"auto, (max-width: 630px) 100vw, 630px\" \/>            <\/figure>\n                    <\/div>\n    <\/div>\n\n<\/section>\n\n\n<section class=\"custom-block block--cooking-classes bg-primary\">\n\n            <h2 class=\"block-title\">Ch\u00e2teau de Chambord<\/h2>\n    \n    <div class=\"content-wrapper picture-left\">\n\n        <div class=\"text\">\n\n            \n                            <div class=\"content rte\">\n                    <p><span style=\"font-weight: 400;\">Ein architektonisches Meisterwerk der Renaissance und UNESCO-Weltkulturerbe seit 1981. Der Park ist ein Naturschutzgebiet mit Wildschweinen und Hirschen. Rund 800 Hektar sind das ganze Jahr \u00fcber f\u00fcr Wander- und Radwege zug\u00e4nglich.\u200b <\/span><\/p>\n<p><em><span style=\"font-weight: 400;\">Empfohlene Besuchsdauer: 2 bis 3 Stunden<br \/>\nEintritt: 19\u20ac pro Erwachsener \u2013 16,5\u20ac erm\u00e4\u00dfigter Tarif \u2013 kostenlos f\u00fcr Kinder<\/span><\/em><b><br \/>\n<\/b><\/p>\n                <\/div>\n            \n            \n            \n            \n                            <div class=\"cta-wrapper\">\n                      <a href=\"https:\/\/www.chambord.org\/\"  target=\"_blank\" class=\"button\" >\n        Mehr erfahren  <\/a>\n                <\/div>\n            \n        <\/div>\n        <div class=\"relative\">\n            <figure class=\"image\">\n                <img loading=\"lazy\" decoding=\"async\" width=\"630\" height=\"472\" src=\"https:\/\/www.sources-hotels.com\/valdeloire\/wp-content\/uploads\/sites\/4\/2024\/12\/chateau-g249334e1b_1920-min-1-630x472.jpg\" class=\"h-full w-full object-cover object-center\" alt=\"\" srcset=\"https:\/\/www.sources-hotels.com\/valdeloire\/wp-content\/uploads\/sites\/4\/2024\/12\/chateau-g249334e1b_1920-min-1-630x472.jpg 630w, https:\/\/www.sources-hotels.com\/valdeloire\/wp-content\/uploads\/sites\/4\/2024\/12\/chateau-g249334e1b_1920-min-1-300x225.jpg 300w, https:\/\/www.sources-hotels.com\/valdeloire\/wp-content\/uploads\/sites\/4\/2024\/12\/chateau-g249334e1b_1920-min-1-1024x767.jpg 1024w, https:\/\/www.sources-hotels.com\/valdeloire\/wp-content\/uploads\/sites\/4\/2024\/12\/chateau-g249334e1b_1920-min-1-768x576.jpg 768w, https:\/\/www.sources-hotels.com\/valdeloire\/wp-content\/uploads\/sites\/4\/2024\/12\/chateau-g249334e1b_1920-min-1-1536x1151.jpg 1536w, https:\/\/www.sources-hotels.com\/valdeloire\/wp-content\/uploads\/sites\/4\/2024\/12\/chateau-g249334e1b_1920-min-1-1260x944.jpg 1260w, https:\/\/www.sources-hotels.com\/valdeloire\/wp-content\/uploads\/sites\/4\/2024\/12\/chateau-g249334e1b_1920-min-1-450x337.jpg 450w, https:\/\/www.sources-hotels.com\/valdeloire\/wp-content\/uploads\/sites\/4\/2024\/12\/chateau-g249334e1b_1920-min-1-465x349.jpg 465w, https:\/\/www.sources-hotels.com\/valdeloire\/wp-content\/uploads\/sites\/4\/2024\/12\/chateau-g249334e1b_1920-min-1-907x680.jpg 907w, https:\/\/www.sources-hotels.com\/valdeloire\/wp-content\/uploads\/sites\/4\/2024\/12\/chateau-g249334e1b_1920-min-1-1201x900.jpg 1201w, https:\/\/www.sources-hotels.com\/valdeloire\/wp-content\/uploads\/sites\/4\/2024\/12\/chateau-g249334e1b_1920-min-1-667x500.jpg 667w, https:\/\/www.sources-hotels.com\/valdeloire\/wp-content\/uploads\/sites\/4\/2024\/12\/chateau-g249334e1b_1920-min-1-614x460.jpg 614w, https:\/\/www.sources-hotels.com\/valdeloire\/wp-content\/uploads\/sites\/4\/2024\/12\/chateau-g249334e1b_1920-min-1-607x455.jpg 607w, https:\/\/www.sources-hotels.com\/valdeloire\/wp-content\/uploads\/sites\/4\/2024\/12\/chateau-g249334e1b_1920-min-1-400x300.jpg 400w, https:\/\/www.sources-hotels.com\/valdeloire\/wp-content\/uploads\/sites\/4\/2024\/12\/chateau-g249334e1b_1920-min-1.jpg 1920w\" sizes=\"auto, (max-width: 630px) 100vw, 630px\" \/>            <\/figure>\n                    <\/div>\n    <\/div>\n\n<\/section>\n\n\n<section class=\"custom-block block--cooking-classes bg-white\">\n\n            <h2 class=\"block-title\">Ch\u00e2teau de Chenonceau<\/h2>\n    \n    <div class=\"content-wrapper picture-right\">\n\n        <div class=\"text\">\n\n            \n                            <div class=\"content rte\">\n                    <p><span style=\"font-weight: 400;\">Ein einzigartiges Schloss, das \u00fcber den Fluss Cher gebaut wurde. Bekannt als das \u201eSchloss der Damen\u201c, wurde es von bedeutenden Frauen wie Diane de Poitiers und Catherine de M\u00e9dicis gepr\u00e4gt. Besucher k\u00f6nnen pr\u00e4chtige Blumenarrangements bewundern, die vom hauseigenen Floristikatelier gestaltet werden.\u200b <\/span><\/p>\n<p>Diese Schl\u00f6sser sind nicht nur architektonische Meisterwerke, sondern auch Zeugen der reichen Geschichte Frankreichs. Ein Besuch bietet eine faszinierende Reise durch die Zeit und die M\u00f6glichkeit, das kulturelle Erbe des Loiretals hautnah zu erleben.<\/p>\n<p><em><span style=\"font-weight: 400;\">Eintritt: <\/span>18\u20ac pro Erwachsener \u2013 16\u20ac erm\u00e4\u00dfigter Tarif \u2013 15\u20ac f\u00fcr Kinder von 7 bis 18 Jahren \u2013 kostenlos f\u00fcr Kinder unter 7 Jahren<\/em><\/p>\n                <\/div>\n            \n            \n            \n            \n                            <div class=\"cta-wrapper\">\n                      <a href=\"https:\/\/www.chenonceau.com\/\"  target=\"_blank\" class=\"button\" >\n        Mehr erfahren  <\/a>\n                <\/div>\n            \n        <\/div>\n        <div class=\"relative\">\n            <figure class=\"image\">\n                <img loading=\"lazy\" decoding=\"async\" width=\"630\" height=\"420\" src=\"https:\/\/www.sources-hotels.com\/valdeloire\/wp-content\/uploads\/sites\/4\/2025\/01\/chateau-de-chenonceau-6534768_1280-630x420.jpg\" class=\"h-full w-full object-cover object-center\" alt=\"\" srcset=\"https:\/\/www.sources-hotels.com\/valdeloire\/wp-content\/uploads\/sites\/4\/2025\/01\/chateau-de-chenonceau-6534768_1280-630x420.jpg 630w, https:\/\/www.sources-hotels.com\/valdeloire\/wp-content\/uploads\/sites\/4\/2025\/01\/chateau-de-chenonceau-6534768_1280-300x200.jpg 300w, https:\/\/www.sources-hotels.com\/valdeloire\/wp-content\/uploads\/sites\/4\/2025\/01\/chateau-de-chenonceau-6534768_1280-1024x682.jpg 1024w, https:\/\/www.sources-hotels.com\/valdeloire\/wp-content\/uploads\/sites\/4\/2025\/01\/chateau-de-chenonceau-6534768_1280-768x512.jpg 768w, https:\/\/www.sources-hotels.com\/valdeloire\/wp-content\/uploads\/sites\/4\/2025\/01\/chateau-de-chenonceau-6534768_1280-1260x840.jpg 1260w, https:\/\/www.sources-hotels.com\/valdeloire\/wp-content\/uploads\/sites\/4\/2025\/01\/chateau-de-chenonceau-6534768_1280-450x300.jpg 450w, https:\/\/www.sources-hotels.com\/valdeloire\/wp-content\/uploads\/sites\/4\/2025\/01\/chateau-de-chenonceau-6534768_1280-465x310.jpg 465w, https:\/\/www.sources-hotels.com\/valdeloire\/wp-content\/uploads\/sites\/4\/2025\/01\/chateau-de-chenonceau-6534768_1280-966x644.jpg 966w, https:\/\/www.sources-hotels.com\/valdeloire\/wp-content\/uploads\/sites\/4\/2025\/01\/chateau-de-chenonceau-6534768_1280-750x500.jpg 750w, https:\/\/www.sources-hotels.com\/valdeloire\/wp-content\/uploads\/sites\/4\/2025\/01\/chateau-de-chenonceau-6534768_1280-1020x680.jpg 1020w, https:\/\/www.sources-hotels.com\/valdeloire\/wp-content\/uploads\/sites\/4\/2025\/01\/chateau-de-chenonceau-6534768_1280-690x460.jpg 690w, https:\/\/www.sources-hotels.com\/valdeloire\/wp-content\/uploads\/sites\/4\/2025\/01\/chateau-de-chenonceau-6534768_1280-640x427.jpg 640w, https:\/\/www.sources-hotels.com\/valdeloire\/wp-content\/uploads\/sites\/4\/2025\/01\/chateau-de-chenonceau-6534768_1280-420x280.jpg 420w, https:\/\/www.sources-hotels.com\/valdeloire\/wp-content\/uploads\/sites\/4\/2025\/01\/chateau-de-chenonceau-6534768_1280.jpg 1280w\" sizes=\"auto, (max-width: 630px) 100vw, 630px\" \/>            <\/figure>\n                    <\/div>\n    <\/div>\n\n<\/section>","protected":false},"excerpt":{"rendered":"","protected":false},"author":1,"featured_media":0,"parent":3292,"menu_order":0,"comment_status":"closed","ping_status":"closed","template":"","meta":{"_acf_changed":false,"footnotes":""},"hotels":[],"doc_cat":[],"class_list":["post-3294","page","type-page","status-publish","hentry"],"acf":[],"yoast_head":"<!-- This site is optimized with the Yoast SEO plugin v25.6 - https:\/\/yoast.com\/wordpress\/plugins\/seo\/ -->\n<title>Luxusaufenthalt nahe der Loire-Schl\u00f6sser | Les Sources de Cheverny<\/title>\n<meta name=\"description\" content=\"Buchen Sie Ihren exklusiven Aufenthalt vor den Toren der Loire-Schl\u00f6sser \u2013 tags\u00fcber auf Entdeckungstour, abends entspannen in stilvollem Ambiente.\" \/>\n<meta name=\"robots\" content=\"index, follow, max-snippet:-1, max-image-preview:large, max-video-preview:-1\" \/>\n<link rel=\"canonical\" href=\"https:\/\/www.sources-hotels.com\/valdeloire\/de\/aktivitaeten\/schlosser-loire\/\" \/>\n<meta property=\"og:locale\" content=\"de_DE\" \/>\n<meta property=\"og:type\" content=\"article\" \/>\n<meta property=\"og:title\" content=\"Luxusaufenthalt nahe der Loire-Schl\u00f6sser | Les Sources de Cheverny\" \/>\n<meta property=\"og:description\" content=\"Buchen Sie Ihren exklusiven Aufenthalt vor den Toren der Loire-Schl\u00f6sser \u2013 tags\u00fcber auf Entdeckungstour, abends entspannen in stilvollem Ambiente.\" \/>\n<meta property=\"og:url\" content=\"https:\/\/www.sources-hotels.com\/valdeloire\/de\/aktivitaeten\/schlosser-loire\/\" \/>\n<meta property=\"og:site_name\" content=\"Les Sources de Cheverny\" \/>\n<meta property=\"article:modified_time\" content=\"2025-06-03T07:59:48+00:00\" \/>\n<meta name=\"twitter:card\" content=\"summary_large_image\" \/>\n<script type=\"application\/ld+json\" class=\"yoast-schema-graph\">{\"@context\":\"https:\/\/schema.org\",\"@graph\":[{\"@type\":\"WebPage\",\"@id\":\"https:\/\/www.sources-hotels.com\/valdeloire\/de\/aktivitaeten\/schlosser-loire\/\",\"url\":\"https:\/\/www.sources-hotels.com\/valdeloire\/de\/aktivitaeten\/schlosser-loire\/\",\"name\":\"Luxusaufenthalt nahe der Loire-Schl\u00f6sser | Les Sources de Cheverny\",\"isPartOf\":{\"@id\":\"https:\/\/www.sources-hotels.com\/valdeloire\/de\/#website\"},\"datePublished\":\"2025-01-02T11:34:09+00:00\",\"dateModified\":\"2025-06-03T07:59:48+00:00\",\"description\":\"Buchen Sie Ihren exklusiven Aufenthalt vor den Toren der Loire-Schl\u00f6sser \u2013 tags\u00fcber auf Entdeckungstour, abends entspannen in stilvollem Ambiente.\",\"breadcrumb\":{\"@id\":\"https:\/\/www.sources-hotels.com\/valdeloire\/de\/aktivitaeten\/schlosser-loire\/#breadcrumb\"},\"inLanguage\":\"de-DE\",\"potentialAction\":[{\"@type\":\"ReadAction\",\"target\":[\"https:\/\/www.sources-hotels.com\/valdeloire\/de\/aktivitaeten\/schlosser-loire\/\"]}]},{\"@type\":\"BreadcrumbList\",\"@id\":\"https:\/\/www.sources-hotels.com\/valdeloire\/de\/aktivitaeten\/schlosser-loire\/#breadcrumb\",\"itemListElement\":[{\"@type\":\"ListItem\",\"position\":1,\"name\":\"Accueil\",\"item\":\"https:\/\/www.sources-hotels.com\/valdeloire\/de\/\"},{\"@type\":\"ListItem\",\"position\":2,\"name\":\"Aktivit\u00e4ten\",\"item\":\"https:\/\/www.sources-hotels.com\/valdeloire\/de\/aktivitaeten\/\"},{\"@type\":\"ListItem\",\"position\":3,\"name\":\"Schl\u00f6sser der Loire\"}]},{\"@type\":\"WebSite\",\"@id\":\"https:\/\/www.sources-hotels.com\/valdeloire\/de\/#website\",\"url\":\"https:\/\/www.sources-hotels.com\/valdeloire\/de\/\",\"name\":\"Les Sources de Cheverny\",\"description\":\"\",\"publisher\":{\"@id\":\"https:\/\/www.sources-hotels.com\/valdeloire\/de\/#organization\"},\"potentialAction\":[{\"@type\":\"SearchAction\",\"target\":{\"@type\":\"EntryPoint\",\"urlTemplate\":\"https:\/\/www.sources-hotels.com\/valdeloire\/de\/?s={search_term_string}\"},\"query-input\":{\"@type\":\"PropertyValueSpecification\",\"valueRequired\":true,\"valueName\":\"search_term_string\"}}],\"inLanguage\":\"de-DE\"},{\"@type\":\"Organization\",\"@id\":\"https:\/\/www.sources-hotels.com\/valdeloire\/de\/#organization\",\"name\":\"Les Sources de Cheverny\",\"url\":\"https:\/\/www.sources-hotels.com\/valdeloire\/de\/\",\"logo\":{\"@type\":\"ImageObject\",\"inLanguage\":\"de-DE\",\"@id\":\"https:\/\/www.sources-hotels.com\/valdeloire\/de\/#\/schema\/logo\/image\/\",\"url\":\"https:\/\/www.sources-hotels.com\/valdeloire\/wp-content\/uploads\/sites\/4\/2025\/03\/logo-cheverny.png\",\"contentUrl\":\"https:\/\/www.sources-hotels.com\/valdeloire\/wp-content\/uploads\/sites\/4\/2025\/03\/logo-cheverny.png\",\"width\":696,\"height\":291,\"caption\":\"Les Sources de Cheverny\"},\"image\":{\"@id\":\"https:\/\/www.sources-hotels.com\/valdeloire\/de\/#\/schema\/logo\/image\/\"}}]}<\/script>\n<!-- \/ Yoast SEO plugin. -->","yoast_head_json":{"title":"Luxusaufenthalt nahe der Loire-Schl\u00f6sser | Les Sources de Cheverny","description":"Buchen Sie Ihren exklusiven Aufenthalt vor den Toren der Loire-Schl\u00f6sser \u2013 tags\u00fcber auf Entdeckungstour, abends entspannen in stilvollem Ambiente.","robots":{"index":"index","follow":"follow","max-snippet":"max-snippet:-1","max-image-preview":"max-image-preview:large","max-video-preview":"max-video-preview:-1"},"canonical":"https:\/\/www.sources-hotels.com\/valdeloire\/de\/aktivitaeten\/schlosser-loire\/","og_locale":"de_DE","og_type":"article","og_title":"Luxusaufenthalt nahe der Loire-Schl\u00f6sser | Les Sources de Cheverny","og_description":"Buchen Sie Ihren exklusiven Aufenthalt vor den Toren der Loire-Schl\u00f6sser \u2013 tags\u00fcber auf Entdeckungstour, abends entspannen in stilvollem Ambiente.","og_url":"https:\/\/www.sources-hotels.com\/valdeloire\/de\/aktivitaeten\/schlosser-loire\/","og_site_name":"Les Sources de Cheverny","article_modified_time":"2025-06-03T07:59:48+00:00","twitter_card":"summary_large_image","schema":{"@context":"https:\/\/schema.org","@graph":[{"@type":"WebPage","@id":"https:\/\/www.sources-hotels.com\/valdeloire\/de\/aktivitaeten\/schlosser-loire\/","url":"https:\/\/www.sources-hotels.com\/valdeloire\/de\/aktivitaeten\/schlosser-loire\/","name":"Luxusaufenthalt nahe der Loire-Schl\u00f6sser | Les Sources de Cheverny","isPartOf":{"@id":"https:\/\/www.sources-hotels.com\/valdeloire\/de\/#website"},"datePublished":"2025-01-02T11:34:09+00:00","dateModified":"2025-06-03T07:59:48+00:00","description":"Buchen Sie Ihren exklusiven Aufenthalt vor den Toren der Loire-Schl\u00f6sser \u2013 tags\u00fcber auf Entdeckungstour, abends entspannen in stilvollem Ambiente.","breadcrumb":{"@id":"https:\/\/www.sources-hotels.com\/valdeloire\/de\/aktivitaeten\/schlosser-loire\/#breadcrumb"},"inLanguage":"de-DE","potentialAction":[{"@type":"ReadAction","target":["https:\/\/www.sources-hotels.com\/valdeloire\/de\/aktivitaeten\/schlosser-loire\/"]}]},{"@type":"BreadcrumbList","@id":"https:\/\/www.sources-hotels.com\/valdeloire\/de\/aktivitaeten\/schlosser-loire\/#breadcrumb","itemListElement":[{"@type":"ListItem","position":1,"name":"Accueil","item":"https:\/\/www.sources-hotels.com\/valdeloire\/de\/"},{"@type":"ListItem","position":2,"name":"Aktivit\u00e4ten","item":"https:\/\/www.sources-hotels.com\/valdeloire\/de\/aktivitaeten\/"},{"@type":"ListItem","position":3,"name":"Schl\u00f6sser der Loire"}]},{"@type":"WebSite","@id":"https:\/\/www.sources-hotels.com\/valdeloire\/de\/#website","url":"https:\/\/www.sources-hotels.com\/valdeloire\/de\/","name":"Les Sources de Cheverny","description":"","publisher":{"@id":"https:\/\/www.sources-hotels.com\/valdeloire\/de\/#organization"},"potentialAction":[{"@type":"SearchAction","target":{"@type":"EntryPoint","urlTemplate":"https:\/\/www.sources-hotels.com\/valdeloire\/de\/?s={search_term_string}"},"query-input":{"@type":"PropertyValueSpecification","valueRequired":true,"valueName":"search_term_string"}}],"inLanguage":"de-DE"},{"@type":"Organization","@id":"https:\/\/www.sources-hotels.com\/valdeloire\/de\/#organization","name":"Les Sources de Cheverny","url":"https:\/\/www.sources-hotels.com\/valdeloire\/de\/","logo":{"@type":"ImageObject","inLanguage":"de-DE","@id":"https:\/\/www.sources-hotels.com\/valdeloire\/de\/#\/schema\/logo\/image\/","url":"https:\/\/www.sources-hotels.com\/valdeloire\/wp-content\/uploads\/sites\/4\/2025\/03\/logo-cheverny.png","contentUrl":"https:\/\/www.sources-hotels.com\/valdeloire\/wp-content\/uploads\/sites\/4\/2025\/03\/logo-cheverny.png","width":696,"height":291,"caption":"Les Sources de Cheverny"},"image":{"@id":"https:\/\/www.sources-hotels.com\/valdeloire\/de\/#\/schema\/logo\/image\/"}}]}},"_links":{"self":[{"href":"https:\/\/www.sources-hotels.com\/valdeloire\/de\/wp-json\/wp\/v2\/pages\/3294","targetHints":{"allow":["GET"]}}],"collection":[{"href":"https:\/\/www.sources-hotels.com\/valdeloire\/de\/wp-json\/wp\/v2\/pages"}],"about":[{"href":"https:\/\/www.sources-hotels.com\/valdeloire\/de\/wp-json\/wp\/v2\/types\/page"}],"author":[{"embeddable":true,"href":"https:\/\/www.sources-hotels.com\/valdeloire\/de\/wp-json\/wp\/v2\/users\/1"}],"replies":[{"embeddable":true,"href":"https:\/\/www.sources-hotels.com\/valdeloire\/de\/wp-json\/wp\/v2\/comments?post=3294"}],"version-history":[{"count":5,"href":"https:\/\/www.sources-hotels.com\/valdeloire\/de\/wp-json\/wp\/v2\/pages\/3294\/revisions"}],"predecessor-version":[{"id":4017,"href":"https:\/\/www.sources-hotels.com\/valdeloire\/de\/wp-json\/wp\/v2\/pages\/3294\/revisions\/4017"}],"up":[{"embeddable":true,"href":"https:\/\/www.sources-hotels.com\/valdeloire\/de\/wp-json\/wp\/v2\/pages\/3292"}],"wp:attachment":[{"href":"https:\/\/www.sources-hotels.com\/valdeloire\/de\/wp-json\/wp\/v2\/media?parent=3294"}],"wp:term":[{"taxonomy":"hotels","embeddable":true,"href":"https:\/\/www.sources-hotels.com\/valdeloire\/de\/wp-json\/wp\/v2\/hotels?post=3294"},{"taxonomy":"doc_cat","embeddable":true,"href":"https:\/\/www.sources-hotels.com\/valdeloire\/de\/wp-json\/wp\/v2\/doc_cat?post=3294"}],"curies":[{"name":"wp","href":"https:\/\/api.w.org\/{rel}","templated":true}]}}