{"id":3297,"date":"2024-12-31T13:42:18","date_gmt":"2024-12-31T12:42:18","guid":{"rendered":"https:\/\/www.sources-hotels.com\/valdeloire\/?page_id=3297"},"modified":"2025-05-21T10:26:52","modified_gmt":"2025-05-21T08:26:52","slug":"angebote","status":"publish","type":"page","link":"https:\/\/www.sources-hotels.com\/valdeloire\/de\/angebote\/","title":{"rendered":"Angebote"},"content":{"rendered":"\n<section class=\"custom-block block--header h-[206rem] text-center text-white overflow-hidden pt-[100rem] relative tablet:h-[700rem] tablet:pt-[420rem]\">\n\n    <h1>\n                    <span>\n                Unsere            <\/span>\n                            Angebote            <\/h1>\n\n    \n    <span class=\"scroll-down hidden text-[12rem] tracking-[2rem] uppercase font-title cursor-pointer opacity-[64%] pb-[66rem] absolute left-2\/4 bottom-0 translate-x-[-50%] after:w-[1px] after:h-[50rem] after:bg-white after:opacity-[40%] after:absolute after:bottom-0 after:left-[50%] tablet:block\">\n        Mehr entdecken    <\/span>\n\n    <figure class=\"min-w-full min-h-full aspect-video overflow-hidden absolute top-2\/4 left-2\/4 translate-x-[-50%] translate-y-[-50%] z-[-1] before:bg-black before:opacity-[35%] before:mix-blend-multiply before:absolute before:top-0 before:left-0 before:right-0 before:bottom-0 before:z-[2]\">\n                    <img loading=\"lazy\" decoding=\"async\" width=\"1350\" height=\"900\" src=\"https:\/\/www.sources-hotels.com\/valdeloire\/wp-content\/uploads\/sites\/4\/2025\/01\/SDCheverny_BoisNature_\u00a9MPMorel2021-4-1350x900.jpg\" class=\"h-full w-full object-cover object-center\" alt=\"\u00e9quitation Cheverny\" srcset=\"https:\/\/www.sources-hotels.com\/valdeloire\/wp-content\/uploads\/sites\/4\/2025\/01\/SDCheverny_BoisNature_\u00a9MPMorel2021-4-1350x900.jpg 1350w, https:\/\/www.sources-hotels.com\/valdeloire\/wp-content\/uploads\/sites\/4\/2025\/01\/SDCheverny_BoisNature_\u00a9MPMorel2021-4-300x200.jpg 300w, https:\/\/www.sources-hotels.com\/valdeloire\/wp-content\/uploads\/sites\/4\/2025\/01\/SDCheverny_BoisNature_\u00a9MPMorel2021-4-1024x683.jpg 1024w, https:\/\/www.sources-hotels.com\/valdeloire\/wp-content\/uploads\/sites\/4\/2025\/01\/SDCheverny_BoisNature_\u00a9MPMorel2021-4-768x512.jpg 768w, https:\/\/www.sources-hotels.com\/valdeloire\/wp-content\/uploads\/sites\/4\/2025\/01\/SDCheverny_BoisNature_\u00a9MPMorel2021-4-1536x1024.jpg 1536w, https:\/\/www.sources-hotels.com\/valdeloire\/wp-content\/uploads\/sites\/4\/2025\/01\/SDCheverny_BoisNature_\u00a9MPMorel2021-4-2048x1365.jpg 2048w, https:\/\/www.sources-hotels.com\/valdeloire\/wp-content\/uploads\/sites\/4\/2025\/01\/SDCheverny_BoisNature_\u00a9MPMorel2021-4-1260x840.jpg 1260w, https:\/\/www.sources-hotels.com\/valdeloire\/wp-content\/uploads\/sites\/4\/2025\/01\/SDCheverny_BoisNature_\u00a9MPMorel2021-4-450x300.jpg 450w, https:\/\/www.sources-hotels.com\/valdeloire\/wp-content\/uploads\/sites\/4\/2025\/01\/SDCheverny_BoisNature_\u00a9MPMorel2021-4-465x310.jpg 465w, https:\/\/www.sources-hotels.com\/valdeloire\/wp-content\/uploads\/sites\/4\/2025\/01\/SDCheverny_BoisNature_\u00a9MPMorel2021-4-630x420.jpg 630w, https:\/\/www.sources-hotels.com\/valdeloire\/wp-content\/uploads\/sites\/4\/2025\/01\/SDCheverny_BoisNature_\u00a9MPMorel2021-4-966x644.jpg 966w, https:\/\/www.sources-hotels.com\/valdeloire\/wp-content\/uploads\/sites\/4\/2025\/01\/SDCheverny_BoisNature_\u00a9MPMorel2021-4-750x500.jpg 750w, https:\/\/www.sources-hotels.com\/valdeloire\/wp-content\/uploads\/sites\/4\/2025\/01\/SDCheverny_BoisNature_\u00a9MPMorel2021-4-1020x680.jpg 1020w, https:\/\/www.sources-hotels.com\/valdeloire\/wp-content\/uploads\/sites\/4\/2025\/01\/SDCheverny_BoisNature_\u00a9MPMorel2021-4-690x460.jpg 690w, https:\/\/www.sources-hotels.com\/valdeloire\/wp-content\/uploads\/sites\/4\/2025\/01\/SDCheverny_BoisNature_\u00a9MPMorel2021-4-640x427.jpg 640w, https:\/\/www.sources-hotels.com\/valdeloire\/wp-content\/uploads\/sites\/4\/2025\/01\/SDCheverny_BoisNature_\u00a9MPMorel2021-4-420x280.jpg 420w\" sizes=\"auto, (max-width: 1350px) 100vw, 1350px\" \/>            <\/figure>\n    \n<\/section>\n\n    \n\n\n<section class=\"custom-block block--title-introduction text-center tablet:!pb-[60rem]\">\n\n            <h2 class=\"block-title\">Entfliehen Sie dem Alltag<\/h2>\n    \n    <div class=\"tablet:w-[970rem] tablet:inline-block\">\n        <p>Ein Refugium der Ruhe, in dem Natur, Eleganz und Lebenskunst aufeinandertreffen. Hier wird jeder Aufenthalt zu einem einzigartigen Erlebnis, das darauf ausgelegt ist, wertvolle Erinnerungen zu schaffen. Ob Sie ein romantisches Wochenende im Loiretal verbringen m\u00f6chten, einen Familienausflug planen, sich im Spa des Sources entspannen oder ein gastronomisches Abenteuer inmitten unserer Weinberge erleben wollen \u2013 unsere Aufenthaltsempfehlungen laden Sie ein, die Authentizit\u00e4t und Eleganz unseres Hauses zu entdecken. Lassen Sie sich vom Zauber des Loiretals verf\u00fchren und genie\u00dfen Sie einen Moment fernab der Zeit.<\/p>\n    <\/div>\n\n<\/section>\n\n\n\n<section class=\"custom-block block--room container mx-auto\">\n\n  <div class=\"content gallery-left\">\n\n    <div class=\"text\">\n\n              <h2 class=\"title\">Buco&#8217;chic<\/h2>\n      \n              <h3 class=\"subtitle\">Gastronomie und Wellness<\/h3>\n      \n      <div class=\"description rte\">\n        <p>Entdecken Sie die Sch\u00e4tze des Loiretals mit diesem 2-N\u00e4chte-Aufenthalt.<br \/>\nFahrradtouren durch goldene Weizenfelder, Picknicks in der Natur, Besichtigungen der umliegenden Schl\u00f6sser, die zum UNESCO-Weltkulturerbe geh\u00f6ren \u2026 tausendundeine Aktivit\u00e4t erwartet Sie in den Sources de Cheverny.<\/p>\n<p><strong>Der Aufenthalt beinhaltet:<\/strong><\/p>\n<ul>\n<li>Zwei \u00dcbernachtungen mit Fr\u00fchst\u00fcck<\/li>\n<li>Ein 4-G\u00e4nge-Dinner im mit einem Stern ausgezeichneten Restaurant Le Favori (ohne Getr\u00e4nke)<\/li>\n<li>Ein k\u00f6stliches Men\u00fc im Restaurant L&#8217;Auberge (ohne Getr\u00e4nke)<\/li>\n<li>Einen halben Tag Wellness im Spa by Caudalie, bestehend aus: einem 15-min\u00fctigen Bad oder einer Packung, einer 20-min\u00fctigen Massage mit warmem \u00d6l sowie einer 50-min\u00fctigen Gesichtsbehandlung.<\/li>\n<\/ul>\n      <\/div>\n\n              <div class=\"ctas\">\n                                <button class=\"button cta2 dedge-open\" >Buchen<\/button>\n                  <\/div>\n      \n    <\/div>\n\n    <div class=\"slider\">\n              <div class=\"image\">\n          <figure>\n            <img loading=\"lazy\" decoding=\"async\" width=\"1260\" height=\"1600\" src=\"https:\/\/www.sources-hotels.com\/valdeloire\/wp-content\/uploads\/sites\/4\/2025\/01\/LesSourcesDeCheverny_Auberge__\u00a9itshenriette-3-1260x1600.jpg\" class=\"w-full object-cover object-center\" alt=\"\" \/>          <\/figure>\n        <\/div>\n              <div class=\"image\">\n          <figure>\n            <img loading=\"lazy\" decoding=\"async\" width=\"919\" height=\"1378\" src=\"https:\/\/www.sources-hotels.com\/valdeloire\/wp-content\/uploads\/sites\/4\/2025\/05\/LesSourcesDeCheverny_Hameau_\u00a9itshenriette_Juin2024-6.jpg\" class=\"w-full object-cover object-center\" alt=\"\" srcset=\"https:\/\/www.sources-hotels.com\/valdeloire\/wp-content\/uploads\/sites\/4\/2025\/05\/LesSourcesDeCheverny_Hameau_\u00a9itshenriette_Juin2024-6.jpg 919w, https:\/\/www.sources-hotels.com\/valdeloire\/wp-content\/uploads\/sites\/4\/2025\/05\/LesSourcesDeCheverny_Hameau_\u00a9itshenriette_Juin2024-6-200x300.jpg 200w, https:\/\/www.sources-hotels.com\/valdeloire\/wp-content\/uploads\/sites\/4\/2025\/05\/LesSourcesDeCheverny_Hameau_\u00a9itshenriette_Juin2024-6-683x1024.jpg 683w, https:\/\/www.sources-hotels.com\/valdeloire\/wp-content\/uploads\/sites\/4\/2025\/05\/LesSourcesDeCheverny_Hameau_\u00a9itshenriette_Juin2024-6-768x1152.jpg 768w, https:\/\/www.sources-hotels.com\/valdeloire\/wp-content\/uploads\/sites\/4\/2025\/05\/LesSourcesDeCheverny_Hameau_\u00a9itshenriette_Juin2024-6-767x1150.jpg 767w\" sizes=\"auto, (max-width: 919px) 100vw, 919px\" \/>          <\/figure>\n        <\/div>\n              <div class=\"image\">\n          <figure>\n            <img loading=\"lazy\" decoding=\"async\" width=\"1260\" height=\"1600\" src=\"https:\/\/www.sources-hotels.com\/valdeloire\/wp-content\/uploads\/sites\/4\/2025\/01\/LesSourcesDeCheverny_BassinInterieur_\u00a9MPMorel_2021-2-1260x1600.jpg\" class=\"w-full object-cover object-center\" alt=\"\" \/>          <\/figure>\n        <\/div>\n          <\/div>\n  <\/div>\n<\/section>\n\n\n\n\n<section class=\"custom-block block--room container mx-auto\">\n\n  <div class=\"content gallery-right\">\n\n    <div class=\"text\">\n\n              <h2 class=\"title\">Leben wie im Schloss<\/h2>\n      \n              <h3 class=\"subtitle\">Romantische Auszeit<\/h3>\n      \n      <div class=\"description rte\">\n        <p>Erleben Sie das Leben wie im M\u00e4rchenschloss zu zweit \u2013 ein romantischer Ausflug zwischen Geschichte, Natur und Sterne-Gastronomie.<br \/>\nG\u00f6nnen Sie sich einen dreit\u00e4gigen Aufenthalt im Herzen einer Region voller Romantik und Historie. Unser Haus, eingebettet in das gr\u00fcne Paradies der Sologne-W\u00e4lder, liegt zwischen den ber\u00fchmten Schl\u00f6ssern Chambord und Chenonceau und l\u00e4dt Sie zu einer unvergesslichen Auszeit ein.<\/p>\n<p>Von unserem Hotel aus entdecken Sie die Sch\u00e4tze des Loiretals mit unserem exklusiven Pass, der Ihnen den Zugang zu den historischen Highlights der Region erm\u00f6glicht. Erkunden Sie diese Wunder in Ihrem eigenen Tempo \u2013 mit einem klassischen oder einem E-Bike \u2013 und lassen Sie sich von der Sch\u00f6nheit der umliegenden Landschaft verzaubern.<\/p>\n<p><strong>Der Aufenthalt beinhaltet:<\/strong><\/p>\n<ul>\n<li>3 N\u00e4chte inklusive VIP-Empfang<\/li>\n<li>Fr\u00fchst\u00fcck f\u00fcr 2 Personen \u2013 auf dem Zimmer serviert oder als Buffet im Restaurant<\/li>\n<li>Ein Abendessen im Sternerestaurant Le Favori* (Vier-G\u00e4nge-Men\u00fc, ohne Getr\u00e4nke)<\/li>\n<li>Zwei Abendessen im Restaurant L&#8217;Auberge (Tagesmen\u00fc, ohne Getr\u00e4nke)<\/li>\n<li>Zwei P\u00e4sse zur Entdeckung der historischen Juwelen Frankreichs (Schl\u00f6sser von Chambord, Chenonceau, Blois und Cheverny)<\/li>\n<\/ul>\n      <\/div>\n\n              <div class=\"ctas\">\n                                <button class=\"button cta2 dedge-open\" >Buchen<\/button>\n                  <\/div>\n      \n    <\/div>\n\n    <div class=\"slider\">\n              <div class=\"image\">\n          <figure>\n            <img loading=\"lazy\" decoding=\"async\" width=\"1200\" height=\"627\" src=\"https:\/\/www.sources-hotels.com\/valdeloire\/wp-content\/uploads\/sites\/4\/2025\/01\/chambord.jpg\" class=\"w-full object-cover object-center\" alt=\"Chateau de Chambord\" srcset=\"https:\/\/www.sources-hotels.com\/valdeloire\/wp-content\/uploads\/sites\/4\/2025\/01\/chambord.jpg 1200w, https:\/\/www.sources-hotels.com\/valdeloire\/wp-content\/uploads\/sites\/4\/2025\/01\/chambord-300x157.jpg 300w, https:\/\/www.sources-hotels.com\/valdeloire\/wp-content\/uploads\/sites\/4\/2025\/01\/chambord-1024x535.jpg 1024w, https:\/\/www.sources-hotels.com\/valdeloire\/wp-content\/uploads\/sites\/4\/2025\/01\/chambord-768x401.jpg 768w, https:\/\/www.sources-hotels.com\/valdeloire\/wp-content\/uploads\/sites\/4\/2025\/01\/chambord-450x235.jpg 450w, https:\/\/www.sources-hotels.com\/valdeloire\/wp-content\/uploads\/sites\/4\/2025\/01\/chambord-465x243.jpg 465w, https:\/\/www.sources-hotels.com\/valdeloire\/wp-content\/uploads\/sites\/4\/2025\/01\/chambord-630x329.jpg 630w, https:\/\/www.sources-hotels.com\/valdeloire\/wp-content\/uploads\/sites\/4\/2025\/01\/chambord-966x505.jpg 966w, https:\/\/www.sources-hotels.com\/valdeloire\/wp-content\/uploads\/sites\/4\/2025\/01\/chambord-957x500.jpg 957w, https:\/\/www.sources-hotels.com\/valdeloire\/wp-content\/uploads\/sites\/4\/2025\/01\/chambord-710x371.jpg 710w, https:\/\/www.sources-hotels.com\/valdeloire\/wp-content\/uploads\/sites\/4\/2025\/01\/chambord-640x334.jpg 640w, https:\/\/www.sources-hotels.com\/valdeloire\/wp-content\/uploads\/sites\/4\/2025\/01\/chambord-420x219.jpg 420w\" sizes=\"auto, (max-width: 1200px) 100vw, 1200px\" \/>          <\/figure>\n        <\/div>\n              <div class=\"image\">\n          <figure>\n            <img loading=\"lazy\" decoding=\"async\" width=\"1260\" height=\"1600\" src=\"https:\/\/www.sources-hotels.com\/valdeloire\/wp-content\/uploads\/sites\/4\/2025\/01\/LesSourcesDeCheverny_JuniorSuite_Libellule__\u00a9itshenriette-4-1-1-1260x1600.jpg\" class=\"w-full object-cover object-center\" alt=\"\" \/>          <\/figure>\n        <\/div>\n              <div class=\"image\">\n          <figure>\n            <img loading=\"lazy\" decoding=\"async\" width=\"1260\" height=\"1600\" src=\"https:\/\/www.sources-hotels.com\/valdeloire\/wp-content\/uploads\/sites\/4\/2025\/01\/LesSourcesDeCheverny_DecoReception_\u00a9itshenriette_Juin2024-12-1260x1600.jpg\" class=\"w-full object-cover object-center\" alt=\"\" \/>          <\/figure>\n        <\/div>\n          <\/div>\n  <\/div>\n<\/section>\n\n\n\n\n<section class=\"custom-block block--room container mx-auto\">\n\n  <div class=\"content gallery-left\">\n\n    <div class=\"text\">\n\n              <h2 class=\"title\">Early Bird<\/h2>\n      \n              <h3 class=\"subtitle\"> Unser exklusives Fr\u00fchbucherangebot<\/h3>\n      \n      <div class=\"description rte\">\n        <p>Profitieren Sie von einem exklusiven Tarif bei fr\u00fchzeitiger Buchung.<br \/>\nF\u00fcr Aufenthalte von November bis April (je nach Verf\u00fcgbarkeit)<\/p>\n<p>15\u202f% Rabatt auf unsere Prestige-Zimmer, Junior Suiten oder Suiten sowie auf Rituale und Kuren im Spa by Caudalie (bei Buchung des Arrangements zu reservieren)<\/p>\n<p><strong>Bedingungen des Angebots:<\/strong><\/p>\n<ul>\n<li>Buchbar bis sp\u00e4testens 30 Tage vor Anreise<\/li>\n<li>Kostenfreie Stornierung bis 7 Tage vor Aufenthaltsbeginn<\/li>\n<li>Vorauszahlung der Buchung 7 Tage vor Anreise<\/li>\n<\/ul>\n      <\/div>\n\n              <div class=\"ctas\">\n                                <button class=\"button cta2 dedge-open\" >Buchen<\/button>\n                  <\/div>\n      \n    <\/div>\n\n    <div class=\"slider\">\n              <div class=\"image\">\n          <figure>\n            <img loading=\"lazy\" decoding=\"async\" width=\"1260\" height=\"1600\" src=\"https:\/\/www.sources-hotels.com\/valdeloire\/wp-content\/uploads\/sites\/4\/2025\/01\/LesSourcesDeCheverny_ChateauduBreuil_\u00a9MPMorel-2020-8-1260x1600.jpg\" class=\"w-full object-cover object-center\" alt=\"\" \/>          <\/figure>\n        <\/div>\n              <div class=\"image\">\n          <figure>\n            <img loading=\"lazy\" decoding=\"async\" width=\"1260\" height=\"1600\" src=\"https:\/\/www.sources-hotels.com\/valdeloire\/wp-content\/uploads\/sites\/4\/2025\/01\/LesSourcesDeCheverny_LeCoeurDesSources_\u00a9MPMorel-2020-3-1260x1600.jpg\" class=\"w-full object-cover object-center\" alt=\"\" \/>          <\/figure>\n        <\/div>\n              <div class=\"image\">\n          <figure>\n            <img loading=\"lazy\" decoding=\"async\" width=\"1260\" height=\"1600\" src=\"https:\/\/www.sources-hotels.com\/valdeloire\/wp-content\/uploads\/sites\/4\/2025\/01\/LESSOU1-min-4-1260x1600.jpg\" class=\"w-full object-cover object-center\" alt=\"\" \/>          <\/figure>\n        <\/div>\n          <\/div>\n  <\/div>\n<\/section>\n\n\n\n\n<section class=\"custom-block block--room container mx-auto\">\n\n  <div class=\"content gallery-right\">\n\n    <div class=\"text\">\n\n              <h2 class=\"title\">Last Minute<\/h2>\n      \n              <h3 class=\"subtitle\">Angebot f\u00fcr Kurzentschlossene<\/h3>\n      \n      <div class=\"description rte\">\n        <p class=\"\" data-start=\"0\" data-end=\"107\">Exklusiver Tarif und kostenloses Fr\u00fchst\u00fcck<br data-start=\"42\" data-end=\"45\" \/>F\u00fcr Aufenthalte von November bis April (je nach Verf\u00fcgbarkeit).<\/p>\n<p class=\"\" data-start=\"109\" data-end=\"282\">10\u202f% Rabatt auf den flexiblen Tarif \u2013 und das Fr\u00fchst\u00fcck ist inklusive<br data-start=\"178\" data-end=\"181\" \/>G\u00fcltig nur f\u00fcr Buchungen unserer Prestige-Zimmer, Junior Suiten, Prestige Suiten und Signature Suiten.<\/p>\n<p><strong>Bedingungen des Angebots:<\/strong><\/p>\n<ul>\n<li>Buchbar bis sp\u00e4testens 29 Tage vor Anreise<\/li>\n<li>Kostenfreie Stornierung bis 7 Tage vor Aufenthaltsbeginn<\/li>\n<li>Vorauszahlung der Buchung 7 Tage vor Anreise<\/li>\n<\/ul>\n      <\/div>\n\n              <div class=\"ctas\">\n                                <button class=\"button cta2 dedge-open\" >Buchen<\/button>\n                  <\/div>\n      \n    <\/div>\n\n    <div class=\"slider\">\n              <div class=\"image\">\n          <figure>\n            <img loading=\"lazy\" decoding=\"async\" width=\"1260\" height=\"1600\" src=\"https:\/\/www.sources-hotels.com\/valdeloire\/wp-content\/uploads\/sites\/4\/2025\/01\/Velos-@Visucy-2024-2-2-1260x1600.jpg\" class=\"w-full object-cover object-center\" alt=\"\" \/>          <\/figure>\n        <\/div>\n              <div class=\"image\">\n          <figure>\n            <img loading=\"lazy\" decoding=\"async\" width=\"1260\" height=\"1600\" src=\"https:\/\/www.sources-hotels.com\/valdeloire\/wp-content\/uploads\/sites\/4\/2025\/01\/SDCheverny_LAuberge_\u00a9MPMorel-2020-5-1260x1600.jpg\" class=\"w-full object-cover object-center\" alt=\"\" \/>          <\/figure>\n        <\/div>\n              <div class=\"image\">\n          <figure>\n            <img loading=\"lazy\" decoding=\"async\" width=\"1260\" height=\"1600\" src=\"https:\/\/www.sources-hotels.com\/valdeloire\/wp-content\/uploads\/sites\/4\/2025\/01\/LEA6B3_1-1-1260x1600.jpg\" class=\"w-full object-cover object-center\" alt=\"\" \/>          <\/figure>\n        <\/div>\n          <\/div>\n  <\/div>\n<\/section>\n\n","protected":false},"excerpt":{"rendered":"","protected":false},"author":1,"featured_media":0,"parent":0,"menu_order":0,"comment_status":"closed","ping_status":"closed","template":"","meta":{"_acf_changed":false,"footnotes":""},"hotels":[],"doc_cat":[],"class_list":["post-3297","page","type-page","status-publish","hentry"],"acf":[],"yoast_head":"<!-- This site is optimized with the Yoast SEO plugin v25.6 - https:\/\/yoast.com\/wordpress\/plugins\/seo\/ -->\n<title>Angebote Loiretal - Hotel Les Sources de Cheverny<\/title>\n<meta name=\"description\" content=\"Entdecken Sie unsere Pauschalen und Sonderangebote f\u00fcr einen Aufenthalt in Loiretal im Hotel Les Sources de Cheverny.\" \/>\n<meta name=\"robots\" content=\"index, follow, max-snippet:-1, max-image-preview:large, max-video-preview:-1\" \/>\n<link rel=\"canonical\" href=\"https:\/\/www.sources-hotels.com\/valdeloire\/de\/angebote\/\" \/>\n<meta property=\"og:locale\" content=\"de_DE\" \/>\n<meta property=\"og:type\" content=\"article\" \/>\n<meta property=\"og:title\" content=\"Angebote Loiretal - Hotel Les Sources de Cheverny\" \/>\n<meta property=\"og:description\" content=\"Entdecken Sie unsere Pauschalen und Sonderangebote f\u00fcr einen Aufenthalt in Loiretal im Hotel Les Sources de Cheverny.\" \/>\n<meta property=\"og:url\" content=\"https:\/\/www.sources-hotels.com\/valdeloire\/de\/angebote\/\" \/>\n<meta property=\"og:site_name\" content=\"Les Sources de Cheverny\" \/>\n<meta property=\"article:modified_time\" content=\"2025-05-21T08:26:52+00:00\" \/>\n<meta name=\"twitter:card\" content=\"summary_large_image\" \/>\n<script type=\"application\/ld+json\" class=\"yoast-schema-graph\">{\"@context\":\"https:\/\/schema.org\",\"@graph\":[{\"@type\":\"WebPage\",\"@id\":\"https:\/\/www.sources-hotels.com\/valdeloire\/de\/angebote\/\",\"url\":\"https:\/\/www.sources-hotels.com\/valdeloire\/de\/angebote\/\",\"name\":\"Angebote Loiretal - Hotel Les Sources de Cheverny\",\"isPartOf\":{\"@id\":\"https:\/\/www.sources-hotels.com\/valdeloire\/de\/#website\"},\"datePublished\":\"2024-12-31T12:42:18+00:00\",\"dateModified\":\"2025-05-21T08:26:52+00:00\",\"description\":\"Entdecken Sie unsere Pauschalen und Sonderangebote f\u00fcr einen Aufenthalt in Loiretal im Hotel Les Sources de Cheverny.\",\"breadcrumb\":{\"@id\":\"https:\/\/www.sources-hotels.com\/valdeloire\/de\/angebote\/#breadcrumb\"},\"inLanguage\":\"de-DE\",\"potentialAction\":[{\"@type\":\"ReadAction\",\"target\":[\"https:\/\/www.sources-hotels.com\/valdeloire\/de\/angebote\/\"]}]},{\"@type\":\"BreadcrumbList\",\"@id\":\"https:\/\/www.sources-hotels.com\/valdeloire\/de\/angebote\/#breadcrumb\",\"itemListElement\":[{\"@type\":\"ListItem\",\"position\":1,\"name\":\"Accueil\",\"item\":\"https:\/\/www.sources-hotels.com\/valdeloire\/de\/\"},{\"@type\":\"ListItem\",\"position\":2,\"name\":\"Angebote\"}]},{\"@type\":\"WebSite\",\"@id\":\"https:\/\/www.sources-hotels.com\/valdeloire\/de\/#website\",\"url\":\"https:\/\/www.sources-hotels.com\/valdeloire\/de\/\",\"name\":\"Les Sources de Cheverny\",\"description\":\"\",\"publisher\":{\"@id\":\"https:\/\/www.sources-hotels.com\/valdeloire\/de\/#organization\"},\"potentialAction\":[{\"@type\":\"SearchAction\",\"target\":{\"@type\":\"EntryPoint\",\"urlTemplate\":\"https:\/\/www.sources-hotels.com\/valdeloire\/de\/?s={search_term_string}\"},\"query-input\":{\"@type\":\"PropertyValueSpecification\",\"valueRequired\":true,\"valueName\":\"search_term_string\"}}],\"inLanguage\":\"de-DE\"},{\"@type\":\"Organization\",\"@id\":\"https:\/\/www.sources-hotels.com\/valdeloire\/de\/#organization\",\"name\":\"Les Sources de Cheverny\",\"url\":\"https:\/\/www.sources-hotels.com\/valdeloire\/de\/\",\"logo\":{\"@type\":\"ImageObject\",\"inLanguage\":\"de-DE\",\"@id\":\"https:\/\/www.sources-hotels.com\/valdeloire\/de\/#\/schema\/logo\/image\/\",\"url\":\"https:\/\/www.sources-hotels.com\/valdeloire\/wp-content\/uploads\/sites\/4\/2025\/03\/logo-cheverny.png\",\"contentUrl\":\"https:\/\/www.sources-hotels.com\/valdeloire\/wp-content\/uploads\/sites\/4\/2025\/03\/logo-cheverny.png\",\"width\":696,\"height\":291,\"caption\":\"Les Sources de Cheverny\"},\"image\":{\"@id\":\"https:\/\/www.sources-hotels.com\/valdeloire\/de\/#\/schema\/logo\/image\/\"}}]}<\/script>\n<!-- \/ Yoast SEO plugin. -->","yoast_head_json":{"title":"Angebote Loiretal - Hotel Les Sources de Cheverny","description":"Entdecken Sie unsere Pauschalen und Sonderangebote f\u00fcr einen Aufenthalt in Loiretal im Hotel Les Sources de Cheverny.","robots":{"index":"index","follow":"follow","max-snippet":"max-snippet:-1","max-image-preview":"max-image-preview:large","max-video-preview":"max-video-preview:-1"},"canonical":"https:\/\/www.sources-hotels.com\/valdeloire\/de\/angebote\/","og_locale":"de_DE","og_type":"article","og_title":"Angebote Loiretal - Hotel Les Sources de Cheverny","og_description":"Entdecken Sie unsere Pauschalen und Sonderangebote f\u00fcr einen Aufenthalt in Loiretal im Hotel Les Sources de Cheverny.","og_url":"https:\/\/www.sources-hotels.com\/valdeloire\/de\/angebote\/","og_site_name":"Les Sources de Cheverny","article_modified_time":"2025-05-21T08:26:52+00:00","twitter_card":"summary_large_image","schema":{"@context":"https:\/\/schema.org","@graph":[{"@type":"WebPage","@id":"https:\/\/www.sources-hotels.com\/valdeloire\/de\/angebote\/","url":"https:\/\/www.sources-hotels.com\/valdeloire\/de\/angebote\/","name":"Angebote Loiretal - Hotel Les Sources de Cheverny","isPartOf":{"@id":"https:\/\/www.sources-hotels.com\/valdeloire\/de\/#website"},"datePublished":"2024-12-31T12:42:18+00:00","dateModified":"2025-05-21T08:26:52+00:00","description":"Entdecken Sie unsere Pauschalen und Sonderangebote f\u00fcr einen Aufenthalt in Loiretal im Hotel Les Sources de Cheverny.","breadcrumb":{"@id":"https:\/\/www.sources-hotels.com\/valdeloire\/de\/angebote\/#breadcrumb"},"inLanguage":"de-DE","potentialAction":[{"@type":"ReadAction","target":["https:\/\/www.sources-hotels.com\/valdeloire\/de\/angebote\/"]}]},{"@type":"BreadcrumbList","@id":"https:\/\/www.sources-hotels.com\/valdeloire\/de\/angebote\/#breadcrumb","itemListElement":[{"@type":"ListItem","position":1,"name":"Accueil","item":"https:\/\/www.sources-hotels.com\/valdeloire\/de\/"},{"@type":"ListItem","position":2,"name":"Angebote"}]},{"@type":"WebSite","@id":"https:\/\/www.sources-hotels.com\/valdeloire\/de\/#website","url":"https:\/\/www.sources-hotels.com\/valdeloire\/de\/","name":"Les Sources de Cheverny","description":"","publisher":{"@id":"https:\/\/www.sources-hotels.com\/valdeloire\/de\/#organization"},"potentialAction":[{"@type":"SearchAction","target":{"@type":"EntryPoint","urlTemplate":"https:\/\/www.sources-hotels.com\/valdeloire\/de\/?s={search_term_string}"},"query-input":{"@type":"PropertyValueSpecification","valueRequired":true,"valueName":"search_term_string"}}],"inLanguage":"de-DE"},{"@type":"Organization","@id":"https:\/\/www.sources-hotels.com\/valdeloire\/de\/#organization","name":"Les Sources de Cheverny","url":"https:\/\/www.sources-hotels.com\/valdeloire\/de\/","logo":{"@type":"ImageObject","inLanguage":"de-DE","@id":"https:\/\/www.sources-hotels.com\/valdeloire\/de\/#\/schema\/logo\/image\/","url":"https:\/\/www.sources-hotels.com\/valdeloire\/wp-content\/uploads\/sites\/4\/2025\/03\/logo-cheverny.png","contentUrl":"https:\/\/www.sources-hotels.com\/valdeloire\/wp-content\/uploads\/sites\/4\/2025\/03\/logo-cheverny.png","width":696,"height":291,"caption":"Les Sources de Cheverny"},"image":{"@id":"https:\/\/www.sources-hotels.com\/valdeloire\/de\/#\/schema\/logo\/image\/"}}]}},"_links":{"self":[{"href":"https:\/\/www.sources-hotels.com\/valdeloire\/de\/wp-json\/wp\/v2\/pages\/3297","targetHints":{"allow":["GET"]}}],"collection":[{"href":"https:\/\/www.sources-hotels.com\/valdeloire\/de\/wp-json\/wp\/v2\/pages"}],"about":[{"href":"https:\/\/www.sources-hotels.com\/valdeloire\/de\/wp-json\/wp\/v2\/types\/page"}],"author":[{"embeddable":true,"href":"https:\/\/www.sources-hotels.com\/valdeloire\/de\/wp-json\/wp\/v2\/users\/1"}],"replies":[{"embeddable":true,"href":"https:\/\/www.sources-hotels.com\/valdeloire\/de\/wp-json\/wp\/v2\/comments?post=3297"}],"version-history":[{"count":28,"href":"https:\/\/www.sources-hotels.com\/valdeloire\/de\/wp-json\/wp\/v2\/pages\/3297\/revisions"}],"predecessor-version":[{"id":3967,"href":"https:\/\/www.sources-hotels.com\/valdeloire\/de\/wp-json\/wp\/v2\/pages\/3297\/revisions\/3967"}],"wp:attachment":[{"href":"https:\/\/www.sources-hotels.com\/valdeloire\/de\/wp-json\/wp\/v2\/media?parent=3297"}],"wp:term":[{"taxonomy":"hotels","embeddable":true,"href":"https:\/\/www.sources-hotels.com\/valdeloire\/de\/wp-json\/wp\/v2\/hotels?post=3297"},{"taxonomy":"doc_cat","embeddable":true,"href":"https:\/\/www.sources-hotels.com\/valdeloire\/de\/wp-json\/wp\/v2\/doc_cat?post=3297"}],"curies":[{"name":"wp","href":"https:\/\/api.w.org\/{rel}","templated":true}]}}