{"id":3301,"date":"2024-12-31T15:08:16","date_gmt":"2024-12-31T14:08:16","guid":{"rendered":"https:\/\/www.sources-hotels.com\/valdeloire\/?page_id=3301"},"modified":"2025-06-27T10:01:32","modified_gmt":"2025-06-27T08:01:32","slug":"anzeigne-kontakt","status":"publish","type":"page","link":"https:\/\/www.sources-hotels.com\/valdeloire\/de\/anzeigne-kontakt\/","title":{"rendered":"Anzeigne und Kontakt"},"content":{"rendered":"\n<section class=\"custom-block block--header h-[206rem] text-center text-white overflow-hidden pt-[100rem] relative tablet:h-[700rem] tablet:pt-[420rem]\">\n\n    <h1>\n                            Anzeigne und Kontakt            <\/h1>\n\n    \n    <span class=\"scroll-down hidden text-[12rem] tracking-[2rem] uppercase font-title cursor-pointer opacity-[64%] pb-[66rem] absolute left-2\/4 bottom-0 translate-x-[-50%] after:w-[1px] after:h-[50rem] after:bg-white after:opacity-[40%] after:absolute after:bottom-0 after:left-[50%] tablet:block\">\n        Mehr entdecken    <\/span>\n\n    <figure class=\"min-w-full min-h-full aspect-video overflow-hidden absolute top-2\/4 left-2\/4 translate-x-[-50%] translate-y-[-50%] z-[-1] before:bg-black before:opacity-[35%] before:mix-blend-multiply before:absolute before:top-0 before:left-0 before:right-0 before:bottom-0 before:z-[2]\">\n                    <img loading=\"lazy\" decoding=\"async\" width=\"1350\" height=\"900\" src=\"https:\/\/www.sources-hotels.com\/valdeloire\/wp-content\/uploads\/sites\/4\/2024\/12\/LesSourcesDeCheverny_HameauDuMaraisExt_\u00a9itshenriette-1350x900.jpg\" class=\"h-full w-full object-cover object-center\" alt=\"hotel Les Sources de Cheverny\" srcset=\"https:\/\/www.sources-hotels.com\/valdeloire\/wp-content\/uploads\/sites\/4\/2024\/12\/LesSourcesDeCheverny_HameauDuMaraisExt_\u00a9itshenriette-1350x900.jpg 1350w, https:\/\/www.sources-hotels.com\/valdeloire\/wp-content\/uploads\/sites\/4\/2024\/12\/LesSourcesDeCheverny_HameauDuMaraisExt_\u00a9itshenriette-300x200.jpg 300w, https:\/\/www.sources-hotels.com\/valdeloire\/wp-content\/uploads\/sites\/4\/2024\/12\/LesSourcesDeCheverny_HameauDuMaraisExt_\u00a9itshenriette-1024x683.jpg 1024w, https:\/\/www.sources-hotels.com\/valdeloire\/wp-content\/uploads\/sites\/4\/2024\/12\/LesSourcesDeCheverny_HameauDuMaraisExt_\u00a9itshenriette-768x512.jpg 768w, https:\/\/www.sources-hotels.com\/valdeloire\/wp-content\/uploads\/sites\/4\/2024\/12\/LesSourcesDeCheverny_HameauDuMaraisExt_\u00a9itshenriette-1536x1024.jpg 1536w, https:\/\/www.sources-hotels.com\/valdeloire\/wp-content\/uploads\/sites\/4\/2024\/12\/LesSourcesDeCheverny_HameauDuMaraisExt_\u00a9itshenriette-2048x1365.jpg 2048w, https:\/\/www.sources-hotels.com\/valdeloire\/wp-content\/uploads\/sites\/4\/2024\/12\/LesSourcesDeCheverny_HameauDuMaraisExt_\u00a9itshenriette-1260x840.jpg 1260w, https:\/\/www.sources-hotels.com\/valdeloire\/wp-content\/uploads\/sites\/4\/2024\/12\/LesSourcesDeCheverny_HameauDuMaraisExt_\u00a9itshenriette-450x300.jpg 450w, https:\/\/www.sources-hotels.com\/valdeloire\/wp-content\/uploads\/sites\/4\/2024\/12\/LesSourcesDeCheverny_HameauDuMaraisExt_\u00a9itshenriette-465x310.jpg 465w, https:\/\/www.sources-hotels.com\/valdeloire\/wp-content\/uploads\/sites\/4\/2024\/12\/LesSourcesDeCheverny_HameauDuMaraisExt_\u00a9itshenriette-630x420.jpg 630w, https:\/\/www.sources-hotels.com\/valdeloire\/wp-content\/uploads\/sites\/4\/2024\/12\/LesSourcesDeCheverny_HameauDuMaraisExt_\u00a9itshenriette-966x644.jpg 966w, https:\/\/www.sources-hotels.com\/valdeloire\/wp-content\/uploads\/sites\/4\/2024\/12\/LesSourcesDeCheverny_HameauDuMaraisExt_\u00a9itshenriette-750x500.jpg 750w, https:\/\/www.sources-hotels.com\/valdeloire\/wp-content\/uploads\/sites\/4\/2024\/12\/LesSourcesDeCheverny_HameauDuMaraisExt_\u00a9itshenriette-1020x680.jpg 1020w, https:\/\/www.sources-hotels.com\/valdeloire\/wp-content\/uploads\/sites\/4\/2024\/12\/LesSourcesDeCheverny_HameauDuMaraisExt_\u00a9itshenriette-690x460.jpg 690w, https:\/\/www.sources-hotels.com\/valdeloire\/wp-content\/uploads\/sites\/4\/2024\/12\/LesSourcesDeCheverny_HameauDuMaraisExt_\u00a9itshenriette-640x427.jpg 640w, https:\/\/www.sources-hotels.com\/valdeloire\/wp-content\/uploads\/sites\/4\/2024\/12\/LesSourcesDeCheverny_HameauDuMaraisExt_\u00a9itshenriette-420x280.jpg 420w\" sizes=\"auto, (max-width: 1350px) 100vw, 1350px\" \/>            <\/figure>\n    \n<\/section>\n\n    \n\n<section class=\"custom-block block--text-1-large-visual-watermark-writing overflow-visible z-[0]\">\n\n      <h2 class=\"block-title\">Anreise<\/h2>\n  \n  <div class=\"block-content picture-left\">\n\n    <div class=\"content\">\n\n      \n      <div class=\"text rte\">\n\n        \n        <div class=\"rte\">\n          <p>&nbsp;<\/p>\n<p><em><strong>23 route de Foug\u00e8re<\/strong><\/em><br \/>\n<em><strong>41700 Cheverny<\/strong><\/em><br \/>\n<em><strong>Frankreich<\/strong><\/em><\/p>\n<p><strong>GPS<br \/>\n<\/strong>Breitengrad: 47.4836<br \/>\nL\u00e4ngengrad: 1.426785<\/p>\n<p><strong>Anreise mit dem Auto<br \/>\n<\/strong>2 Stunden von Paris \u00fcber die A10.<br \/>\nLadestationen f\u00fcr Elektrofahrzeuge stehen im Hotel zur Verf\u00fcgung.<\/p>\n<p><strong>Anreise mit dem Zug<br \/>\n<\/strong>Bahnhof Blois \u2013 ca. 25 Minuten Transferzeit<br \/>\nBahnhof Saint-Pierre-des-Corps \u2013 ca. 55 Minuten Transferzeit<br \/>\nBahnhof Vend\u00f4me \u2013 ca. 50 Minuten Transferzeit<\/p>\n<p><strong>Anreise mit dem Flugzeug<br \/>\n<\/strong>Flughafen Paris-Orly<br \/>\nFlughafen Paris-Charles de Gaulle<br \/>\nFlughafen Tours \u2013 ca. 50 Minuten Transferzeit<br \/>\nFlughafen Blois Le Breuil \u2013 ca. 30 Minuten Transferzeit<\/p>\n<p>Gerne organisieren wir f\u00fcr Sie einen Transfer vom oder zum Bahnhof bzw. Flughafen Ihrer Wahl. F\u00fcr weitere Informationen und Ausk\u00fcnfte zu den Preisen kontaktieren Sie uns bitte direkt.<\/p>\n        <\/div>\n\n        <div class=\"cta\">\n                  <\/div>\n\n      <\/div>\n\n    <\/div>\n\n    <div class=\"image\">\n      <figure>\n        <img loading=\"lazy\" decoding=\"async\" width=\"1260\" height=\"1600\" src=\"https:\/\/www.sources-hotels.com\/valdeloire\/wp-content\/uploads\/sites\/4\/2025\/01\/LesSourcesDeCheverny_Hameau_\u00a9itshenriette_Juin2024-5-1260x1600.jpg\" class=\"h-full w-full object-cover object-center\" alt=\"\" \/>      <\/figure>\n    <\/div>\n\n  <\/div>\n\n  \n<\/section>\n\n\n<section class=\"custom-block block--title-introduction text-center tablet:!pb-[60rem]\">\n\n            <h2 class=\"block-title\">Kontaktieren Sie uns<\/h2>\n    \n    <div class=\"tablet:w-[970rem] tablet:inline-block\">\n        <p>Telefonisch: +33(0)2 54 44 20 20<\/p>\n<p>Per E-Mail: info@sources-cheverny.com<\/p>\n<p>Oder nutzen Sie das untenstehende Kontaktformular.<br \/>\nUnser Team wird sich so schnell wie m\u00f6glich bei Ihnen melden.<\/p>\n<p>&nbsp;<\/p>\n    <\/div>\n\n<\/section>\n\n\n\n<section class=\"custom-block block--contact-form-maps mx-auto\">\n\n  <div class=\"columns with-maps\">\n    <div class=\"column form\">\n<div class=\"wpcf7 no-js\" id=\"wpcf7-f3863-o1\" lang=\"fr-FR\" dir=\"ltr\" data-wpcf7-id=\"3863\">\n<div class=\"screen-reader-response\"><p role=\"status\" aria-live=\"polite\" aria-atomic=\"true\"><\/p> <ul><\/ul><\/div>\n<form action=\"\/valdeloire\/de\/wp-json\/wp\/v2\/pages\/3301#wpcf7-f3863-o1\" method=\"post\" class=\"wpcf7-form init\" aria-label=\"Contact form\" enctype=\"multipart\/form-data\" novalidate=\"novalidate\" data-status=\"init\">\n<div style=\"display: none;\">\n<input type=\"hidden\" name=\"_wpcf7\" value=\"3863\" \/>\n<input type=\"hidden\" name=\"_wpcf7_version\" value=\"6.0.6\" \/>\n<input type=\"hidden\" name=\"_wpcf7_locale\" value=\"fr_FR\" \/>\n<input type=\"hidden\" name=\"_wpcf7_unit_tag\" value=\"wpcf7-f3863-o1\" \/>\n<input type=\"hidden\" name=\"_wpcf7_container_post\" value=\"0\" \/>\n<input type=\"hidden\" name=\"_wpcf7_posted_data_hash\" value=\"\" \/>\n<input type=\"hidden\" name=\"_wpcf7_recaptcha_response\" value=\"\" \/>\n<\/div>\n<p><label> Nachname*<br \/>\n<span class=\"wpcf7-form-control-wrap\" data-name=\"lastname\"><input size=\"40\" maxlength=\"400\" class=\"wpcf7-form-control wpcf7-text wpcf7-validates-as-required\" autocomplete=\"lastname\" aria-required=\"true\" aria-invalid=\"false\" value=\"\" type=\"text\" name=\"lastname\" \/><\/span> <\/label>\n<\/p>\n<p><label> Vorname*<br \/>\n<span class=\"wpcf7-form-control-wrap\" data-name=\"firstname\"><input size=\"40\" maxlength=\"400\" class=\"wpcf7-form-control wpcf7-text wpcf7-validates-as-required\" autocomplete=\"firstname\" aria-required=\"true\" aria-invalid=\"false\" value=\"\" type=\"text\" name=\"firstname\" \/><\/span> <\/label>\n<\/p>\n<p><label> Land<br \/>\n<span class=\"wpcf7-form-control-wrap\" data-name=\"country\"><input size=\"40\" class=\"wpcf7-form-control wpcf7-countrytext wpcf7-text wpcf7-validates-as-countrytext\" aria-invalid=\"false\" value=\"\" type=\"text\" name=\"country\" \/><\/span> <\/label>\n<\/p>\n<p><label> Sprache*<br \/>\n<span class=\"wpcf7-form-control-wrap\" data-name=\"Sprache\"><select class=\"wpcf7-form-control wpcf7-select wpcf7-validates-as-required\" aria-required=\"true\" aria-invalid=\"false\" name=\"Sprache\"><option value=\"Franz\u00f6sisch\">Franz\u00f6sisch<\/option><option value=\"Deutsch\">Deutsch<\/option><option value=\"Englisch\">Englisch<\/option><\/select><\/span> <\/label>\n<\/p>\n<p><label> Telefonnummer*<br \/>\n<span class=\"wpcf7-form-control-wrap\" data-name=\"phone\"><input size=\"40\" class=\"wpcf7-form-control wpcf7-phonetext wpcf7-validates-as-required wpcf7-text wpcf7-validates-as-phonetext\" autocomplete=\"phone\" data-numberonly=\"true\" aria-required=\"true\" aria-invalid=\"false\" value=\"\" type=\"text\" name=\"phone\" \/><input type=\"hidden\" name=\"phone-country-code\" class=\"wpcf7-phonetext-country-code\" \/><\/span> <\/label>\n<\/p>\n<p><label> Email*<br \/>\n<span class=\"wpcf7-form-control-wrap\" data-name=\"email\"><input size=\"40\" maxlength=\"400\" class=\"wpcf7-form-control wpcf7-email wpcf7-validates-as-required wpcf7-text wpcf7-validates-as-email\" autocomplete=\"email\" aria-required=\"true\" aria-invalid=\"false\" value=\"\" type=\"email\" name=\"email\" \/><\/span> <\/label>\n<\/p>\n<p><label> Ihre Nachricht*<br \/>\n<span class=\"wpcf7-form-control-wrap\" data-name=\"message\"><textarea cols=\"40\" rows=\"10\" maxlength=\"2000\" class=\"wpcf7-form-control wpcf7-textarea wpcf7-validates-as-required\" aria-required=\"true\" aria-invalid=\"false\" name=\"message\"><\/textarea><\/span> <\/label>\n<\/p>\n<p><label> Eine Datei hochladen<br \/>\n<span class=\"wpcf7-form-control-wrap\" data-name=\"file\"><input size=\"40\" class=\"wpcf7-form-control wpcf7-file\" accept=\".pdf,.txt\" aria-invalid=\"false\" type=\"file\" name=\"file\" \/><\/span> <\/label>\n<\/p>\n<p><span class=\"wpcf7-form-control-wrap\" data-name=\"optin\"><span class=\"wpcf7-form-control wpcf7-checkbox\"><span class=\"wpcf7-list-item first last\"><input type=\"checkbox\" name=\"optin[]\" value=\"Ich m\u00f6chte die neuesten Nachrichten der Gruppe erhalten\" \/><span class=\"wpcf7-list-item-label\">Ich m\u00f6chte die neuesten Nachrichten der Gruppe erhalten<\/span><\/span><\/span><\/span><br \/>\n<span class=\"wpcf7-form-control-wrap\" data-name=\"accept\"><span class=\"wpcf7-form-control wpcf7-checkbox wpcf7-validates-as-required\"><span class=\"wpcf7-list-item first last\"><input type=\"checkbox\" name=\"accept[]\" value=\"Ich erteile meine Zustimmung*\" \/><span class=\"wpcf7-list-item-label\">Ich erteile meine Zustimmung*<\/span><\/span><\/span><\/span>\n<\/p>\n<p><input class=\"wpcf7-form-control wpcf7-submit has-spinner button\" type=\"submit\" value=\"Senden\" \/>\n<\/p><div class=\"wpcf7-response-output\" aria-hidden=\"true\"><\/div>\n<\/form>\n<\/div>\n<\/div>\n    <div class=\"column map\"><style type=\"text\/css\" id=\"umsMapStyles_1_5636\">\n    #ultimate_maps_1_5636 {\n        width: 100%;\n        height: 700px;\n                border: 0px solid ;\n        margin: 0px;\n    }\n    #mapsControlsNum_1_5636 {\n        width:100%    }\n    .umsMapDetailsContainer#umsMapDetailsContainer_1_5636 {\n        height:700px;\n    }\n    .ums_MapPreview#ultimate_maps_1_5636 {\n        \/*position:absolute;*\/\n        width:100%;\n    }\n    #mapConElem_1_5636{\n        width:100%    }\n    <\/style><div class=\"ums_map_opts\" id=\"mapConElem_1_5636\" data-id=\"1\" data-view-id=\"1_5636\" > <div class=\"umsMapDetailsContainer\" id=\"umsMapDetailsContainer_1_5636\"> <i class=\"umsKMLLayersPreloader fa fa-spinner fa-spin\" aria-hidden=\"true\" style=\"display: none;\"><\/i> <div class=\"ums_MapPreview \" id=\"ultimate_maps_1_5636\"><\/div> <\/div> <div class=\"umsMapMarkerFilters\" id=\"umsMapMarkerFilters_1_5636\"> <\/div> <div class=\"umsMapProControlsCon\" id=\"umsMapProControlsCon_1_5636\"> <a title=\"Google Map WordPress\" style=\"display:none;\" href=\"https:\/\/supsystic.com\/plugins\/google-maps-plugin\/?utm_medium=love_link_hide\" target=\"_blank\">Google Map WordPress<\/a><div style=\"clear: both;\"><\/div> <\/div> <div class=\"umsMapProDirectionsCon\" id=\"umsMapProDirectionsCon_1_5636\" > <\/div> <div class=\"umsMapProKmlFilterCon\" id=\"umsMapProKmlFilterCon_1_5636\" > <\/div> <div class=\"umsSocialSharingShell umsSocialSharingShell_1_5636\"> <\/div> <div style=\"clear: both;\"><\/div> <\/div><\/div>  <\/div>\n\n  \n<\/section>\n","protected":false},"excerpt":{"rendered":"","protected":false},"author":1,"featured_media":0,"parent":0,"menu_order":0,"comment_status":"closed","ping_status":"closed","template":"","meta":{"_acf_changed":false,"footnotes":""},"hotels":[],"doc_cat":[],"class_list":["post-3301","page","type-page","status-publish","hentry"],"acf":[],"yoast_head":"<!-- This site is optimized with the Yoast SEO plugin v25.6 - https:\/\/yoast.com\/wordpress\/plugins\/seo\/ -->\n<title>Anzeigne und Kontakt - Les Sources de Cheverny<\/title>\n<meta name=\"description\" content=\"Hotel Les Sources de Cheverny. Erfahren Sie, wie Sie zu uns gelangen, oder nehmen Sie Kontakt mit uns auf.\" \/>\n<meta name=\"robots\" content=\"index, follow, max-snippet:-1, max-image-preview:large, max-video-preview:-1\" \/>\n<link rel=\"canonical\" href=\"https:\/\/www.sources-hotels.com\/valdeloire\/de\/anzeigne-kontakt\/\" \/>\n<meta property=\"og:locale\" content=\"de_DE\" \/>\n<meta property=\"og:type\" content=\"article\" \/>\n<meta property=\"og:title\" content=\"Anzeigne und Kontakt - Les Sources de Cheverny\" \/>\n<meta property=\"og:description\" content=\"Hotel Les Sources de Cheverny. Erfahren Sie, wie Sie zu uns gelangen, oder nehmen Sie Kontakt mit uns auf.\" \/>\n<meta property=\"og:url\" content=\"https:\/\/www.sources-hotels.com\/valdeloire\/de\/anzeigne-kontakt\/\" \/>\n<meta property=\"og:site_name\" content=\"Les Sources de Cheverny\" \/>\n<meta property=\"article:modified_time\" content=\"2025-06-27T08:01:32+00:00\" \/>\n<meta name=\"twitter:card\" content=\"summary_large_image\" \/>\n<script type=\"application\/ld+json\" class=\"yoast-schema-graph\">{\"@context\":\"https:\/\/schema.org\",\"@graph\":[{\"@type\":\"WebPage\",\"@id\":\"https:\/\/www.sources-hotels.com\/valdeloire\/de\/anzeigne-kontakt\/\",\"url\":\"https:\/\/www.sources-hotels.com\/valdeloire\/de\/anzeigne-kontakt\/\",\"name\":\"Anzeigne und Kontakt - Les Sources de Cheverny\",\"isPartOf\":{\"@id\":\"https:\/\/www.sources-hotels.com\/valdeloire\/de\/#website\"},\"datePublished\":\"2024-12-31T14:08:16+00:00\",\"dateModified\":\"2025-06-27T08:01:32+00:00\",\"description\":\"Hotel Les Sources de Cheverny. Erfahren Sie, wie Sie zu uns gelangen, oder nehmen Sie Kontakt mit uns auf.\",\"breadcrumb\":{\"@id\":\"https:\/\/www.sources-hotels.com\/valdeloire\/de\/anzeigne-kontakt\/#breadcrumb\"},\"inLanguage\":\"de-DE\",\"potentialAction\":[{\"@type\":\"ReadAction\",\"target\":[\"https:\/\/www.sources-hotels.com\/valdeloire\/de\/anzeigne-kontakt\/\"]}]},{\"@type\":\"BreadcrumbList\",\"@id\":\"https:\/\/www.sources-hotels.com\/valdeloire\/de\/anzeigne-kontakt\/#breadcrumb\",\"itemListElement\":[{\"@type\":\"ListItem\",\"position\":1,\"name\":\"Accueil\",\"item\":\"https:\/\/www.sources-hotels.com\/valdeloire\/de\/\"},{\"@type\":\"ListItem\",\"position\":2,\"name\":\"Anzeigne und Kontakt\"}]},{\"@type\":\"WebSite\",\"@id\":\"https:\/\/www.sources-hotels.com\/valdeloire\/de\/#website\",\"url\":\"https:\/\/www.sources-hotels.com\/valdeloire\/de\/\",\"name\":\"Les Sources de Cheverny\",\"description\":\"\",\"publisher\":{\"@id\":\"https:\/\/www.sources-hotels.com\/valdeloire\/de\/#organization\"},\"potentialAction\":[{\"@type\":\"SearchAction\",\"target\":{\"@type\":\"EntryPoint\",\"urlTemplate\":\"https:\/\/www.sources-hotels.com\/valdeloire\/de\/?s={search_term_string}\"},\"query-input\":{\"@type\":\"PropertyValueSpecification\",\"valueRequired\":true,\"valueName\":\"search_term_string\"}}],\"inLanguage\":\"de-DE\"},{\"@type\":\"Organization\",\"@id\":\"https:\/\/www.sources-hotels.com\/valdeloire\/de\/#organization\",\"name\":\"Les Sources de Cheverny\",\"url\":\"https:\/\/www.sources-hotels.com\/valdeloire\/de\/\",\"logo\":{\"@type\":\"ImageObject\",\"inLanguage\":\"de-DE\",\"@id\":\"https:\/\/www.sources-hotels.com\/valdeloire\/de\/#\/schema\/logo\/image\/\",\"url\":\"https:\/\/www.sources-hotels.com\/valdeloire\/wp-content\/uploads\/sites\/4\/2025\/03\/logo-cheverny.png\",\"contentUrl\":\"https:\/\/www.sources-hotels.com\/valdeloire\/wp-content\/uploads\/sites\/4\/2025\/03\/logo-cheverny.png\",\"width\":696,\"height\":291,\"caption\":\"Les Sources de Cheverny\"},\"image\":{\"@id\":\"https:\/\/www.sources-hotels.com\/valdeloire\/de\/#\/schema\/logo\/image\/\"}}]}<\/script>\n<!-- \/ Yoast SEO plugin. -->","yoast_head_json":{"title":"Anzeigne und Kontakt - Les Sources de Cheverny","description":"Hotel Les Sources de Cheverny. Erfahren Sie, wie Sie zu uns gelangen, oder nehmen Sie Kontakt mit uns auf.","robots":{"index":"index","follow":"follow","max-snippet":"max-snippet:-1","max-image-preview":"max-image-preview:large","max-video-preview":"max-video-preview:-1"},"canonical":"https:\/\/www.sources-hotels.com\/valdeloire\/de\/anzeigne-kontakt\/","og_locale":"de_DE","og_type":"article","og_title":"Anzeigne und Kontakt - Les Sources de Cheverny","og_description":"Hotel Les Sources de Cheverny. Erfahren Sie, wie Sie zu uns gelangen, oder nehmen Sie Kontakt mit uns auf.","og_url":"https:\/\/www.sources-hotels.com\/valdeloire\/de\/anzeigne-kontakt\/","og_site_name":"Les Sources de Cheverny","article_modified_time":"2025-06-27T08:01:32+00:00","twitter_card":"summary_large_image","schema":{"@context":"https:\/\/schema.org","@graph":[{"@type":"WebPage","@id":"https:\/\/www.sources-hotels.com\/valdeloire\/de\/anzeigne-kontakt\/","url":"https:\/\/www.sources-hotels.com\/valdeloire\/de\/anzeigne-kontakt\/","name":"Anzeigne und Kontakt - Les Sources de Cheverny","isPartOf":{"@id":"https:\/\/www.sources-hotels.com\/valdeloire\/de\/#website"},"datePublished":"2024-12-31T14:08:16+00:00","dateModified":"2025-06-27T08:01:32+00:00","description":"Hotel Les Sources de Cheverny. Erfahren Sie, wie Sie zu uns gelangen, oder nehmen Sie Kontakt mit uns auf.","breadcrumb":{"@id":"https:\/\/www.sources-hotels.com\/valdeloire\/de\/anzeigne-kontakt\/#breadcrumb"},"inLanguage":"de-DE","potentialAction":[{"@type":"ReadAction","target":["https:\/\/www.sources-hotels.com\/valdeloire\/de\/anzeigne-kontakt\/"]}]},{"@type":"BreadcrumbList","@id":"https:\/\/www.sources-hotels.com\/valdeloire\/de\/anzeigne-kontakt\/#breadcrumb","itemListElement":[{"@type":"ListItem","position":1,"name":"Accueil","item":"https:\/\/www.sources-hotels.com\/valdeloire\/de\/"},{"@type":"ListItem","position":2,"name":"Anzeigne und Kontakt"}]},{"@type":"WebSite","@id":"https:\/\/www.sources-hotels.com\/valdeloire\/de\/#website","url":"https:\/\/www.sources-hotels.com\/valdeloire\/de\/","name":"Les Sources de Cheverny","description":"","publisher":{"@id":"https:\/\/www.sources-hotels.com\/valdeloire\/de\/#organization"},"potentialAction":[{"@type":"SearchAction","target":{"@type":"EntryPoint","urlTemplate":"https:\/\/www.sources-hotels.com\/valdeloire\/de\/?s={search_term_string}"},"query-input":{"@type":"PropertyValueSpecification","valueRequired":true,"valueName":"search_term_string"}}],"inLanguage":"de-DE"},{"@type":"Organization","@id":"https:\/\/www.sources-hotels.com\/valdeloire\/de\/#organization","name":"Les Sources de Cheverny","url":"https:\/\/www.sources-hotels.com\/valdeloire\/de\/","logo":{"@type":"ImageObject","inLanguage":"de-DE","@id":"https:\/\/www.sources-hotels.com\/valdeloire\/de\/#\/schema\/logo\/image\/","url":"https:\/\/www.sources-hotels.com\/valdeloire\/wp-content\/uploads\/sites\/4\/2025\/03\/logo-cheverny.png","contentUrl":"https:\/\/www.sources-hotels.com\/valdeloire\/wp-content\/uploads\/sites\/4\/2025\/03\/logo-cheverny.png","width":696,"height":291,"caption":"Les Sources de Cheverny"},"image":{"@id":"https:\/\/www.sources-hotels.com\/valdeloire\/de\/#\/schema\/logo\/image\/"}}]}},"_links":{"self":[{"href":"https:\/\/www.sources-hotels.com\/valdeloire\/de\/wp-json\/wp\/v2\/pages\/3301","targetHints":{"allow":["GET"]}}],"collection":[{"href":"https:\/\/www.sources-hotels.com\/valdeloire\/de\/wp-json\/wp\/v2\/pages"}],"about":[{"href":"https:\/\/www.sources-hotels.com\/valdeloire\/de\/wp-json\/wp\/v2\/types\/page"}],"author":[{"embeddable":true,"href":"https:\/\/www.sources-hotels.com\/valdeloire\/de\/wp-json\/wp\/v2\/users\/1"}],"replies":[{"embeddable":true,"href":"https:\/\/www.sources-hotels.com\/valdeloire\/de\/wp-json\/wp\/v2\/comments?post=3301"}],"version-history":[{"count":7,"href":"https:\/\/www.sources-hotels.com\/valdeloire\/de\/wp-json\/wp\/v2\/pages\/3301\/revisions"}],"predecessor-version":[{"id":4104,"href":"https:\/\/www.sources-hotels.com\/valdeloire\/de\/wp-json\/wp\/v2\/pages\/3301\/revisions\/4104"}],"wp:attachment":[{"href":"https:\/\/www.sources-hotels.com\/valdeloire\/de\/wp-json\/wp\/v2\/media?parent=3301"}],"wp:term":[{"taxonomy":"hotels","embeddable":true,"href":"https:\/\/www.sources-hotels.com\/valdeloire\/de\/wp-json\/wp\/v2\/hotels?post=3301"},{"taxonomy":"doc_cat","embeddable":true,"href":"https:\/\/www.sources-hotels.com\/valdeloire\/de\/wp-json\/wp\/v2\/doc_cat?post=3301"}],"curies":[{"name":"wp","href":"https:\/\/api.w.org\/{rel}","templated":true}]}}