{"id":3302,"date":"2024-12-31T15:27:54","date_gmt":"2024-12-31T14:27:54","guid":{"rendered":"https:\/\/www.sources-hotels.com\/valdeloire\/?page_id=3302"},"modified":"2026-03-18T16:46:35","modified_gmt":"2026-03-18T15:46:35","slug":"agb","status":"publish","type":"page","link":"https:\/\/www.sources-hotels.com\/valdeloire\/de\/agb\/","title":{"rendered":"AGB"},"content":{"rendered":"\n<section class=\"custom-block block--header h-[206rem] text-center text-white overflow-hidden pt-[100rem] relative tablet:h-[700rem] tablet:pt-[420rem]\">\n\n    <h1>\n                            ALLGEMEINE GESCH\u00c4FTSBEDINGUNGEN            <\/h1>\n\n    \n    <span class=\"scroll-down hidden text-[12rem] tracking-[2rem] uppercase font-title cursor-pointer opacity-[64%] pb-[66rem] absolute left-2\/4 bottom-0 translate-x-[-50%] after:w-[1px] after:h-[50rem] after:bg-white after:opacity-[40%] after:absolute after:bottom-0 after:left-[50%] tablet:block\">\n        Mehr entdecken    <\/span>\n\n    <figure class=\"min-w-full min-h-full aspect-video overflow-hidden absolute top-2\/4 left-2\/4 translate-x-[-50%] translate-y-[-50%] z-[-1] before:bg-black before:opacity-[35%] before:mix-blend-multiply before:absolute before:top-0 before:left-0 before:right-0 before:bottom-0 before:z-[2]\">\n                    <img loading=\"lazy\" decoding=\"async\" width=\"1350\" height=\"900\" src=\"https:\/\/www.sources-hotels.com\/valdeloire\/wp-content\/uploads\/sites\/4\/2025\/01\/LEAF251-min-1-1350x900.jpg\" class=\"h-full w-full object-cover object-center\" alt=\"\" srcset=\"https:\/\/www.sources-hotels.com\/valdeloire\/wp-content\/uploads\/sites\/4\/2025\/01\/LEAF251-min-1-1350x900.jpg 1350w, https:\/\/www.sources-hotels.com\/valdeloire\/wp-content\/uploads\/sites\/4\/2025\/01\/LEAF251-min-1-300x200.jpg 300w, https:\/\/www.sources-hotels.com\/valdeloire\/wp-content\/uploads\/sites\/4\/2025\/01\/LEAF251-min-1-1024x683.jpg 1024w, https:\/\/www.sources-hotels.com\/valdeloire\/wp-content\/uploads\/sites\/4\/2025\/01\/LEAF251-min-1-768x512.jpg 768w, https:\/\/www.sources-hotels.com\/valdeloire\/wp-content\/uploads\/sites\/4\/2025\/01\/LEAF251-min-1-1536x1024.jpg 1536w, https:\/\/www.sources-hotels.com\/valdeloire\/wp-content\/uploads\/sites\/4\/2025\/01\/LEAF251-min-1-2048x1365.jpg 2048w, https:\/\/www.sources-hotels.com\/valdeloire\/wp-content\/uploads\/sites\/4\/2025\/01\/LEAF251-min-1-1260x840.jpg 1260w, https:\/\/www.sources-hotels.com\/valdeloire\/wp-content\/uploads\/sites\/4\/2025\/01\/LEAF251-min-1-450x300.jpg 450w, https:\/\/www.sources-hotels.com\/valdeloire\/wp-content\/uploads\/sites\/4\/2025\/01\/LEAF251-min-1-465x310.jpg 465w, https:\/\/www.sources-hotels.com\/valdeloire\/wp-content\/uploads\/sites\/4\/2025\/01\/LEAF251-min-1-630x420.jpg 630w, https:\/\/www.sources-hotels.com\/valdeloire\/wp-content\/uploads\/sites\/4\/2025\/01\/LEAF251-min-1-966x644.jpg 966w, https:\/\/www.sources-hotels.com\/valdeloire\/wp-content\/uploads\/sites\/4\/2025\/01\/LEAF251-min-1-750x500.jpg 750w, https:\/\/www.sources-hotels.com\/valdeloire\/wp-content\/uploads\/sites\/4\/2025\/01\/LEAF251-min-1-1020x680.jpg 1020w, https:\/\/www.sources-hotels.com\/valdeloire\/wp-content\/uploads\/sites\/4\/2025\/01\/LEAF251-min-1-690x460.jpg 690w, https:\/\/www.sources-hotels.com\/valdeloire\/wp-content\/uploads\/sites\/4\/2025\/01\/LEAF251-min-1-640x427.jpg 640w, https:\/\/www.sources-hotels.com\/valdeloire\/wp-content\/uploads\/sites\/4\/2025\/01\/LEAF251-min-1-420x280.jpg 420w\" sizes=\"auto, (max-width: 1350px) 100vw, 1350px\" \/>            <\/figure>\n    \n<\/section>\n\n    \n\n<section class=\"custom-block block--title-text\">\n\n            <h2 class=\"title\">PREISE<\/h2>\n    \n            <div class=\"text rte\"><ul>\n<li><span style=\"font-weight: 400\">Die Preise verstehen sich inklusive aller Steuern, zuz\u00fcglich der Kurtaxe von 3\u202f\u20ac pro Nacht und pro Person.<\/span><\/li>\n<li><span style=\"font-weight: 400\">Der Halbpensionszuschlag umfasst das Fr\u00fchst\u00fcck und ein Abendessen im Restaurant L\u2019Auberge (ohne Getr\u00e4nke).<\/span><\/li>\n<li><span style=\"font-weight: 400\">Akzeptierte Kreditkarten: Visa, Eurocard, Mastercard und American Express.<\/span><\/li>\n<li><span style=\"font-weight: 400\">Schecks werden nicht akzeptiert.<\/span><\/li>\n<\/ul>\n<\/div>\n    \n<\/section>\n\n\n<section class=\"custom-block block--title-text\">\n\n            <h2 class=\"title\">HOTEL<\/h2>\n    \n            <div class=\"text rte\"><ul>\n<li><span style=\"font-weight: 400\">Am Anreisetag sind die Zimmer ab 15:30 Uhr verf\u00fcgbar. Sie m\u00fcssen am Abreisetag bis sp\u00e4testens 12:00 Uhr ger\u00e4umt werden.<\/span><\/li>\n<li><span style=\"font-weight: 400\">Eine \u00dcberschreitung dieser Zeiten wird als zus\u00e4tzliche \u00dcbernachtung berechnet.<br \/>\n<\/span><\/li>\n<li><span style=\"font-weight: 400\">Wenn Sie Ihr Zimmer vor 15:30 Uhr beziehen m\u00f6chten, empfehlen wir, die vorherige Nacht zu reservieren (zu einem Vorzugspreis, je nach Verf\u00fcgbarkeit).<\/span><\/li>\n<li><span style=\"font-weight: 400\">Ebenso erm\u00f6glicht Ihnen die Buchung der folgenden Nacht, Ihr Zimmer nach 12:00 Uhr zu behalten.\n<p><\/span><\/li>\n<li><span style=\"font-weight: 400\">Sollten Sie keine zus\u00e4tzliche Nacht buchen, stehen wir Ihnen gerne zur Verf\u00fcgung, um Ihr Gep\u00e4ck aufzubewahren.<\/span><\/li>\n<li><span style=\"font-weight: 400\">Alle unsere Zimmer sind Nichtraucherzimmer.<\/span><\/li>\n<\/ul>\n<\/div>\n    \n<\/section>\n\n\n<section class=\"custom-block block--title-text\">\n\n            <h2 class=\"title\">RESERVIERUNG \/ ZAHLUNG<\/h2>\n    \n            <div class=\"text rte\"><p data-start=\"906\" data-end=\"1048\">Alle Reservierungen m\u00fcssen mit einer g\u00fcltigen Kreditkarte garantiert werden. An Wochenenden betr\u00e4gt die Mindestaufenthaltsdauer zwei N\u00e4chte.<\/p>\n<p data-start=\"1050\" data-end=\"1163\">Eine Vorautorisierung des Aufenthaltsbetrags wird 72 Stunden vor der Ankunft auf Ihrer Kreditkarte vorgenommen.<\/p>\n<ul>\n<li data-start=\"1165\" data-end=\"1761\">Bei flexiblen Tarifen erfolgt die Bezahlung beim Check-out.<\/li>\n<li data-start=\"1165\" data-end=\"1761\">F\u00fcr Sonderangebote sowie f\u00fcr Aufenthalte mit Restaurant- und\/oder Spa-Reservierung, ebenso wie f\u00fcr flexible Tarife in der Hochsaison (von Mai bis September), wird die Zahlung 7 Tage vor der Ankunft von der bei der Buchung angegebenen Kreditkarte abgebucht.<\/li>\n<li data-start=\"1165\" data-end=\"1761\">F\u00fcr das Langzeitangebot in der Hochsaison (von Mai bis September) wird die Zahlung 14 Tage vor der Ankunft von der bei der Buchung angegebenen Kreditkarte abgebucht.<\/li>\n<li data-start=\"1165\" data-end=\"1761\">Bei Vorauszahlungsangeboten erfolgt die vollst\u00e4ndige Bezahlung des Aufenthalts zum Zeitpunkt der Buchung.<\/li>\n<\/ul>\n<\/div>\n    \n<\/section>\n\n\n<section class=\"custom-block block--title-text\">\n\n            <h2 class=\"title\">STORNIERUNG<\/h2>\n    \n            <div class=\"text rte\"><ul>\n<li>\n<p data-start=\"38\" data-end=\"92\">Alle Stornierungsanfragen m\u00fcssen schriftlich erfolgen.<\/p>\n<\/li>\n<li>\n<p data-start=\"38\" data-end=\"92\">F\u00fcr flexible Tarife ist eine kostenfreie Stornierung bis 16:00 Uhr (Ortszeit), 2 Tage vor dem Anreisedatum m\u00f6glich, sofern nicht anders angegeben.<\/p>\n<\/li>\n<li>\n<p data-start=\"38\" data-end=\"92\">F\u00fcr Sonderangebote sowie f\u00fcr Aufenthalte mit einer Reservierung im Restaurant und\/oder Spa \u2013 ebenso wie f\u00fcr flexible Tarife in der Hochsaison (von Mai bis September) \u2013 ist eine kostenfreie Stornierung bis 7 Tage vor der Anreise m\u00f6glich.<\/p>\n<\/li>\n<li>\n<p data-start=\"38\" data-end=\"92\">F\u00fcr das Angebot \u201eL\u00e4ngerer Aufenthalt\u201c in der Hochsaison (von Mai bis September) ist eine kostenfreie Stornierung bis 14 Tage vor der Anreise m\u00f6glich.<\/p>\n<\/li>\n<li>\n<p data-start=\"38\" data-end=\"92\">Vorausbezahlte Angebote sind nicht erstattungsf\u00e4hig und k\u00f6nnen nicht ge\u00e4ndert werden.<\/p>\n<\/li>\n<li><span style=\"font-weight: 400\">Jede versp\u00e4tete Stornierung oder vorzeitige Abreise wird mit dem Gesamtbetrag des urspr\u00fcnglich gebuchten Aufenthalts berechnet.<br \/>\nJede Anfrage zur \u00c4nderung des Aufenthaltsdatums, die nach Ablauf der Stornierungsfrist erfolgt, gilt als Stornierung und wird entsprechend berechnet.<\/span><\/li>\n<li><span style=\"font-weight: 400\">Bei Aufenthaltsunterbrechung oder Nichterscheinen (No-Show) wird der gesamte verbleibende Aufenthalt in Rechnung gestellt.<\/span><\/li>\n<li><span style=\"font-weight: 400\">Bei gebuchten, aber nicht in Anspruch genommenen Behandlungen, die nicht mindestens 48 Stunden im Voraus storniert wurden, wird der volle Betrag der reservierten Leistung berechnet.<\/span><\/li>\n<li>F\u00fcr Reservierungen mit weniger als 7 Personen im Restaurant L&#8217;Auberge ist keine Bankgarantie erforderlich. Ab 7 Personen wird eine Garantie in H\u00f6he von 50 \u20ac pro Person verlangt. Im Restaurant Le Favori wird eine Garantie von 100 \u20ac pro Person verlangt. In Zeiten hoher Auslastung kann unabh\u00e4ngig von der Personenzahl eine Bankgarantie verlangt werden.<\/li>\n<li>Widerrufsrecht nach dem Kauf eines Geschenkgutscheins:<br \/>\nGem\u00e4\u00df den geltenden Vorschriften kann der Kunde sein Widerrufsrecht innerhalb von 14 Kalendertagen ab dem Erhalt der Best\u00e4tigung des Kaufs des Geschenkgutscheins aus\u00fcben.<\/li>\n<li>Reservierungen, die mit einem Geschenkgutschein vorgenommen werden, sind nicht \u00e4nderbar, nicht stornierbar und nicht erstattungsf\u00e4hig.<\/li>\n<\/ul>\n<\/div>\n    \n<\/section>\n\n\n<section class=\"custom-block block--title-text\">\n\n            <h2 class=\"title\">\u00d6FFNUNGSZEITEN<\/h2>\n    \n            <div class=\"text rte\"><ul>\n<li><span style=\"font-weight: 400\">Das Restaurant Le Favori ist zum Abendessen von Mittwoch bis Sonntag und zum Mittagessen am Samstag und Sonntag ge\u00f6ffnet.<\/span><\/li>\n<li><span style=\"font-weight: 400\">Das Spa ist von Montag bis Donnerstag sowie am Sonntag von 10:00 bis 19:00 Uhr und am Freitag und Samstag von 10:00 bis 20:00 Uhr ge\u00f6ffnet.<\/span><\/li>\n<\/ul>\n<\/div>\n    \n<\/section>\n\n\n<section class=\"custom-block block--title-text\">\n\n            <h2 class=\"title\">AUFENTHALTE, PAUSCHALEN, KUREN &amp; RITUALE<\/h2>\n    \n            <div class=\"text rte\"><ul>\n<li><span style=\"font-weight: 400\">Alle Ausgaben, die nicht Teil eines Pauschalangebots sind, werden zus\u00e4tzlich berechnet.<\/span><\/li>\n<li><span style=\"font-weight: 400\">Nicht in Anspruch genommene Leistungen f\u00fchren weder zu einer Erm\u00e4\u00dfigung noch zu einer R\u00fcckerstattung.<\/span><\/li>\n<\/ul>\n<\/div>\n    \n<\/section>\n\n\n<section class=\"custom-block block--title-text\">\n\n            <h2 class=\"title\">KINDER<\/h2>\n    \n            <div class=\"text rte\"><ul>\n<li><span style=\"font-weight: 400\">Ein zus\u00e4tzliches Babybett kann in unseren Prestige-Zimmern und Suiten f\u00fcr 20\u202f\u20ac pro Tag bereitgestellt werden; ein zus\u00e4tzliches Bett f\u00fcr Kinder in unseren Suiten kostet 50\u202f\u20ac pro Tag und Kind.\n<p><\/span><\/li>\n<li><span style=\"font-weight: 400\">Erm\u00e4\u00dfigte Men\u00fcs sind f\u00fcr Kinder bis 12 Jahre verf\u00fcgbar.<\/span><\/li>\n<\/ul>\n<\/div>\n    \n<\/section>\n\n\n<section class=\"custom-block block--title-text\">\n\n            <h2 class=\"title\">PARKPLATZ<\/h2>\n    \n            <div class=\"text rte\"><ul>\n<li><span style=\"font-weight: 400\">Kostenloser Au\u00dfenparkplatz steht zur Verf\u00fcgung.<\/span><\/li>\n<\/ul>\n<\/div>\n    \n<\/section>\n\n\n<section class=\"custom-block block--title-text\">\n\n            <h2 class=\"title\">HAUSTIERE<\/h2>\n    \n            <div class=\"text rte\"><ul>\n<li><span style=\"font-weight: 400\">Haustiere sind erlaubt, jedoch ist der Zugang zu den Restaurants L\u2019Auberge &amp; Le Favori, zum Au\u00dfenpool und zum Wellnessbereich f\u00fcr sie untersagt. Auf dem Gel\u00e4nde m\u00fcssen sie an der Leine gef\u00fchrt werden.<\/span><\/li>\n<li><span style=\"font-weight: 400\">Pauschale f\u00fcr Haustiere: 30\u202f\u20ac pro Tag.<\/span><\/li>\n<\/ul>\n<\/div>\n    \n<\/section>\n\n\n<section class=\"custom-block block--title-text\">\n\n            <h2 class=\"title\">VERBRAUCHERSCHLICHTUNGSSTELLE<\/h2>\n    \n            <div class=\"text rte\"><p>Gem\u00e4\u00df Artikel L. 616-1 und R. 111-1 6\u00b0 des franz\u00f6sischen Verbraucherschutzgesetzes haben Sie im Falle einer Streitigkeit das Recht, sich an den Mediator f\u00fcr Tourismus und Reisen zu wenden. Die aktuellen Kontaktdaten lauten wie folgt:<br data-start=\"923\" data-end=\"926\" \/>Mediator f\u00fcr Tourismus und Reisen<br data-start=\"959\" data-end=\"962\" \/>MTV M\u00e9diation Tourisme Voyage<br data-start=\"991\" data-end=\"994\" \/>BP 80 303<br data-start=\"1003\" data-end=\"1006\" \/>75823 Paris Cedex 17 \u2013 Frankreich<\/p>\n<\/div>\n    \n<\/section>\n","protected":false},"excerpt":{"rendered":"","protected":false},"author":1,"featured_media":0,"parent":0,"menu_order":0,"comment_status":"closed","ping_status":"closed","template":"","meta":{"_acf_changed":false,"footnotes":""},"hotels":[],"doc_cat":[],"class_list":["post-3302","page","type-page","status-publish","hentry"],"acf":[],"yoast_head":"<!-- This site is optimized with the Yoast SEO plugin v25.6 - https:\/\/yoast.com\/wordpress\/plugins\/seo\/ -->\n<title>AGB - Les Sources de Cheverny<\/title>\n<meta name=\"description\" content=\"Allgemeine Gesch\u00e4ftsbedingungen - Hotel Les Sources de Cheverny Loiretal - Frankreich\" \/>\n<meta name=\"robots\" content=\"index, follow, max-snippet:-1, max-image-preview:large, max-video-preview:-1\" \/>\n<link rel=\"canonical\" href=\"https:\/\/www.sources-hotels.com\/valdeloire\/de\/agb\/\" \/>\n<meta property=\"og:locale\" content=\"de_DE\" \/>\n<meta property=\"og:type\" content=\"article\" \/>\n<meta property=\"og:title\" content=\"AGB - Les Sources de Cheverny\" \/>\n<meta property=\"og:description\" content=\"Allgemeine Gesch\u00e4ftsbedingungen - Hotel Les Sources de Cheverny Loiretal - Frankreich\" \/>\n<meta property=\"og:url\" content=\"https:\/\/www.sources-hotels.com\/valdeloire\/de\/agb\/\" \/>\n<meta property=\"og:site_name\" content=\"Les Sources de Cheverny\" \/>\n<meta property=\"article:modified_time\" content=\"2026-03-18T15:46:35+00:00\" \/>\n<meta name=\"twitter:card\" content=\"summary_large_image\" \/>\n<script type=\"application\/ld+json\" class=\"yoast-schema-graph\">{\"@context\":\"https:\/\/schema.org\",\"@graph\":[{\"@type\":\"WebPage\",\"@id\":\"https:\/\/www.sources-hotels.com\/valdeloire\/de\/agb\/\",\"url\":\"https:\/\/www.sources-hotels.com\/valdeloire\/de\/agb\/\",\"name\":\"AGB - Les Sources de Cheverny\",\"isPartOf\":{\"@id\":\"https:\/\/www.sources-hotels.com\/valdeloire\/de\/#website\"},\"datePublished\":\"2024-12-31T14:27:54+00:00\",\"dateModified\":\"2026-03-18T15:46:35+00:00\",\"description\":\"Allgemeine Gesch\u00e4ftsbedingungen - Hotel Les Sources de Cheverny Loiretal - Frankreich\",\"breadcrumb\":{\"@id\":\"https:\/\/www.sources-hotels.com\/valdeloire\/de\/agb\/#breadcrumb\"},\"inLanguage\":\"de-DE\",\"potentialAction\":[{\"@type\":\"ReadAction\",\"target\":[\"https:\/\/www.sources-hotels.com\/valdeloire\/de\/agb\/\"]}]},{\"@type\":\"BreadcrumbList\",\"@id\":\"https:\/\/www.sources-hotels.com\/valdeloire\/de\/agb\/#breadcrumb\",\"itemListElement\":[{\"@type\":\"ListItem\",\"position\":1,\"name\":\"Accueil\",\"item\":\"https:\/\/www.sources-hotels.com\/valdeloire\/de\/\"},{\"@type\":\"ListItem\",\"position\":2,\"name\":\"AGB\"}]},{\"@type\":\"WebSite\",\"@id\":\"https:\/\/www.sources-hotels.com\/valdeloire\/de\/#website\",\"url\":\"https:\/\/www.sources-hotels.com\/valdeloire\/de\/\",\"name\":\"Les Sources de Cheverny\",\"description\":\"\",\"publisher\":{\"@id\":\"https:\/\/www.sources-hotels.com\/valdeloire\/de\/#organization\"},\"potentialAction\":[{\"@type\":\"SearchAction\",\"target\":{\"@type\":\"EntryPoint\",\"urlTemplate\":\"https:\/\/www.sources-hotels.com\/valdeloire\/de\/?s={search_term_string}\"},\"query-input\":{\"@type\":\"PropertyValueSpecification\",\"valueRequired\":true,\"valueName\":\"search_term_string\"}}],\"inLanguage\":\"de-DE\"},{\"@type\":\"Organization\",\"@id\":\"https:\/\/www.sources-hotels.com\/valdeloire\/de\/#organization\",\"name\":\"Les Sources de Cheverny\",\"url\":\"https:\/\/www.sources-hotels.com\/valdeloire\/de\/\",\"logo\":{\"@type\":\"ImageObject\",\"inLanguage\":\"de-DE\",\"@id\":\"https:\/\/www.sources-hotels.com\/valdeloire\/de\/#\/schema\/logo\/image\/\",\"url\":\"https:\/\/www.sources-hotels.com\/valdeloire\/wp-content\/uploads\/sites\/4\/2025\/03\/logo-cheverny.png\",\"contentUrl\":\"https:\/\/www.sources-hotels.com\/valdeloire\/wp-content\/uploads\/sites\/4\/2025\/03\/logo-cheverny.png\",\"width\":696,\"height\":291,\"caption\":\"Les Sources de Cheverny\"},\"image\":{\"@id\":\"https:\/\/www.sources-hotels.com\/valdeloire\/de\/#\/schema\/logo\/image\/\"}}]}<\/script>\n<!-- \/ Yoast SEO plugin. -->","yoast_head_json":{"title":"AGB - Les Sources de Cheverny","description":"Allgemeine Gesch\u00e4ftsbedingungen - Hotel Les Sources de Cheverny Loiretal - Frankreich","robots":{"index":"index","follow":"follow","max-snippet":"max-snippet:-1","max-image-preview":"max-image-preview:large","max-video-preview":"max-video-preview:-1"},"canonical":"https:\/\/www.sources-hotels.com\/valdeloire\/de\/agb\/","og_locale":"de_DE","og_type":"article","og_title":"AGB - Les Sources de Cheverny","og_description":"Allgemeine Gesch\u00e4ftsbedingungen - Hotel Les Sources de Cheverny Loiretal - Frankreich","og_url":"https:\/\/www.sources-hotels.com\/valdeloire\/de\/agb\/","og_site_name":"Les Sources de Cheverny","article_modified_time":"2026-03-18T15:46:35+00:00","twitter_card":"summary_large_image","schema":{"@context":"https:\/\/schema.org","@graph":[{"@type":"WebPage","@id":"https:\/\/www.sources-hotels.com\/valdeloire\/de\/agb\/","url":"https:\/\/www.sources-hotels.com\/valdeloire\/de\/agb\/","name":"AGB - Les Sources de Cheverny","isPartOf":{"@id":"https:\/\/www.sources-hotels.com\/valdeloire\/de\/#website"},"datePublished":"2024-12-31T14:27:54+00:00","dateModified":"2026-03-18T15:46:35+00:00","description":"Allgemeine Gesch\u00e4ftsbedingungen - Hotel Les Sources de Cheverny Loiretal - Frankreich","breadcrumb":{"@id":"https:\/\/www.sources-hotels.com\/valdeloire\/de\/agb\/#breadcrumb"},"inLanguage":"de-DE","potentialAction":[{"@type":"ReadAction","target":["https:\/\/www.sources-hotels.com\/valdeloire\/de\/agb\/"]}]},{"@type":"BreadcrumbList","@id":"https:\/\/www.sources-hotels.com\/valdeloire\/de\/agb\/#breadcrumb","itemListElement":[{"@type":"ListItem","position":1,"name":"Accueil","item":"https:\/\/www.sources-hotels.com\/valdeloire\/de\/"},{"@type":"ListItem","position":2,"name":"AGB"}]},{"@type":"WebSite","@id":"https:\/\/www.sources-hotels.com\/valdeloire\/de\/#website","url":"https:\/\/www.sources-hotels.com\/valdeloire\/de\/","name":"Les Sources de Cheverny","description":"","publisher":{"@id":"https:\/\/www.sources-hotels.com\/valdeloire\/de\/#organization"},"potentialAction":[{"@type":"SearchAction","target":{"@type":"EntryPoint","urlTemplate":"https:\/\/www.sources-hotels.com\/valdeloire\/de\/?s={search_term_string}"},"query-input":{"@type":"PropertyValueSpecification","valueRequired":true,"valueName":"search_term_string"}}],"inLanguage":"de-DE"},{"@type":"Organization","@id":"https:\/\/www.sources-hotels.com\/valdeloire\/de\/#organization","name":"Les Sources de Cheverny","url":"https:\/\/www.sources-hotels.com\/valdeloire\/de\/","logo":{"@type":"ImageObject","inLanguage":"de-DE","@id":"https:\/\/www.sources-hotels.com\/valdeloire\/de\/#\/schema\/logo\/image\/","url":"https:\/\/www.sources-hotels.com\/valdeloire\/wp-content\/uploads\/sites\/4\/2025\/03\/logo-cheverny.png","contentUrl":"https:\/\/www.sources-hotels.com\/valdeloire\/wp-content\/uploads\/sites\/4\/2025\/03\/logo-cheverny.png","width":696,"height":291,"caption":"Les Sources de Cheverny"},"image":{"@id":"https:\/\/www.sources-hotels.com\/valdeloire\/de\/#\/schema\/logo\/image\/"}}]}},"_links":{"self":[{"href":"https:\/\/www.sources-hotels.com\/valdeloire\/de\/wp-json\/wp\/v2\/pages\/3302","targetHints":{"allow":["GET"]}}],"collection":[{"href":"https:\/\/www.sources-hotels.com\/valdeloire\/de\/wp-json\/wp\/v2\/pages"}],"about":[{"href":"https:\/\/www.sources-hotels.com\/valdeloire\/de\/wp-json\/wp\/v2\/types\/page"}],"author":[{"embeddable":true,"href":"https:\/\/www.sources-hotels.com\/valdeloire\/de\/wp-json\/wp\/v2\/users\/1"}],"replies":[{"embeddable":true,"href":"https:\/\/www.sources-hotels.com\/valdeloire\/de\/wp-json\/wp\/v2\/comments?post=3302"}],"version-history":[{"count":10,"href":"https:\/\/www.sources-hotels.com\/valdeloire\/de\/wp-json\/wp\/v2\/pages\/3302\/revisions"}],"predecessor-version":[{"id":5214,"href":"https:\/\/www.sources-hotels.com\/valdeloire\/de\/wp-json\/wp\/v2\/pages\/3302\/revisions\/5214"}],"wp:attachment":[{"href":"https:\/\/www.sources-hotels.com\/valdeloire\/de\/wp-json\/wp\/v2\/media?parent=3302"}],"wp:term":[{"taxonomy":"hotels","embeddable":true,"href":"https:\/\/www.sources-hotels.com\/valdeloire\/de\/wp-json\/wp\/v2\/hotels?post=3302"},{"taxonomy":"doc_cat","embeddable":true,"href":"https:\/\/www.sources-hotels.com\/valdeloire\/de\/wp-json\/wp\/v2\/doc_cat?post=3302"}],"curies":[{"name":"wp","href":"https:\/\/api.w.org\/{rel}","templated":true}]}}