{"id":3303,"date":"2024-12-31T15:23:42","date_gmt":"2024-12-31T14:23:42","guid":{"rendered":"https:\/\/www.sources-hotels.com\/valdeloire\/?page_id=3303"},"modified":"2025-08-06T09:43:53","modified_gmt":"2025-08-06T07:43:53","slug":"partner","status":"publish","type":"page","link":"https:\/\/www.sources-hotels.com\/valdeloire\/de\/partner\/","title":{"rendered":"Partner"},"content":{"rendered":"\n<section class=\"custom-block block--header h-[206rem] text-center text-white overflow-hidden pt-[100rem] relative tablet:h-[700rem] tablet:pt-[420rem]\">\n\n    <h1>\n                    <span>\n                Unsere            <\/span>\n                            PARTNER            <\/h1>\n\n    \n    <span class=\"scroll-down hidden text-[12rem] tracking-[2rem] uppercase font-title cursor-pointer opacity-[64%] pb-[66rem] absolute left-2\/4 bottom-0 translate-x-[-50%] after:w-[1px] after:h-[50rem] after:bg-white after:opacity-[40%] after:absolute after:bottom-0 after:left-[50%] tablet:block\">\n        Mehr entdecken    <\/span>\n\n    <figure class=\"min-w-full min-h-full aspect-video overflow-hidden absolute top-2\/4 left-2\/4 translate-x-[-50%] translate-y-[-50%] z-[-1] before:bg-black before:opacity-[35%] before:mix-blend-multiply before:absolute before:top-0 before:left-0 before:right-0 before:bottom-0 before:z-[2]\">\n                    <img loading=\"lazy\" decoding=\"async\" width=\"1350\" height=\"900\" src=\"https:\/\/www.sources-hotels.com\/valdeloire\/wp-content\/uploads\/sites\/4\/2025\/01\/LesSourcesDeCheverny_ChateauEntreeSpa_\u00a9itshenriette_Juin2024-2-1350x900.jpg\" class=\"h-full w-full object-cover object-center\" alt=\"\" srcset=\"https:\/\/www.sources-hotels.com\/valdeloire\/wp-content\/uploads\/sites\/4\/2025\/01\/LesSourcesDeCheverny_ChateauEntreeSpa_\u00a9itshenriette_Juin2024-2-1350x900.jpg 1350w, https:\/\/www.sources-hotels.com\/valdeloire\/wp-content\/uploads\/sites\/4\/2025\/01\/LesSourcesDeCheverny_ChateauEntreeSpa_\u00a9itshenriette_Juin2024-2-300x200.jpg 300w, https:\/\/www.sources-hotels.com\/valdeloire\/wp-content\/uploads\/sites\/4\/2025\/01\/LesSourcesDeCheverny_ChateauEntreeSpa_\u00a9itshenriette_Juin2024-2-1024x683.jpg 1024w, https:\/\/www.sources-hotels.com\/valdeloire\/wp-content\/uploads\/sites\/4\/2025\/01\/LesSourcesDeCheverny_ChateauEntreeSpa_\u00a9itshenriette_Juin2024-2-768x512.jpg 768w, https:\/\/www.sources-hotels.com\/valdeloire\/wp-content\/uploads\/sites\/4\/2025\/01\/LesSourcesDeCheverny_ChateauEntreeSpa_\u00a9itshenriette_Juin2024-2-1536x1024.jpg 1536w, https:\/\/www.sources-hotels.com\/valdeloire\/wp-content\/uploads\/sites\/4\/2025\/01\/LesSourcesDeCheverny_ChateauEntreeSpa_\u00a9itshenriette_Juin2024-2-2048x1365.jpg 2048w, https:\/\/www.sources-hotels.com\/valdeloire\/wp-content\/uploads\/sites\/4\/2025\/01\/LesSourcesDeCheverny_ChateauEntreeSpa_\u00a9itshenriette_Juin2024-2-1260x840.jpg 1260w, https:\/\/www.sources-hotels.com\/valdeloire\/wp-content\/uploads\/sites\/4\/2025\/01\/LesSourcesDeCheverny_ChateauEntreeSpa_\u00a9itshenriette_Juin2024-2-450x300.jpg 450w, https:\/\/www.sources-hotels.com\/valdeloire\/wp-content\/uploads\/sites\/4\/2025\/01\/LesSourcesDeCheverny_ChateauEntreeSpa_\u00a9itshenriette_Juin2024-2-465x310.jpg 465w, https:\/\/www.sources-hotels.com\/valdeloire\/wp-content\/uploads\/sites\/4\/2025\/01\/LesSourcesDeCheverny_ChateauEntreeSpa_\u00a9itshenriette_Juin2024-2-630x420.jpg 630w, https:\/\/www.sources-hotels.com\/valdeloire\/wp-content\/uploads\/sites\/4\/2025\/01\/LesSourcesDeCheverny_ChateauEntreeSpa_\u00a9itshenriette_Juin2024-2-966x644.jpg 966w, https:\/\/www.sources-hotels.com\/valdeloire\/wp-content\/uploads\/sites\/4\/2025\/01\/LesSourcesDeCheverny_ChateauEntreeSpa_\u00a9itshenriette_Juin2024-2-750x500.jpg 750w, https:\/\/www.sources-hotels.com\/valdeloire\/wp-content\/uploads\/sites\/4\/2025\/01\/LesSourcesDeCheverny_ChateauEntreeSpa_\u00a9itshenriette_Juin2024-2-1020x680.jpg 1020w, https:\/\/www.sources-hotels.com\/valdeloire\/wp-content\/uploads\/sites\/4\/2025\/01\/LesSourcesDeCheverny_ChateauEntreeSpa_\u00a9itshenriette_Juin2024-2-690x460.jpg 690w, https:\/\/www.sources-hotels.com\/valdeloire\/wp-content\/uploads\/sites\/4\/2025\/01\/LesSourcesDeCheverny_ChateauEntreeSpa_\u00a9itshenriette_Juin2024-2-640x427.jpg 640w, https:\/\/www.sources-hotels.com\/valdeloire\/wp-content\/uploads\/sites\/4\/2025\/01\/LesSourcesDeCheverny_ChateauEntreeSpa_\u00a9itshenriette_Juin2024-2-420x280.jpg 420w\" sizes=\"auto, (max-width: 1350px) 100vw, 1350px\" \/>            <\/figure>\n    \n<\/section>\n\n    \n\n\n<section class=\"custom-block block--title-introduction text-center tablet:!pb-[60rem]\">\n\n            <h2 class=\"block-title\">KONTAKTS<\/h2>\n    \n    <div class=\"tablet:w-[970rem] tablet:inline-block\">\n        <p>H\u00e9l\u00e8ne Huang<br \/>\n<a href=\"mailto:helene.huang@sources-hotels.com\">helene.huang@sources-hotels.com<\/a><br \/>\nReservierungsservice<br \/>\nreservations@sources-cheverny.com<\/p>\n    <\/div>\n\n<\/section>\n\n\n\n<section class=\"custom-block block--title-introduction text-center tablet:!pb-[60rem]\">\n\n            <h2 class=\"block-title\">GDS-CODES<\/h2>\n    \n    <div class=\"tablet:w-[970rem] tablet:inline-block\">\n        <p>Amadeus (1A) = YX : ORELSD<br \/>\nApollo\/Galileo (UA) = YX : F8249<br \/>\nSabre (AA) = YX 382734<br \/>\nWorldspan (1P) = YX : ORELD<\/p>\n    <\/div>\n\n<\/section>\n\n\n\n<section class=\"custom-block block--title-introduction text-center tablet:!pb-[60rem]\">\n\n            <h2 class=\"block-title\">Affiliations<\/h2>\n    \n    <div class=\"tablet:w-[970rem] tablet:inline-block\">\n        <p>Virtuoso \u2013 Kiwi Collection<br \/>\n&#8211; Accueil personnalis\u00e9 en chambre<br \/>\n&#8211; Le petit-d\u00e9jeuner sera servi au restaurant sous forme de buffet, ou bien livr\u00e9 en chambre en panier<br \/>\n&#8211; Un cr\u00e9dit de 85\u20ac, \u00e0 utiliser au sein de nos restaurants<br \/>\n&#8211; Acc\u00e8s \u00e0 la piscine et au jacuzzi ext\u00e9rieurs si la m\u00e9t\u00e9o le permet, ainsi qu\u2019au fitness<br \/>\n&#8211; Pour les adultes \u00e0 partir de 16 ans, la possibilit\u00e9 de r\u00e9server un soin au Spa by Caudalie, et acc\u00e9der ainsi au bain thermal ainsi qu\u2019au hammam.<br \/>\n&#8211; V\u00e9los et bottes \u00e0 disposition, afin de d\u00e9couvrir la for\u00eat solognote ainsi que la r\u00e9gion<br \/>\n&#8211; Acc\u00e8s aux salons du Ch\u00e2teau : honesty-bar, piano, billard, baby-foot, \u00e9checs et divers jeux de soci\u00e9t\u00e9 sont \u00e0 disposition<br \/>\n&#8211; Surclassement et arriv\u00e9e anticip\u00e9e, selon notre disponibilit\u00e9 au moment de l\u2019arriv\u00e9e<\/p>\n    <\/div>\n\n<\/section>\n\n\n\n<section class=\"custom-block block--info-vignettes !px-0\">\n\n    \n    <div class=\"text-white grid gap-[14rem] tablet:grid-cols-2 tablet:gap-[20rem]\">\n        \n            \n            <div class=\"h-[240rem] flex flex-col text-center relative tablet:h-[460rem]\">\n\n                                    <h2 class=\"block-title w-full !text-white !pt-[30rem] !mb-0 relative z-[2] before:!hidden tablet:!pt-[60rem]\">\n                        Hotelbrosch\u00fcre                    <\/h2>\n                \n                \n                                    <div class=\"flex grow flex-col justify-center gap-[30rem] relative z-[2] tablet:gap-[55rem]\">\n\n                        \n                                                    <ul class=\"flex flex-wrap gap-y-[25rem] px-[10rem] tablet:gap-y-[40rem]\">\n                                                                    <li class=\"basis-1\/2 grow\">\n                                                                                  <a href=\"https:\/\/www.sources-hotels.com\/wp-content\/uploads\/2025\/01\/LesSourcesDeCheverny_Brochure-1.pdf\"  target=\"_blank\" class=\"link link-white\" >\n        Entdecken  <\/a>\n                                    <\/li>\n                                                            <\/ul>\n                        \n                    <\/div>\n                \n                <figure\n                    class=\"w-full h-full overflow-hidden absolute top-0 left-0 z-[1] before:bg-black before:opacity-[35%] before:mix-blend-multiply before:absolute before:top-0 before:left-0 before:right-0 before:bottom-0 before:z-[2]\">\n                    <img loading=\"lazy\" decoding=\"async\" width=\"307\" height=\"460\" src=\"https:\/\/www.sources-hotels.com\/valdeloire\/wp-content\/uploads\/sites\/4\/2025\/01\/LesSourcesDeCheverny_ChateauduBreuil_\u00a9MPMorel-2020-8-307x460.jpg\" class=\"h-full w-full object-cover object-center\" alt=\"\" srcset=\"https:\/\/www.sources-hotels.com\/valdeloire\/wp-content\/uploads\/sites\/4\/2025\/01\/LesSourcesDeCheverny_ChateauduBreuil_\u00a9MPMorel-2020-8-307x460.jpg 307w, https:\/\/www.sources-hotels.com\/valdeloire\/wp-content\/uploads\/sites\/4\/2025\/01\/LesSourcesDeCheverny_ChateauduBreuil_\u00a9MPMorel-2020-8-200x300.jpg 200w, https:\/\/www.sources-hotels.com\/valdeloire\/wp-content\/uploads\/sites\/4\/2025\/01\/LesSourcesDeCheverny_ChateauduBreuil_\u00a9MPMorel-2020-8-683x1024.jpg 683w, https:\/\/www.sources-hotels.com\/valdeloire\/wp-content\/uploads\/sites\/4\/2025\/01\/LesSourcesDeCheverny_ChateauduBreuil_\u00a9MPMorel-2020-8-768x1152.jpg 768w, https:\/\/www.sources-hotels.com\/valdeloire\/wp-content\/uploads\/sites\/4\/2025\/01\/LesSourcesDeCheverny_ChateauduBreuil_\u00a9MPMorel-2020-8-1024x1536.jpg 1024w, https:\/\/www.sources-hotels.com\/valdeloire\/wp-content\/uploads\/sites\/4\/2025\/01\/LesSourcesDeCheverny_ChateauduBreuil_\u00a9MPMorel-2020-8-1365x2048.jpg 1365w, https:\/\/www.sources-hotels.com\/valdeloire\/wp-content\/uploads\/sites\/4\/2025\/01\/LesSourcesDeCheverny_ChateauduBreuil_\u00a9MPMorel-2020-8-1260x1890.jpg 1260w, https:\/\/www.sources-hotels.com\/valdeloire\/wp-content\/uploads\/sites\/4\/2025\/01\/LesSourcesDeCheverny_ChateauduBreuil_\u00a9MPMorel-2020-8-383x575.jpg 383w, https:\/\/www.sources-hotels.com\/valdeloire\/wp-content\/uploads\/sites\/4\/2025\/01\/LesSourcesDeCheverny_ChateauduBreuil_\u00a9MPMorel-2020-8-410x615.jpg 410w, https:\/\/www.sources-hotels.com\/valdeloire\/wp-content\/uploads\/sites\/4\/2025\/01\/LesSourcesDeCheverny_ChateauduBreuil_\u00a9MPMorel-2020-8-333x500.jpg 333w, https:\/\/www.sources-hotels.com\/valdeloire\/wp-content\/uploads\/sites\/4\/2025\/01\/LesSourcesDeCheverny_ChateauduBreuil_\u00a9MPMorel-2020-8-453x680.jpg 453w, https:\/\/www.sources-hotels.com\/valdeloire\/wp-content\/uploads\/sites\/4\/2025\/01\/LesSourcesDeCheverny_ChateauduBreuil_\u00a9MPMorel-2020-8-600x900.jpg 600w, https:\/\/www.sources-hotels.com\/valdeloire\/wp-content\/uploads\/sites\/4\/2025\/01\/LesSourcesDeCheverny_ChateauduBreuil_\u00a9MPMorel-2020-8-303x455.jpg 303w\" sizes=\"auto, (max-width: 307px) 100vw, 307px\" \/>                <\/figure>\n\n            <\/div>\n\n        \n            \n            <div class=\"h-[240rem] flex flex-col text-center relative tablet:h-[460rem]\">\n\n                                    <h2 class=\"block-title w-full !text-white !pt-[30rem] !mb-0 relative z-[2] before:!hidden tablet:!pt-[60rem]\">\n                        Zimmerinformationen                    <\/h2>\n                \n                \n                                    <div class=\"flex grow flex-col justify-center gap-[30rem] relative z-[2] tablet:gap-[55rem]\">\n\n                        \n                                                    <ul class=\"flex flex-wrap gap-y-[25rem] px-[10rem] tablet:gap-y-[40rem]\">\n                                                                    <li class=\"basis-1\/2 grow\">\n                                                                                  <a href=\"https:\/\/www.sources-hotels.com\/valdeloire\/wp-content\/uploads\/sites\/4\/2025\/05\/Les-Sources-de-Cheverny-Fiches-chambres-EN.pdf\"  target=\"_blank\" class=\"link link-white\" >\n        Entdecken  <\/a>\n                                    <\/li>\n                                                            <\/ul>\n                        \n                    <\/div>\n                \n                <figure\n                    class=\"w-full h-full overflow-hidden absolute top-0 left-0 z-[1] before:bg-black before:opacity-[35%] before:mix-blend-multiply before:absolute before:top-0 before:left-0 before:right-0 before:bottom-0 before:z-[2]\">\n                    <img loading=\"lazy\" decoding=\"async\" width=\"307\" height=\"460\" src=\"https:\/\/www.sources-hotels.com\/valdeloire\/wp-content\/uploads\/sites\/4\/2025\/01\/LE7ACB1-min-307x460.jpg\" class=\"h-full w-full object-cover object-center\" alt=\"\" srcset=\"https:\/\/www.sources-hotels.com\/valdeloire\/wp-content\/uploads\/sites\/4\/2025\/01\/LE7ACB1-min-307x460.jpg 307w, https:\/\/www.sources-hotels.com\/valdeloire\/wp-content\/uploads\/sites\/4\/2025\/01\/LE7ACB1-min-200x300.jpg 200w, https:\/\/www.sources-hotels.com\/valdeloire\/wp-content\/uploads\/sites\/4\/2025\/01\/LE7ACB1-min-683x1024.jpg 683w, https:\/\/www.sources-hotels.com\/valdeloire\/wp-content\/uploads\/sites\/4\/2025\/01\/LE7ACB1-min-768x1152.jpg 768w, https:\/\/www.sources-hotels.com\/valdeloire\/wp-content\/uploads\/sites\/4\/2025\/01\/LE7ACB1-min-1024x1536.jpg 1024w, https:\/\/www.sources-hotels.com\/valdeloire\/wp-content\/uploads\/sites\/4\/2025\/01\/LE7ACB1-min-1365x2048.jpg 1365w, https:\/\/www.sources-hotels.com\/valdeloire\/wp-content\/uploads\/sites\/4\/2025\/01\/LE7ACB1-min-1260x1890.jpg 1260w, https:\/\/www.sources-hotels.com\/valdeloire\/wp-content\/uploads\/sites\/4\/2025\/01\/LE7ACB1-min-383x575.jpg 383w, https:\/\/www.sources-hotels.com\/valdeloire\/wp-content\/uploads\/sites\/4\/2025\/01\/LE7ACB1-min-410x615.jpg 410w, https:\/\/www.sources-hotels.com\/valdeloire\/wp-content\/uploads\/sites\/4\/2025\/01\/LE7ACB1-min-333x500.jpg 333w, https:\/\/www.sources-hotels.com\/valdeloire\/wp-content\/uploads\/sites\/4\/2025\/01\/LE7ACB1-min-453x680.jpg 453w, https:\/\/www.sources-hotels.com\/valdeloire\/wp-content\/uploads\/sites\/4\/2025\/01\/LE7ACB1-min-600x900.jpg 600w, https:\/\/www.sources-hotels.com\/valdeloire\/wp-content\/uploads\/sites\/4\/2025\/01\/LE7ACB1-min-303x455.jpg 303w\" sizes=\"auto, (max-width: 307px) 100vw, 307px\" \/>                <\/figure>\n\n            <\/div>\n\n            <\/div>\n\n<\/section>\n","protected":false},"excerpt":{"rendered":"","protected":false},"author":1,"featured_media":0,"parent":0,"menu_order":0,"comment_status":"closed","ping_status":"closed","template":"","meta":{"_acf_changed":false,"footnotes":""},"hotels":[],"doc_cat":[],"class_list":["post-3303","page","type-page","status-publish","hentry"],"acf":[],"yoast_head":"<!-- This site is optimized with the Yoast SEO plugin v25.6 - https:\/\/yoast.com\/wordpress\/plugins\/seo\/ -->\n<title>Partner - Les Sources de Cheverny<\/title>\n<meta name=\"description\" content=\"Hotel Les Sources de Cheverny - Loiretal - Frankreich. Unsere Partner. GDS-Codes\" \/>\n<meta name=\"robots\" content=\"index, follow, max-snippet:-1, max-image-preview:large, max-video-preview:-1\" \/>\n<link rel=\"canonical\" href=\"https:\/\/www.sources-hotels.com\/valdeloire\/de\/partner\/\" \/>\n<meta property=\"og:locale\" content=\"de_DE\" \/>\n<meta property=\"og:type\" content=\"article\" \/>\n<meta property=\"og:title\" content=\"Partner - Les Sources de Cheverny\" \/>\n<meta property=\"og:description\" content=\"Hotel Les Sources de Cheverny - Loiretal - Frankreich. Unsere Partner. GDS-Codes\" \/>\n<meta property=\"og:url\" content=\"https:\/\/www.sources-hotels.com\/valdeloire\/de\/partner\/\" \/>\n<meta property=\"og:site_name\" content=\"Les Sources de Cheverny\" \/>\n<meta property=\"article:modified_time\" content=\"2025-08-06T07:43:53+00:00\" \/>\n<meta name=\"twitter:card\" content=\"summary_large_image\" \/>\n<script type=\"application\/ld+json\" class=\"yoast-schema-graph\">{\"@context\":\"https:\/\/schema.org\",\"@graph\":[{\"@type\":\"WebPage\",\"@id\":\"https:\/\/www.sources-hotels.com\/valdeloire\/de\/partner\/\",\"url\":\"https:\/\/www.sources-hotels.com\/valdeloire\/de\/partner\/\",\"name\":\"Partner - Les Sources de Cheverny\",\"isPartOf\":{\"@id\":\"https:\/\/www.sources-hotels.com\/valdeloire\/de\/#website\"},\"datePublished\":\"2024-12-31T14:23:42+00:00\",\"dateModified\":\"2025-08-06T07:43:53+00:00\",\"description\":\"Hotel Les Sources de Cheverny - Loiretal - Frankreich. Unsere Partner. GDS-Codes\",\"breadcrumb\":{\"@id\":\"https:\/\/www.sources-hotels.com\/valdeloire\/de\/partner\/#breadcrumb\"},\"inLanguage\":\"de-DE\",\"potentialAction\":[{\"@type\":\"ReadAction\",\"target\":[\"https:\/\/www.sources-hotels.com\/valdeloire\/de\/partner\/\"]}]},{\"@type\":\"BreadcrumbList\",\"@id\":\"https:\/\/www.sources-hotels.com\/valdeloire\/de\/partner\/#breadcrumb\",\"itemListElement\":[{\"@type\":\"ListItem\",\"position\":1,\"name\":\"Accueil\",\"item\":\"https:\/\/www.sources-hotels.com\/valdeloire\/de\/\"},{\"@type\":\"ListItem\",\"position\":2,\"name\":\"Partner\"}]},{\"@type\":\"WebSite\",\"@id\":\"https:\/\/www.sources-hotels.com\/valdeloire\/de\/#website\",\"url\":\"https:\/\/www.sources-hotels.com\/valdeloire\/de\/\",\"name\":\"Les Sources de Cheverny\",\"description\":\"\",\"publisher\":{\"@id\":\"https:\/\/www.sources-hotels.com\/valdeloire\/de\/#organization\"},\"potentialAction\":[{\"@type\":\"SearchAction\",\"target\":{\"@type\":\"EntryPoint\",\"urlTemplate\":\"https:\/\/www.sources-hotels.com\/valdeloire\/de\/?s={search_term_string}\"},\"query-input\":{\"@type\":\"PropertyValueSpecification\",\"valueRequired\":true,\"valueName\":\"search_term_string\"}}],\"inLanguage\":\"de-DE\"},{\"@type\":\"Organization\",\"@id\":\"https:\/\/www.sources-hotels.com\/valdeloire\/de\/#organization\",\"name\":\"Les Sources de Cheverny\",\"url\":\"https:\/\/www.sources-hotels.com\/valdeloire\/de\/\",\"logo\":{\"@type\":\"ImageObject\",\"inLanguage\":\"de-DE\",\"@id\":\"https:\/\/www.sources-hotels.com\/valdeloire\/de\/#\/schema\/logo\/image\/\",\"url\":\"https:\/\/www.sources-hotels.com\/valdeloire\/wp-content\/uploads\/sites\/4\/2025\/03\/logo-cheverny.png\",\"contentUrl\":\"https:\/\/www.sources-hotels.com\/valdeloire\/wp-content\/uploads\/sites\/4\/2025\/03\/logo-cheverny.png\",\"width\":696,\"height\":291,\"caption\":\"Les Sources de Cheverny\"},\"image\":{\"@id\":\"https:\/\/www.sources-hotels.com\/valdeloire\/de\/#\/schema\/logo\/image\/\"}}]}<\/script>\n<!-- \/ Yoast SEO plugin. -->","yoast_head_json":{"title":"Partner - Les Sources de Cheverny","description":"Hotel Les Sources de Cheverny - Loiretal - Frankreich. Unsere Partner. GDS-Codes","robots":{"index":"index","follow":"follow","max-snippet":"max-snippet:-1","max-image-preview":"max-image-preview:large","max-video-preview":"max-video-preview:-1"},"canonical":"https:\/\/www.sources-hotels.com\/valdeloire\/de\/partner\/","og_locale":"de_DE","og_type":"article","og_title":"Partner - Les Sources de Cheverny","og_description":"Hotel Les Sources de Cheverny - Loiretal - Frankreich. Unsere Partner. GDS-Codes","og_url":"https:\/\/www.sources-hotels.com\/valdeloire\/de\/partner\/","og_site_name":"Les Sources de Cheverny","article_modified_time":"2025-08-06T07:43:53+00:00","twitter_card":"summary_large_image","schema":{"@context":"https:\/\/schema.org","@graph":[{"@type":"WebPage","@id":"https:\/\/www.sources-hotels.com\/valdeloire\/de\/partner\/","url":"https:\/\/www.sources-hotels.com\/valdeloire\/de\/partner\/","name":"Partner - Les Sources de Cheverny","isPartOf":{"@id":"https:\/\/www.sources-hotels.com\/valdeloire\/de\/#website"},"datePublished":"2024-12-31T14:23:42+00:00","dateModified":"2025-08-06T07:43:53+00:00","description":"Hotel Les Sources de Cheverny - Loiretal - Frankreich. Unsere Partner. GDS-Codes","breadcrumb":{"@id":"https:\/\/www.sources-hotels.com\/valdeloire\/de\/partner\/#breadcrumb"},"inLanguage":"de-DE","potentialAction":[{"@type":"ReadAction","target":["https:\/\/www.sources-hotels.com\/valdeloire\/de\/partner\/"]}]},{"@type":"BreadcrumbList","@id":"https:\/\/www.sources-hotels.com\/valdeloire\/de\/partner\/#breadcrumb","itemListElement":[{"@type":"ListItem","position":1,"name":"Accueil","item":"https:\/\/www.sources-hotels.com\/valdeloire\/de\/"},{"@type":"ListItem","position":2,"name":"Partner"}]},{"@type":"WebSite","@id":"https:\/\/www.sources-hotels.com\/valdeloire\/de\/#website","url":"https:\/\/www.sources-hotels.com\/valdeloire\/de\/","name":"Les Sources de Cheverny","description":"","publisher":{"@id":"https:\/\/www.sources-hotels.com\/valdeloire\/de\/#organization"},"potentialAction":[{"@type":"SearchAction","target":{"@type":"EntryPoint","urlTemplate":"https:\/\/www.sources-hotels.com\/valdeloire\/de\/?s={search_term_string}"},"query-input":{"@type":"PropertyValueSpecification","valueRequired":true,"valueName":"search_term_string"}}],"inLanguage":"de-DE"},{"@type":"Organization","@id":"https:\/\/www.sources-hotels.com\/valdeloire\/de\/#organization","name":"Les Sources de Cheverny","url":"https:\/\/www.sources-hotels.com\/valdeloire\/de\/","logo":{"@type":"ImageObject","inLanguage":"de-DE","@id":"https:\/\/www.sources-hotels.com\/valdeloire\/de\/#\/schema\/logo\/image\/","url":"https:\/\/www.sources-hotels.com\/valdeloire\/wp-content\/uploads\/sites\/4\/2025\/03\/logo-cheverny.png","contentUrl":"https:\/\/www.sources-hotels.com\/valdeloire\/wp-content\/uploads\/sites\/4\/2025\/03\/logo-cheverny.png","width":696,"height":291,"caption":"Les Sources de Cheverny"},"image":{"@id":"https:\/\/www.sources-hotels.com\/valdeloire\/de\/#\/schema\/logo\/image\/"}}]}},"_links":{"self":[{"href":"https:\/\/www.sources-hotels.com\/valdeloire\/de\/wp-json\/wp\/v2\/pages\/3303","targetHints":{"allow":["GET"]}}],"collection":[{"href":"https:\/\/www.sources-hotels.com\/valdeloire\/de\/wp-json\/wp\/v2\/pages"}],"about":[{"href":"https:\/\/www.sources-hotels.com\/valdeloire\/de\/wp-json\/wp\/v2\/types\/page"}],"author":[{"embeddable":true,"href":"https:\/\/www.sources-hotels.com\/valdeloire\/de\/wp-json\/wp\/v2\/users\/1"}],"replies":[{"embeddable":true,"href":"https:\/\/www.sources-hotels.com\/valdeloire\/de\/wp-json\/wp\/v2\/comments?post=3303"}],"version-history":[{"count":6,"href":"https:\/\/www.sources-hotels.com\/valdeloire\/de\/wp-json\/wp\/v2\/pages\/3303\/revisions"}],"predecessor-version":[{"id":4282,"href":"https:\/\/www.sources-hotels.com\/valdeloire\/de\/wp-json\/wp\/v2\/pages\/3303\/revisions\/4282"}],"wp:attachment":[{"href":"https:\/\/www.sources-hotels.com\/valdeloire\/de\/wp-json\/wp\/v2\/media?parent=3303"}],"wp:term":[{"taxonomy":"hotels","embeddable":true,"href":"https:\/\/www.sources-hotels.com\/valdeloire\/de\/wp-json\/wp\/v2\/hotels?post=3303"},{"taxonomy":"doc_cat","embeddable":true,"href":"https:\/\/www.sources-hotels.com\/valdeloire\/de\/wp-json\/wp\/v2\/doc_cat?post=3303"}],"curies":[{"name":"wp","href":"https:\/\/api.w.org\/{rel}","templated":true}]}}