{"id":3959,"date":"2024-12-31T15:14:47","date_gmt":"2024-12-31T14:14:47","guid":{"rendered":"https:\/\/www.sources-hotels.com\/valdeloire\/?page_id=3959"},"modified":"2026-04-09T11:03:04","modified_gmt":"2026-04-09T09:03:04","slug":"faq","status":"publish","type":"page","link":"https:\/\/www.sources-hotels.com\/valdeloire\/de\/faq\/","title":{"rendered":"FAQ"},"content":{"rendered":"\n<section class=\"custom-block block--header h-[206rem] text-center text-white overflow-hidden pt-[100rem] relative tablet:h-[700rem] tablet:pt-[420rem]\">\n\n    <h1>\n                            FAQ &#8211; Les Sources de Cheverny            <\/h1>\n\n    \n    <span class=\"scroll-down hidden text-[12rem] tracking-[2rem] uppercase font-title cursor-pointer opacity-[64%] pb-[66rem] absolute left-2\/4 bottom-0 translate-x-[-50%] after:w-[1px] after:h-[50rem] after:bg-white after:opacity-[40%] after:absolute after:bottom-0 after:left-[50%] tablet:block\">\n        Mehr entdecken    <\/span>\n\n    <figure class=\"min-w-full min-h-full aspect-video overflow-hidden absolute top-2\/4 left-2\/4 translate-x-[-50%] translate-y-[-50%] z-[-1] before:bg-black before:opacity-[35%] before:mix-blend-multiply before:absolute before:top-0 before:left-0 before:right-0 before:bottom-0 before:z-[2]\">\n                    <img loading=\"lazy\" decoding=\"async\" width=\"1350\" height=\"900\" src=\"https:\/\/www.sources-hotels.com\/valdeloire\/wp-content\/uploads\/sites\/4\/2025\/01\/LesSourcesDeCheverny_HameauDuMaraisExt_\u00a9itshenriette-1350x900.jpg\" class=\"h-full w-full object-cover object-center\" alt=\"\" srcset=\"https:\/\/www.sources-hotels.com\/valdeloire\/wp-content\/uploads\/sites\/4\/2025\/01\/LesSourcesDeCheverny_HameauDuMaraisExt_\u00a9itshenriette-1350x900.jpg 1350w, https:\/\/www.sources-hotels.com\/valdeloire\/wp-content\/uploads\/sites\/4\/2025\/01\/LesSourcesDeCheverny_HameauDuMaraisExt_\u00a9itshenriette-300x200.jpg 300w, https:\/\/www.sources-hotels.com\/valdeloire\/wp-content\/uploads\/sites\/4\/2025\/01\/LesSourcesDeCheverny_HameauDuMaraisExt_\u00a9itshenriette-1024x683.jpg 1024w, https:\/\/www.sources-hotels.com\/valdeloire\/wp-content\/uploads\/sites\/4\/2025\/01\/LesSourcesDeCheverny_HameauDuMaraisExt_\u00a9itshenriette-768x512.jpg 768w, https:\/\/www.sources-hotels.com\/valdeloire\/wp-content\/uploads\/sites\/4\/2025\/01\/LesSourcesDeCheverny_HameauDuMaraisExt_\u00a9itshenriette-1536x1024.jpg 1536w, https:\/\/www.sources-hotels.com\/valdeloire\/wp-content\/uploads\/sites\/4\/2025\/01\/LesSourcesDeCheverny_HameauDuMaraisExt_\u00a9itshenriette-2048x1365.jpg 2048w, https:\/\/www.sources-hotels.com\/valdeloire\/wp-content\/uploads\/sites\/4\/2025\/01\/LesSourcesDeCheverny_HameauDuMaraisExt_\u00a9itshenriette-1260x840.jpg 1260w, https:\/\/www.sources-hotels.com\/valdeloire\/wp-content\/uploads\/sites\/4\/2025\/01\/LesSourcesDeCheverny_HameauDuMaraisExt_\u00a9itshenriette-450x300.jpg 450w, https:\/\/www.sources-hotels.com\/valdeloire\/wp-content\/uploads\/sites\/4\/2025\/01\/LesSourcesDeCheverny_HameauDuMaraisExt_\u00a9itshenriette-465x310.jpg 465w, https:\/\/www.sources-hotels.com\/valdeloire\/wp-content\/uploads\/sites\/4\/2025\/01\/LesSourcesDeCheverny_HameauDuMaraisExt_\u00a9itshenriette-630x420.jpg 630w, https:\/\/www.sources-hotels.com\/valdeloire\/wp-content\/uploads\/sites\/4\/2025\/01\/LesSourcesDeCheverny_HameauDuMaraisExt_\u00a9itshenriette-966x644.jpg 966w, https:\/\/www.sources-hotels.com\/valdeloire\/wp-content\/uploads\/sites\/4\/2025\/01\/LesSourcesDeCheverny_HameauDuMaraisExt_\u00a9itshenriette-750x500.jpg 750w, https:\/\/www.sources-hotels.com\/valdeloire\/wp-content\/uploads\/sites\/4\/2025\/01\/LesSourcesDeCheverny_HameauDuMaraisExt_\u00a9itshenriette-1020x680.jpg 1020w, https:\/\/www.sources-hotels.com\/valdeloire\/wp-content\/uploads\/sites\/4\/2025\/01\/LesSourcesDeCheverny_HameauDuMaraisExt_\u00a9itshenriette-690x460.jpg 690w, https:\/\/www.sources-hotels.com\/valdeloire\/wp-content\/uploads\/sites\/4\/2025\/01\/LesSourcesDeCheverny_HameauDuMaraisExt_\u00a9itshenriette-640x427.jpg 640w, https:\/\/www.sources-hotels.com\/valdeloire\/wp-content\/uploads\/sites\/4\/2025\/01\/LesSourcesDeCheverny_HameauDuMaraisExt_\u00a9itshenriette-420x280.jpg 420w\" sizes=\"auto, (max-width: 1350px) 100vw, 1350px\" \/>            <\/figure>\n    \n<\/section>\n\n    \n\n<section class=\"custom-block block--faq container\">\n\n    <div class=\"accordions\">\n\n                                    <div class=\"accordion\">\n                    <div class=\"title\">\n                        <div class=\"caret\"><\/div>Gibt es ein Spa in Les Sources de Cheverny?                    <\/div>\n                    <div class=\"content rte\">\n                        <p class=\"\" data-start=\"0\" data-end=\"223\">Das Spa by Caudalie ist montags bis donnerstags von 10:00 bis 19:00 Uhr ge\u00f6ffnet, freitags und samstags von 10:00 bis 20:00 Uhr, sonntags von 9:00 bis 19:00 Uhr.<\/p>\n<p class=\"\" data-start=\"225\" data-end=\"455\">Die Einrichtungen sind ab 16 Jahren zug\u00e4nglich, entweder mit einer gebuchten Behandlung oder mit einem 2-st\u00fcndigen Spa-Zugang nach vorheriger Reservierung und je nach Verf\u00fcgbarkeit (Preis auf Anfrage). Auch externe G\u00e4ste sind willkommen.<\/p>\n                    <\/div>\n                <\/div>\n                            <div class=\"accordion\">\n                    <div class=\"title\">\n                        <div class=\"caret\"><\/div>Sind Haustiere (Hunde oder Katzen) in Les Sources de Cheverny erlaubt?                    <\/div>\n                    <div class=\"content rte\">\n                        <p class=\"\" data-start=\"457\" data-end=\"678\">Haustiere sind in Les Sources de Cheverny willkommen, gegen einen Aufpreis von 30\u202f\u20ac\/Nacht. Bitte informieren Sie unser Team bei Ihrer Buchung.<\/p>\n<p class=\"\" data-start=\"680\" data-end=\"808\">Bitte beachten Sie, dass Tiere an der Leine zu f\u00fchren sind und weder in der N\u00e4he der Pools noch in den Restaurants erlaubt sind.<\/p>\n                    <\/div>\n                <\/div>\n                            <div class=\"accordion\">\n                    <div class=\"title\">\n                        <div class=\"caret\"><\/div>Welche Zahlungsmittel werden im Hotel Les Sources de Cheverny akzeptiert?                    <\/div>\n                    <div class=\"content rte\">\n                        <p class=\"\" data-start=\"0\" data-end=\"365\">Je nach gew\u00e4hltem Tarif erfolgt die Zahlung entweder bei der Buchung oder beim Check-out.<br data-start=\"169\" data-end=\"172\" \/>Beim Check-in ben\u00f6tigen Sie eine g\u00fcltige Kreditkarte sowie einen Ausweis.<br data-start=\"245\" data-end=\"248\" \/>Sollten Sie Schwierigkeiten bei der Buchung haben, kontaktieren Sie uns gerne \u2013 wir helfen Ihnen mit Freude weiter.<\/p>\n<p class=\"\" data-start=\"367\" data-end=\"409\">Wir akzeptieren folgende Zahlungsmittel:<\/p>\n<ul data-start=\"411\" data-end=\"455\">\n<li class=\"\" data-start=\"411\" data-end=\"419\">\n<p class=\"\" data-start=\"413\" data-end=\"419\">Visa<\/p>\n<\/li>\n<li class=\"\" data-start=\"420\" data-end=\"434\">\n<p class=\"\" data-start=\"422\" data-end=\"434\">Mastercard<\/p>\n<\/li>\n<li class=\"\" data-start=\"435\" data-end=\"455\">\n<p class=\"\" data-start=\"437\" data-end=\"455\">American Express<\/p>\n<\/li>\n<\/ul>\n<p class=\"\" data-start=\"457\" data-end=\"509\">Barzahlung ist an der Rezeption ebenfalls m\u00f6glich.<\/p>\n<p class=\"\" data-start=\"511\" data-end=\"659\">F\u00fcr die Garantie Ihrer Reservierung ist eine g\u00fcltige Kreditkarte erforderlich. Sollten Sie keine Kreditkarte besitzen, kontaktieren Sie uns bitte.<\/p>\n                    <\/div>\n                <\/div>\n                            <div class=\"accordion\">\n                    <div class=\"title\">\n                        <div class=\"caret\"><\/div>Verf\u00fcgt das Hotel \u00fcber ein Restaurant?                    <\/div>\n                    <div class=\"content rte\">\n                        <p class=\"\" data-start=\"661\" data-end=\"743\">Wir verf\u00fcgen \u00fcber zwei Restaurants:<\/p>\n<p class=\"\" data-start=\"745\" data-end=\"953\">Das Gourmetrestaurant <em data-start=\"767\" data-end=\"778\">Le Favori<\/em> (1 Michelin-Stern) empf\u00e4ngt Sie mittwochs, donnerstags und freitags von 19:30 bis 21:30 Uhr sowie samstags und sonntags von 12:30 bis 13:45 Uhr und von 19:30 bis 21:30 Uhr.<\/p>\n<p class=\"\" data-start=\"955\" data-end=\"1098\"><em data-start=\"955\" data-end=\"966\">L\u2019Auberge<\/em>, ein charmantes Landgasthaus mit bistronomischem Konzept, ist t\u00e4glich von 12:00 bis 14:00 Uhr und von 19:00 bis 22:00 Uhr ge\u00f6ffnet.<\/p>\n                    <\/div>\n                <\/div>\n                            <div class=\"accordion\">\n                    <div class=\"title\">\n                        <div class=\"caret\"><\/div>Gibt es einen Pool im Hotel Les Sources de Cheverny?                    <\/div>\n                    <div class=\"content rte\">\n                        <p class=\"\" data-start=\"0\" data-end=\"149\">Unser beheizter Au\u00dfenpool ist von Mitte April bis Oktober ge\u00f6ffnet \u2013 je nach Wetterlage.<\/p>\n<p class=\"\" data-start=\"151\" data-end=\"249\">Der Zugang zum Pool ist ausschlie\u00dflich Hotelg\u00e4sten vorbehalten und erfordert keine Reservierung.<\/p>\n                    <\/div>\n                <\/div>\n                            <div class=\"accordion\">\n                    <div class=\"title\">\n                        <div class=\"caret\"><\/div>Bietet das Hotel einen Babysitting-Service an?                    <\/div>\n                    <div class=\"content rte\">\n                        <p>Wir bieten einen Babysitting-Service zum Preis von 30\u202f\u20ac\/Stunde an.<\/p>\n                    <\/div>\n                <\/div>\n                            <div class=\"accordion\">\n                    <div class=\"title\">\n                        <div class=\"caret\"><\/div>Wie sind die Fr\u00fchst\u00fcckszeiten?                    <\/div>\n                    <div class=\"content rte\">\n                        <p>Wir servieren t\u00e4glich ein Fr\u00fchst\u00fccksbuffet von 7:30 bis 10:30 Uhr im Restaurant oder als Fr\u00fchst\u00fcckskorb auf Ihr Zimmer von 7:30 bis 11:00 Uhr.<\/p>\n                    <\/div>\n                <\/div>\n                            <div class=\"accordion\">\n                    <div class=\"title\">\n                        <div class=\"caret\"><\/div>Wie viel kostet das Fr\u00fchst\u00fcck?                    <\/div>\n                    <div class=\"content rte\">\n                        <p class=\"\" data-start=\"557\" data-end=\"655\">Sie k\u00f6nnen Ihren Aufenthalt mit oder ohne Fr\u00fchst\u00fcck buchen.<\/p>\n<p class=\"\" data-start=\"657\" data-end=\"760\">Falls das Fr\u00fchst\u00fcck nicht in Ihrer Buchung enthalten ist, wird es mit 30\u202f\u20ac\/Erwachsener\/Tag berechnet.<\/p>\n<p class=\"\" data-start=\"762\" data-end=\"817\">F\u00fcr Kinder (bis 12 Jahre) betr\u00e4gt der Preis 15\u202f\u20ac\/Tag.<\/p>\n<p class=\"\" data-start=\"819\" data-end=\"931\">Das Fr\u00fchst\u00fcck kann jederzeit hinzugebucht werden \u2013 informieren Sie dazu einfach die Rezeption bei Ihrer Ankunft.<\/p>\n                    <\/div>\n                <\/div>\n                            <div class=\"accordion\">\n                    <div class=\"title\">\n                        <div class=\"caret\"><\/div>Gibt es einen Parkplatz bei Les Sources de Cheverny?                    <\/div>\n                    <div class=\"content rte\">\n                        <p class=\"\" data-start=\"0\" data-end=\"220\">Wir verf\u00fcgen \u00fcber einen kostenlosen und gesicherten Parkplatz. Die Anzahl der Parkpl\u00e4tze ist begrenzt und wird unseren G\u00e4sten je nach Verf\u00fcgbarkeit zugewiesen.<\/p>\n<p class=\"\" data-start=\"222\" data-end=\"336\">Eine Reservierung im Voraus ist nicht m\u00f6glich. Wir bieten Ihnen kostenfrei einen Parkservice (Valet-Service) an.<\/p>\n                    <\/div>\n                <\/div>\n                            <div class=\"accordion\">\n                    <div class=\"title\">\n                        <div class=\"caret\"><\/div>Ist das Hotel f\u00fcr die Aufnahme von Babys geeignet?                    <\/div>\n                    <div class=\"content rte\">\n                        <p class=\"\" data-start=\"338\" data-end=\"436\">Babys sind bei uns herzlich willkommen.<\/p>\n<p class=\"\" data-start=\"438\" data-end=\"547\">Wir stellen Ihnen gerne ein Babybett zur Verf\u00fcgung (20\u202f\u20ac\/Tag) sowie einen Hochstuhl in unseren Restaurants.<\/p>\n<p class=\"\" data-start=\"549\" data-end=\"602\">Bitte geben Sie Ihren Bedarf bei der Reservierung an.<\/p>\n                    <\/div>\n                <\/div>\n                    \n    <\/div>\n\n<\/section>","protected":false},"excerpt":{"rendered":"","protected":false},"author":1,"featured_media":0,"parent":0,"menu_order":0,"comment_status":"closed","ping_status":"closed","template":"","meta":{"_acf_changed":false,"footnotes":""},"hotels":[],"doc_cat":[],"class_list":["post-3959","page","type-page","status-publish","hentry"],"acf":[],"yoast_head":"<!-- This site is optimized with the Yoast SEO plugin v25.6 - https:\/\/yoast.com\/wordpress\/plugins\/seo\/ -->\n<title>FAQ - Les Sources de Cheverny<\/title>\n<meta name=\"robots\" content=\"index, follow, max-snippet:-1, max-image-preview:large, max-video-preview:-1\" \/>\n<link rel=\"canonical\" href=\"https:\/\/www.sources-hotels.com\/valdeloire\/de\/faq\/\" \/>\n<meta property=\"og:locale\" content=\"de_DE\" \/>\n<meta property=\"og:type\" content=\"article\" \/>\n<meta property=\"og:title\" content=\"FAQ - Les Sources de Cheverny\" \/>\n<meta property=\"og:url\" content=\"https:\/\/www.sources-hotels.com\/valdeloire\/de\/faq\/\" \/>\n<meta property=\"og:site_name\" content=\"Les Sources de Cheverny\" \/>\n<meta property=\"article:modified_time\" content=\"2026-04-09T09:03:04+00:00\" \/>\n<meta name=\"twitter:card\" content=\"summary_large_image\" \/>\n<script type=\"application\/ld+json\" class=\"yoast-schema-graph\">{\"@context\":\"https:\/\/schema.org\",\"@graph\":[{\"@type\":\"WebPage\",\"@id\":\"https:\/\/www.sources-hotels.com\/valdeloire\/de\/faq\/\",\"url\":\"https:\/\/www.sources-hotels.com\/valdeloire\/de\/faq\/\",\"name\":\"FAQ - Les Sources de Cheverny\",\"isPartOf\":{\"@id\":\"https:\/\/www.sources-hotels.com\/valdeloire\/de\/#website\"},\"datePublished\":\"2024-12-31T14:14:47+00:00\",\"dateModified\":\"2026-04-09T09:03:04+00:00\",\"breadcrumb\":{\"@id\":\"https:\/\/www.sources-hotels.com\/valdeloire\/de\/faq\/#breadcrumb\"},\"inLanguage\":\"de-DE\",\"potentialAction\":[{\"@type\":\"ReadAction\",\"target\":[\"https:\/\/www.sources-hotels.com\/valdeloire\/de\/faq\/\"]}]},{\"@type\":\"BreadcrumbList\",\"@id\":\"https:\/\/www.sources-hotels.com\/valdeloire\/de\/faq\/#breadcrumb\",\"itemListElement\":[{\"@type\":\"ListItem\",\"position\":1,\"name\":\"Accueil\",\"item\":\"https:\/\/www.sources-hotels.com\/valdeloire\/de\/\"},{\"@type\":\"ListItem\",\"position\":2,\"name\":\"FAQ\"}]},{\"@type\":\"WebSite\",\"@id\":\"https:\/\/www.sources-hotels.com\/valdeloire\/de\/#website\",\"url\":\"https:\/\/www.sources-hotels.com\/valdeloire\/de\/\",\"name\":\"Les Sources de Cheverny\",\"description\":\"\",\"publisher\":{\"@id\":\"https:\/\/www.sources-hotels.com\/valdeloire\/de\/#organization\"},\"potentialAction\":[{\"@type\":\"SearchAction\",\"target\":{\"@type\":\"EntryPoint\",\"urlTemplate\":\"https:\/\/www.sources-hotels.com\/valdeloire\/de\/?s={search_term_string}\"},\"query-input\":{\"@type\":\"PropertyValueSpecification\",\"valueRequired\":true,\"valueName\":\"search_term_string\"}}],\"inLanguage\":\"de-DE\"},{\"@type\":\"Organization\",\"@id\":\"https:\/\/www.sources-hotels.com\/valdeloire\/de\/#organization\",\"name\":\"Les Sources de Cheverny\",\"url\":\"https:\/\/www.sources-hotels.com\/valdeloire\/de\/\",\"logo\":{\"@type\":\"ImageObject\",\"inLanguage\":\"de-DE\",\"@id\":\"https:\/\/www.sources-hotels.com\/valdeloire\/de\/#\/schema\/logo\/image\/\",\"url\":\"https:\/\/www.sources-hotels.com\/valdeloire\/wp-content\/uploads\/sites\/4\/2025\/03\/logo-cheverny.png\",\"contentUrl\":\"https:\/\/www.sources-hotels.com\/valdeloire\/wp-content\/uploads\/sites\/4\/2025\/03\/logo-cheverny.png\",\"width\":696,\"height\":291,\"caption\":\"Les Sources de Cheverny\"},\"image\":{\"@id\":\"https:\/\/www.sources-hotels.com\/valdeloire\/de\/#\/schema\/logo\/image\/\"}}]}<\/script>\n<!-- \/ Yoast SEO plugin. -->","yoast_head_json":{"title":"FAQ - Les Sources de Cheverny","robots":{"index":"index","follow":"follow","max-snippet":"max-snippet:-1","max-image-preview":"max-image-preview:large","max-video-preview":"max-video-preview:-1"},"canonical":"https:\/\/www.sources-hotels.com\/valdeloire\/de\/faq\/","og_locale":"de_DE","og_type":"article","og_title":"FAQ - Les Sources de Cheverny","og_url":"https:\/\/www.sources-hotels.com\/valdeloire\/de\/faq\/","og_site_name":"Les Sources de Cheverny","article_modified_time":"2026-04-09T09:03:04+00:00","twitter_card":"summary_large_image","schema":{"@context":"https:\/\/schema.org","@graph":[{"@type":"WebPage","@id":"https:\/\/www.sources-hotels.com\/valdeloire\/de\/faq\/","url":"https:\/\/www.sources-hotels.com\/valdeloire\/de\/faq\/","name":"FAQ - Les Sources de Cheverny","isPartOf":{"@id":"https:\/\/www.sources-hotels.com\/valdeloire\/de\/#website"},"datePublished":"2024-12-31T14:14:47+00:00","dateModified":"2026-04-09T09:03:04+00:00","breadcrumb":{"@id":"https:\/\/www.sources-hotels.com\/valdeloire\/de\/faq\/#breadcrumb"},"inLanguage":"de-DE","potentialAction":[{"@type":"ReadAction","target":["https:\/\/www.sources-hotels.com\/valdeloire\/de\/faq\/"]}]},{"@type":"BreadcrumbList","@id":"https:\/\/www.sources-hotels.com\/valdeloire\/de\/faq\/#breadcrumb","itemListElement":[{"@type":"ListItem","position":1,"name":"Accueil","item":"https:\/\/www.sources-hotels.com\/valdeloire\/de\/"},{"@type":"ListItem","position":2,"name":"FAQ"}]},{"@type":"WebSite","@id":"https:\/\/www.sources-hotels.com\/valdeloire\/de\/#website","url":"https:\/\/www.sources-hotels.com\/valdeloire\/de\/","name":"Les Sources de Cheverny","description":"","publisher":{"@id":"https:\/\/www.sources-hotels.com\/valdeloire\/de\/#organization"},"potentialAction":[{"@type":"SearchAction","target":{"@type":"EntryPoint","urlTemplate":"https:\/\/www.sources-hotels.com\/valdeloire\/de\/?s={search_term_string}"},"query-input":{"@type":"PropertyValueSpecification","valueRequired":true,"valueName":"search_term_string"}}],"inLanguage":"de-DE"},{"@type":"Organization","@id":"https:\/\/www.sources-hotels.com\/valdeloire\/de\/#organization","name":"Les Sources de Cheverny","url":"https:\/\/www.sources-hotels.com\/valdeloire\/de\/","logo":{"@type":"ImageObject","inLanguage":"de-DE","@id":"https:\/\/www.sources-hotels.com\/valdeloire\/de\/#\/schema\/logo\/image\/","url":"https:\/\/www.sources-hotels.com\/valdeloire\/wp-content\/uploads\/sites\/4\/2025\/03\/logo-cheverny.png","contentUrl":"https:\/\/www.sources-hotels.com\/valdeloire\/wp-content\/uploads\/sites\/4\/2025\/03\/logo-cheverny.png","width":696,"height":291,"caption":"Les Sources de Cheverny"},"image":{"@id":"https:\/\/www.sources-hotels.com\/valdeloire\/de\/#\/schema\/logo\/image\/"}}]}},"_links":{"self":[{"href":"https:\/\/www.sources-hotels.com\/valdeloire\/de\/wp-json\/wp\/v2\/pages\/3959","targetHints":{"allow":["GET"]}}],"collection":[{"href":"https:\/\/www.sources-hotels.com\/valdeloire\/de\/wp-json\/wp\/v2\/pages"}],"about":[{"href":"https:\/\/www.sources-hotels.com\/valdeloire\/de\/wp-json\/wp\/v2\/types\/page"}],"author":[{"embeddable":true,"href":"https:\/\/www.sources-hotels.com\/valdeloire\/de\/wp-json\/wp\/v2\/users\/1"}],"replies":[{"embeddable":true,"href":"https:\/\/www.sources-hotels.com\/valdeloire\/de\/wp-json\/wp\/v2\/comments?post=3959"}],"version-history":[{"count":6,"href":"https:\/\/www.sources-hotels.com\/valdeloire\/de\/wp-json\/wp\/v2\/pages\/3959\/revisions"}],"predecessor-version":[{"id":5272,"href":"https:\/\/www.sources-hotels.com\/valdeloire\/de\/wp-json\/wp\/v2\/pages\/3959\/revisions\/5272"}],"wp:attachment":[{"href":"https:\/\/www.sources-hotels.com\/valdeloire\/de\/wp-json\/wp\/v2\/media?parent=3959"}],"wp:term":[{"taxonomy":"hotels","embeddable":true,"href":"https:\/\/www.sources-hotels.com\/valdeloire\/de\/wp-json\/wp\/v2\/hotels?post=3959"},{"taxonomy":"doc_cat","embeddable":true,"href":"https:\/\/www.sources-hotels.com\/valdeloire\/de\/wp-json\/wp\/v2\/doc_cat?post=3959"}],"curies":[{"name":"wp","href":"https:\/\/api.w.org\/{rel}","templated":true}]}}