{"id":114,"date":"2024-12-30T09:32:14","date_gmt":"2024-12-30T08:32:14","guid":{"rendered":"https:\/\/www.sources-hotels.com\/valdeloire\/?page_id=114"},"modified":"2026-03-10T14:56:20","modified_gmt":"2026-03-10T13:56:20","slug":"chambres-suites","status":"publish","type":"page","link":"https:\/\/www.sources-hotels.com\/valdeloire\/chambres-suites\/","title":{"rendered":"Chambres &amp; suites"},"content":{"rendered":"\n<section class=\"custom-block block--header h-[206rem] text-center text-white overflow-hidden pt-[100rem] relative tablet:h-[700rem] tablet:pt-[420rem]\">\n\n    <h1>\n                            CHAMBRES &amp; SUITES            <\/h1>\n\n    \n    <span class=\"scroll-down hidden text-[12rem] tracking-[2rem] uppercase font-title cursor-pointer opacity-[64%] pb-[66rem] absolute left-2\/4 bottom-0 translate-x-[-50%] after:w-[1px] after:h-[50rem] after:bg-white after:opacity-[40%] after:absolute after:bottom-0 after:left-[50%] tablet:block\">\n        Voir la suite    <\/span>\n\n    <figure class=\"min-w-full min-h-full aspect-video overflow-hidden absolute top-2\/4 left-2\/4 translate-x-[-50%] translate-y-[-50%] z-[-1] before:bg-black before:opacity-[35%] before:mix-blend-multiply before:absolute before:top-0 before:left-0 before:right-0 before:bottom-0 before:z-[2]\">\n                    <img loading=\"lazy\" decoding=\"async\" width=\"1350\" height=\"900\" src=\"https:\/\/www.sources-hotels.com\/valdeloire\/wp-content\/uploads\/sites\/4\/2024\/12\/LesSourcesDeCheverny_HameauDuMaraisExt_\u00a9itshenriette-1350x900.jpg\" class=\"h-full w-full object-cover object-center\" alt=\"hotel Les Sources de Cheverny\" srcset=\"https:\/\/www.sources-hotels.com\/valdeloire\/wp-content\/uploads\/sites\/4\/2024\/12\/LesSourcesDeCheverny_HameauDuMaraisExt_\u00a9itshenriette-1350x900.jpg 1350w, https:\/\/www.sources-hotels.com\/valdeloire\/wp-content\/uploads\/sites\/4\/2024\/12\/LesSourcesDeCheverny_HameauDuMaraisExt_\u00a9itshenriette-300x200.jpg 300w, https:\/\/www.sources-hotels.com\/valdeloire\/wp-content\/uploads\/sites\/4\/2024\/12\/LesSourcesDeCheverny_HameauDuMaraisExt_\u00a9itshenriette-1024x683.jpg 1024w, https:\/\/www.sources-hotels.com\/valdeloire\/wp-content\/uploads\/sites\/4\/2024\/12\/LesSourcesDeCheverny_HameauDuMaraisExt_\u00a9itshenriette-768x512.jpg 768w, https:\/\/www.sources-hotels.com\/valdeloire\/wp-content\/uploads\/sites\/4\/2024\/12\/LesSourcesDeCheverny_HameauDuMaraisExt_\u00a9itshenriette-1536x1024.jpg 1536w, https:\/\/www.sources-hotels.com\/valdeloire\/wp-content\/uploads\/sites\/4\/2024\/12\/LesSourcesDeCheverny_HameauDuMaraisExt_\u00a9itshenriette-2048x1365.jpg 2048w, https:\/\/www.sources-hotels.com\/valdeloire\/wp-content\/uploads\/sites\/4\/2024\/12\/LesSourcesDeCheverny_HameauDuMaraisExt_\u00a9itshenriette-1260x840.jpg 1260w, https:\/\/www.sources-hotels.com\/valdeloire\/wp-content\/uploads\/sites\/4\/2024\/12\/LesSourcesDeCheverny_HameauDuMaraisExt_\u00a9itshenriette-450x300.jpg 450w, https:\/\/www.sources-hotels.com\/valdeloire\/wp-content\/uploads\/sites\/4\/2024\/12\/LesSourcesDeCheverny_HameauDuMaraisExt_\u00a9itshenriette-465x310.jpg 465w, https:\/\/www.sources-hotels.com\/valdeloire\/wp-content\/uploads\/sites\/4\/2024\/12\/LesSourcesDeCheverny_HameauDuMaraisExt_\u00a9itshenriette-630x420.jpg 630w, https:\/\/www.sources-hotels.com\/valdeloire\/wp-content\/uploads\/sites\/4\/2024\/12\/LesSourcesDeCheverny_HameauDuMaraisExt_\u00a9itshenriette-966x644.jpg 966w, https:\/\/www.sources-hotels.com\/valdeloire\/wp-content\/uploads\/sites\/4\/2024\/12\/LesSourcesDeCheverny_HameauDuMaraisExt_\u00a9itshenriette-750x500.jpg 750w, https:\/\/www.sources-hotels.com\/valdeloire\/wp-content\/uploads\/sites\/4\/2024\/12\/LesSourcesDeCheverny_HameauDuMaraisExt_\u00a9itshenriette-1020x680.jpg 1020w, https:\/\/www.sources-hotels.com\/valdeloire\/wp-content\/uploads\/sites\/4\/2024\/12\/LesSourcesDeCheverny_HameauDuMaraisExt_\u00a9itshenriette-690x460.jpg 690w, https:\/\/www.sources-hotels.com\/valdeloire\/wp-content\/uploads\/sites\/4\/2024\/12\/LesSourcesDeCheverny_HameauDuMaraisExt_\u00a9itshenriette-640x427.jpg 640w, https:\/\/www.sources-hotels.com\/valdeloire\/wp-content\/uploads\/sites\/4\/2024\/12\/LesSourcesDeCheverny_HameauDuMaraisExt_\u00a9itshenriette-420x280.jpg 420w\" sizes=\"auto, (max-width: 1350px) 100vw, 1350px\" \/>            <\/figure>\n    \n<\/section>\n\n    \n\n\n<section class=\"custom-block block--title-introduction text-center tablet:!pb-[60rem]\">\n\n            <h2 class=\"block-title\">Dormir au pays des Ch\u00e2teaux<\/h2>\n    \n    <div class=\"tablet:w-[970rem] tablet:inline-block\">\n        <p>A l\u2019int\u00e9rieur de l&rsquo;h\u00f4tel, et dans chacune des 49 chambres et suites, bat\u202fun coeur boh\u00e8me. Il invite \u00e0 s\u2019\u00e9mouvoir de la beaut\u00e9 des choses et \u00e0 se laisser parcourir d\u2019un frisson heureux \u00e0 la vue de cette nature abondante.\u202fUne\u202fd\u00e9coration narrative\u202fvous plonge directement dans l\u2019histoire. L\u2019histoire d\u2019Alice et de J\u00e9r\u00f4me, de leur amour du vin, de la for\u00eat, de ce lieu et de son environnement.<\/p>\n    <\/div>\n\n<\/section>\n\n\n\n<section class=\"custom-block block--room container mx-auto\">\n\n  <div class=\"content gallery-left\">\n\n    <div class=\"text\">\n\n              <h2 class=\"title\">Chambres Sup\u00e9rieures et Prestige <\/h2>\n      \n      \n      <div class=\"description rte\">\n        <p>Des chambres baptis\u00e9es en hommage au patrimoine r\u00e9gional, offrant chacune\u202fune d\u00e9coration unique\u202fcompos\u00e9e de mobilier et d\u2019objets chin\u00e9. Partez \u00e0 la d\u00e9couverte de l\u2019histoire du Val de Loire, de la faune et de la flore locales.<\/p>\n<p>Les Chambres Sup\u00e9rieures et Prestige sont nos premi\u00e8res cat\u00e9gories. Au nombre de dix, elles sont r\u00e9parties au Ch\u00e2teau du Breuil, ainsi qu\u2019aux Maisons des Fleurs et des Fruits. Toutes diff\u00e9rentes, chaque s\u00e9jour dans l&rsquo;une de nos Chambres Sup\u00e9rieures ou Prestige est une invitation \u00e0 un nouveau voyage.<\/p>\n      <\/div>\n\n              <div class=\"ctas\">\n                        <a href=\"https:\/\/www.sources-hotels.com\/valdeloire\/chambres-suites\/chambres-superieures-prestige\/\"  class=\"button cta1\" >\n        Plus de d\u00e9tails  <\/a>\n                                <button class=\"button cta2 dedge-open\" >R\u00e9server<\/button>\n                  <\/div>\n      \n    <\/div>\n\n    <div class=\"slider\">\n              <div class=\"image\">\n          <figure>\n            <img loading=\"lazy\" decoding=\"async\" width=\"1260\" height=\"1600\" src=\"https:\/\/www.sources-hotels.com\/valdeloire\/wp-content\/uploads\/sites\/4\/2025\/01\/LESSOU3-min-1-1260x1600.jpg\" class=\"w-full object-cover object-center\" alt=\"\" \/>          <\/figure>\n        <\/div>\n              <div class=\"image\">\n          <figure>\n            <img loading=\"lazy\" decoding=\"async\" width=\"1260\" height=\"1600\" src=\"https:\/\/www.sources-hotels.com\/valdeloire\/wp-content\/uploads\/sites\/4\/2025\/01\/LE1D2E1-min-1260x1600.jpg\" class=\"w-full object-cover object-center\" alt=\"\" \/>          <\/figure>\n        <\/div>\n              <div class=\"image\">\n          <figure>\n            <img loading=\"lazy\" decoding=\"async\" width=\"1260\" height=\"1600\" src=\"https:\/\/www.sources-hotels.com\/valdeloire\/wp-content\/uploads\/sites\/4\/2025\/01\/LE7CCC1-min-1-1260x1600.jpg\" class=\"w-full object-cover object-center\" alt=\"\" \/>          <\/figure>\n        <\/div>\n              <div class=\"image\">\n          <figure>\n            <img loading=\"lazy\" decoding=\"async\" width=\"1260\" height=\"1600\" src=\"https:\/\/www.sources-hotels.com\/valdeloire\/wp-content\/uploads\/sites\/4\/2025\/01\/LE56A31-min-1260x1600.jpg\" class=\"w-full object-cover object-center\" alt=\"\" \/>          <\/figure>\n        <\/div>\n          <\/div>\n  <\/div>\n<\/section>\n\n\n\n\n<section class=\"custom-block block--room container mx-auto\">\n\n  <div class=\"content gallery-right\">\n\n    <div class=\"text\">\n\n              <h2 class=\"title\">Junior Suites et Suites <\/h2>\n      \n      \n      <div class=\"description rte\">\n        <p>Aux Sources de Cheverny, l\u2019architecture est puis\u00e9e dans le patrimoine du Val de Loire\u202fet s\u2019accorde parfaitement \u00e0 la nature environnante. Nos Junior Suites et Suites disposent chacune d\u2019un espace de vie contigu \u00e0 l\u2019espace nuit.<\/p>\n<p>Des chambres id\u00e9ales pour accueillir les petites et grandes familles. Les Junior Suites ont un espace salon ouvert sur la chambre, quand les Suites poss\u00e8dent une s\u00e9paration bien distincte.<\/p>\n      <\/div>\n\n              <div class=\"ctas\">\n                        <a href=\"https:\/\/www.sources-hotels.com\/valdeloire\/chambres-suites\/junior-suites-et-suites\/\"  class=\"button cta1\" >\n        Plus de d\u00e9tails  <\/a>\n                                <button class=\"button cta2 dedge-open\" >R\u00e9server<\/button>\n                  <\/div>\n      \n    <\/div>\n\n    <div class=\"slider\">\n              <div class=\"image\">\n          <figure>\n            <img loading=\"lazy\" decoding=\"async\" width=\"1132\" height=\"1600\" src=\"https:\/\/www.sources-hotels.com\/valdeloire\/wp-content\/uploads\/sites\/4\/2025\/07\/SDCheverny_GrangeAuxAbeilles_Australe_\u00a9MPMorel2021-2-1132x1600.jpg\" class=\"w-full object-cover object-center\" alt=\"\" \/>          <\/figure>\n        <\/div>\n              <div class=\"image\">\n          <figure>\n            <img loading=\"lazy\" decoding=\"async\" width=\"1260\" height=\"1600\" src=\"https:\/\/www.sources-hotels.com\/valdeloire\/wp-content\/uploads\/sites\/4\/2025\/01\/LesSourcesDeCheverny_SuiteChateau_LEnvers_\u00a9MPMorel-2020-8-1260x1600.jpg\" class=\"w-full object-cover object-center\" alt=\"\" \/>          <\/figure>\n        <\/div>\n              <div class=\"image\">\n          <figure>\n            <img loading=\"lazy\" decoding=\"async\" width=\"853\" height=\"1280\" src=\"https:\/\/www.sources-hotels.com\/valdeloire\/wp-content\/uploads\/sites\/4\/2025\/07\/LesSourcesDeCheverny_JuniorSuite_LaBelleHelene__\u00a9itshenriette-8.jpg\" class=\"w-full object-cover object-center\" alt=\"\" srcset=\"https:\/\/www.sources-hotels.com\/valdeloire\/wp-content\/uploads\/sites\/4\/2025\/07\/LesSourcesDeCheverny_JuniorSuite_LaBelleHelene__\u00a9itshenriette-8.jpg 853w, https:\/\/www.sources-hotels.com\/valdeloire\/wp-content\/uploads\/sites\/4\/2025\/07\/LesSourcesDeCheverny_JuniorSuite_LaBelleHelene__\u00a9itshenriette-8-200x300.jpg 200w, https:\/\/www.sources-hotels.com\/valdeloire\/wp-content\/uploads\/sites\/4\/2025\/07\/LesSourcesDeCheverny_JuniorSuite_LaBelleHelene__\u00a9itshenriette-8-682x1024.jpg 682w, https:\/\/www.sources-hotels.com\/valdeloire\/wp-content\/uploads\/sites\/4\/2025\/07\/LesSourcesDeCheverny_JuniorSuite_LaBelleHelene__\u00a9itshenriette-8-768x1152.jpg 768w, https:\/\/www.sources-hotels.com\/valdeloire\/wp-content\/uploads\/sites\/4\/2025\/07\/LesSourcesDeCheverny_JuniorSuite_LaBelleHelene__\u00a9itshenriette-8-766x1150.jpg 766w\" sizes=\"auto, (max-width: 853px) 100vw, 853px\" \/>          <\/figure>\n        <\/div>\n              <div class=\"image\">\n          <figure>\n            <img loading=\"lazy\" decoding=\"async\" width=\"853\" height=\"1280\" src=\"https:\/\/www.sources-hotels.com\/valdeloire\/wp-content\/uploads\/sites\/4\/2025\/07\/LesSourcesDeCheverny_JuniorSuite_Libellule__\u00a9itshenriette-3.jpg\" class=\"w-full object-cover object-center\" alt=\"\" srcset=\"https:\/\/www.sources-hotels.com\/valdeloire\/wp-content\/uploads\/sites\/4\/2025\/07\/LesSourcesDeCheverny_JuniorSuite_Libellule__\u00a9itshenriette-3.jpg 853w, https:\/\/www.sources-hotels.com\/valdeloire\/wp-content\/uploads\/sites\/4\/2025\/07\/LesSourcesDeCheverny_JuniorSuite_Libellule__\u00a9itshenriette-3-200x300.jpg 200w, https:\/\/www.sources-hotels.com\/valdeloire\/wp-content\/uploads\/sites\/4\/2025\/07\/LesSourcesDeCheverny_JuniorSuite_Libellule__\u00a9itshenriette-3-682x1024.jpg 682w, https:\/\/www.sources-hotels.com\/valdeloire\/wp-content\/uploads\/sites\/4\/2025\/07\/LesSourcesDeCheverny_JuniorSuite_Libellule__\u00a9itshenriette-3-768x1152.jpg 768w, https:\/\/www.sources-hotels.com\/valdeloire\/wp-content\/uploads\/sites\/4\/2025\/07\/LesSourcesDeCheverny_JuniorSuite_Libellule__\u00a9itshenriette-3-766x1150.jpg 766w\" sizes=\"auto, (max-width: 853px) 100vw, 853px\" \/>          <\/figure>\n        <\/div>\n          <\/div>\n  <\/div>\n<\/section>\n\n\n\n\n<section class=\"custom-block block--room container mx-auto\">\n\n  <div class=\"content gallery-left\">\n\n    <div class=\"text\">\n\n              <h2 class=\"title\">La Suite Signature<\/h2>\n      \n              <h3 class=\"subtitle\">Le baron Perch\u00e9<\/h3>\n      \n      <div class=\"description rte\">\n        <p>La suite iconique du domaine nous rappelle les\u202fcabanes bois\u00e9es et leur belv\u00e9d\u00e8re\u202fque l\u2019on croise en traversant les somptueuses for\u00eats du Val de Loire. Juch\u00e9e sur pilotis en surplomb de lac, cette somptueuse Suite en bois massif est embl\u00e9matique de l\u2019\u00e2me bucolique des Sources de Cheverny.<\/p>\n<p>Du haut de sa tour,\u202fLe Baron Perch\u00e9\u202ftr\u00f4ne majestueusement sur l\u2019ensemble du hameau, et offre une vue panoramique sur le domaine et ses vergers, tandis que le\u202fbain nordique privatif\u202fpromet des\u202finstants de d\u00e9tente et bien-\u00eatre.<\/p>\n      <\/div>\n\n              <div class=\"ctas\">\n                        <a href=\"https:\/\/www.sources-hotels.com\/valdeloire\/chambres-suites\/suite-signature\/\"  class=\"button cta1\" >\n        Plus de d\u00e9tails  <\/a>\n                                <button class=\"button cta2 dedge-open\"  data-target=\"134554\">R\u00e9server<\/button>\n                  <\/div>\n      \n    <\/div>\n\n    <div class=\"slider\">\n              <div class=\"image\">\n          <figure>\n            <img loading=\"lazy\" decoding=\"async\" width=\"1260\" height=\"903\" src=\"https:\/\/www.sources-hotels.com\/valdeloire\/wp-content\/uploads\/sites\/4\/2025\/01\/SDCheverny_BaronPerche_\u00a9MPMorel_2020-9-1260x903.jpg\" class=\"w-full object-cover object-center\" alt=\"\" \/>          <\/figure>\n        <\/div>\n              <div class=\"image\">\n          <figure>\n            <img loading=\"lazy\" decoding=\"async\" width=\"1260\" height=\"1600\" src=\"https:\/\/www.sources-hotels.com\/valdeloire\/wp-content\/uploads\/sites\/4\/2025\/01\/SD360B1-min-1-1260x1600.jpg\" class=\"w-full object-cover object-center\" alt=\"\" \/>          <\/figure>\n        <\/div>\n              <div class=\"image\">\n          <figure>\n            <img loading=\"lazy\" decoding=\"async\" width=\"1260\" height=\"1600\" src=\"https:\/\/www.sources-hotels.com\/valdeloire\/wp-content\/uploads\/sites\/4\/2025\/01\/SDCHEV2-min-2-1260x1600.jpg\" class=\"w-full object-cover object-center\" alt=\"\" \/>          <\/figure>\n        <\/div>\n              <div class=\"image\">\n          <figure>\n            <img loading=\"lazy\" decoding=\"async\" width=\"1045\" height=\"1354\" src=\"https:\/\/www.sources-hotels.com\/valdeloire\/wp-content\/uploads\/sites\/4\/2025\/01\/SDCheverny_LeBaronPerche_\u00a9MPMorel_2020-4.jpg\" class=\"w-full object-cover object-center\" alt=\"\" srcset=\"https:\/\/www.sources-hotels.com\/valdeloire\/wp-content\/uploads\/sites\/4\/2025\/01\/SDCheverny_LeBaronPerche_\u00a9MPMorel_2020-4.jpg 1045w, https:\/\/www.sources-hotels.com\/valdeloire\/wp-content\/uploads\/sites\/4\/2025\/01\/SDCheverny_LeBaronPerche_\u00a9MPMorel_2020-4-232x300.jpg 232w, https:\/\/www.sources-hotels.com\/valdeloire\/wp-content\/uploads\/sites\/4\/2025\/01\/SDCheverny_LeBaronPerche_\u00a9MPMorel_2020-4-790x1024.jpg 790w, https:\/\/www.sources-hotels.com\/valdeloire\/wp-content\/uploads\/sites\/4\/2025\/01\/SDCheverny_LeBaronPerche_\u00a9MPMorel_2020-4-768x995.jpg 768w, https:\/\/www.sources-hotels.com\/valdeloire\/wp-content\/uploads\/sites\/4\/2025\/01\/SDCheverny_LeBaronPerche_\u00a9MPMorel_2020-4-888x1150.jpg 888w\" sizes=\"auto, (max-width: 1045px) 100vw, 1045px\" \/>          <\/figure>\n        <\/div>\n          <\/div>\n  <\/div>\n<\/section>\n\n","protected":false},"excerpt":{"rendered":"","protected":false},"author":1,"featured_media":0,"parent":0,"menu_order":0,"comment_status":"closed","ping_status":"closed","template":"","meta":{"_acf_changed":false,"footnotes":""},"hotels":[],"doc_cat":[],"class_list":["post-114","page","type-page","status-publish","hentry"],"acf":[],"yoast_head":"<!-- This site is optimized with the Yoast SEO plugin v25.6 - https:\/\/yoast.com\/wordpress\/plugins\/seo\/ -->\n<title>Chambres Sup\u00e9rieures et Prestige | Les Sources de Cheverny<\/title>\n<meta name=\"description\" content=\"S\u00e9journez dans nos chambres Sup\u00e9rieure et Prestige, o\u00f9 le confort moderne rencontre le charme historique dans un cadre idyllique pr\u00e8s des Ch\u00e2teaux de la Loire.\" \/>\n<meta name=\"robots\" content=\"index, follow, max-snippet:-1, max-image-preview:large, max-video-preview:-1\" \/>\n<link rel=\"canonical\" href=\"https:\/\/www.sources-hotels.com\/valdeloire\/chambres-suites\/\" \/>\n<meta property=\"og:locale\" content=\"fr_FR\" \/>\n<meta property=\"og:type\" content=\"article\" \/>\n<meta property=\"og:title\" content=\"Chambres Sup\u00e9rieures et Prestige | Les Sources de Cheverny\" \/>\n<meta property=\"og:description\" content=\"S\u00e9journez dans nos chambres Sup\u00e9rieure et Prestige, o\u00f9 le confort moderne rencontre le charme historique dans un cadre idyllique pr\u00e8s des Ch\u00e2teaux de la Loire.\" \/>\n<meta property=\"og:url\" content=\"https:\/\/www.sources-hotels.com\/valdeloire\/chambres-suites\/\" \/>\n<meta property=\"og:site_name\" content=\"Les Sources de Cheverny\" \/>\n<meta property=\"article:modified_time\" content=\"2026-03-10T13:56:20+00:00\" \/>\n<meta name=\"twitter:card\" content=\"summary_large_image\" \/>\n<script type=\"application\/ld+json\" class=\"yoast-schema-graph\">{\"@context\":\"https:\/\/schema.org\",\"@graph\":[{\"@type\":\"WebPage\",\"@id\":\"https:\/\/www.sources-hotels.com\/valdeloire\/chambres-suites\/\",\"url\":\"https:\/\/www.sources-hotels.com\/valdeloire\/chambres-suites\/\",\"name\":\"Chambres Sup\u00e9rieures et Prestige | Les Sources de Cheverny\",\"isPartOf\":{\"@id\":\"https:\/\/www.sources-hotels.com\/valdeloire\/#website\"},\"datePublished\":\"2024-12-30T08:32:14+00:00\",\"dateModified\":\"2026-03-10T13:56:20+00:00\",\"description\":\"S\u00e9journez dans nos chambres Sup\u00e9rieure et Prestige, o\u00f9 le confort moderne rencontre le charme historique dans un cadre idyllique pr\u00e8s des Ch\u00e2teaux de la Loire.\",\"breadcrumb\":{\"@id\":\"https:\/\/www.sources-hotels.com\/valdeloire\/chambres-suites\/#breadcrumb\"},\"inLanguage\":\"fr-FR\",\"potentialAction\":[{\"@type\":\"ReadAction\",\"target\":[\"https:\/\/www.sources-hotels.com\/valdeloire\/chambres-suites\/\"]}]},{\"@type\":\"BreadcrumbList\",\"@id\":\"https:\/\/www.sources-hotels.com\/valdeloire\/chambres-suites\/#breadcrumb\",\"itemListElement\":[{\"@type\":\"ListItem\",\"position\":1,\"name\":\"Accueil\",\"item\":\"https:\/\/www.sources-hotels.com\/valdeloire\/\"},{\"@type\":\"ListItem\",\"position\":2,\"name\":\"Chambres &amp; suites\"}]},{\"@type\":\"WebSite\",\"@id\":\"https:\/\/www.sources-hotels.com\/valdeloire\/#website\",\"url\":\"https:\/\/www.sources-hotels.com\/valdeloire\/\",\"name\":\"Les Sources de Cheverny\",\"description\":\"\",\"publisher\":{\"@id\":\"https:\/\/www.sources-hotels.com\/valdeloire\/#organization\"},\"potentialAction\":[{\"@type\":\"SearchAction\",\"target\":{\"@type\":\"EntryPoint\",\"urlTemplate\":\"https:\/\/www.sources-hotels.com\/valdeloire\/?s={search_term_string}\"},\"query-input\":{\"@type\":\"PropertyValueSpecification\",\"valueRequired\":true,\"valueName\":\"search_term_string\"}}],\"inLanguage\":\"fr-FR\"},{\"@type\":\"Organization\",\"@id\":\"https:\/\/www.sources-hotels.com\/valdeloire\/#organization\",\"name\":\"Les Sources de Cheverny\",\"url\":\"https:\/\/www.sources-hotels.com\/valdeloire\/\",\"logo\":{\"@type\":\"ImageObject\",\"inLanguage\":\"fr-FR\",\"@id\":\"https:\/\/www.sources-hotels.com\/valdeloire\/#\/schema\/logo\/image\/\",\"url\":\"https:\/\/www.sources-hotels.com\/valdeloire\/wp-content\/uploads\/sites\/4\/2025\/03\/logo-cheverny.png\",\"contentUrl\":\"https:\/\/www.sources-hotels.com\/valdeloire\/wp-content\/uploads\/sites\/4\/2025\/03\/logo-cheverny.png\",\"width\":696,\"height\":291,\"caption\":\"Les Sources de Cheverny\"},\"image\":{\"@id\":\"https:\/\/www.sources-hotels.com\/valdeloire\/#\/schema\/logo\/image\/\"}}]}<\/script>\n<!-- \/ Yoast SEO plugin. -->","yoast_head_json":{"title":"Chambres Sup\u00e9rieures et Prestige | Les Sources de Cheverny","description":"S\u00e9journez dans nos chambres Sup\u00e9rieure et Prestige, o\u00f9 le confort moderne rencontre le charme historique dans un cadre idyllique pr\u00e8s des Ch\u00e2teaux de la Loire.","robots":{"index":"index","follow":"follow","max-snippet":"max-snippet:-1","max-image-preview":"max-image-preview:large","max-video-preview":"max-video-preview:-1"},"canonical":"https:\/\/www.sources-hotels.com\/valdeloire\/chambres-suites\/","og_locale":"fr_FR","og_type":"article","og_title":"Chambres Sup\u00e9rieures et Prestige | Les Sources de Cheverny","og_description":"S\u00e9journez dans nos chambres Sup\u00e9rieure et Prestige, o\u00f9 le confort moderne rencontre le charme historique dans un cadre idyllique pr\u00e8s des Ch\u00e2teaux de la Loire.","og_url":"https:\/\/www.sources-hotels.com\/valdeloire\/chambres-suites\/","og_site_name":"Les Sources de Cheverny","article_modified_time":"2026-03-10T13:56:20+00:00","twitter_card":"summary_large_image","schema":{"@context":"https:\/\/schema.org","@graph":[{"@type":"WebPage","@id":"https:\/\/www.sources-hotels.com\/valdeloire\/chambres-suites\/","url":"https:\/\/www.sources-hotels.com\/valdeloire\/chambres-suites\/","name":"Chambres Sup\u00e9rieures et Prestige | Les Sources de Cheverny","isPartOf":{"@id":"https:\/\/www.sources-hotels.com\/valdeloire\/#website"},"datePublished":"2024-12-30T08:32:14+00:00","dateModified":"2026-03-10T13:56:20+00:00","description":"S\u00e9journez dans nos chambres Sup\u00e9rieure et Prestige, o\u00f9 le confort moderne rencontre le charme historique dans un cadre idyllique pr\u00e8s des Ch\u00e2teaux de la Loire.","breadcrumb":{"@id":"https:\/\/www.sources-hotels.com\/valdeloire\/chambres-suites\/#breadcrumb"},"inLanguage":"fr-FR","potentialAction":[{"@type":"ReadAction","target":["https:\/\/www.sources-hotels.com\/valdeloire\/chambres-suites\/"]}]},{"@type":"BreadcrumbList","@id":"https:\/\/www.sources-hotels.com\/valdeloire\/chambres-suites\/#breadcrumb","itemListElement":[{"@type":"ListItem","position":1,"name":"Accueil","item":"https:\/\/www.sources-hotels.com\/valdeloire\/"},{"@type":"ListItem","position":2,"name":"Chambres &amp; suites"}]},{"@type":"WebSite","@id":"https:\/\/www.sources-hotels.com\/valdeloire\/#website","url":"https:\/\/www.sources-hotels.com\/valdeloire\/","name":"Les Sources de Cheverny","description":"","publisher":{"@id":"https:\/\/www.sources-hotels.com\/valdeloire\/#organization"},"potentialAction":[{"@type":"SearchAction","target":{"@type":"EntryPoint","urlTemplate":"https:\/\/www.sources-hotels.com\/valdeloire\/?s={search_term_string}"},"query-input":{"@type":"PropertyValueSpecification","valueRequired":true,"valueName":"search_term_string"}}],"inLanguage":"fr-FR"},{"@type":"Organization","@id":"https:\/\/www.sources-hotels.com\/valdeloire\/#organization","name":"Les Sources de Cheverny","url":"https:\/\/www.sources-hotels.com\/valdeloire\/","logo":{"@type":"ImageObject","inLanguage":"fr-FR","@id":"https:\/\/www.sources-hotels.com\/valdeloire\/#\/schema\/logo\/image\/","url":"https:\/\/www.sources-hotels.com\/valdeloire\/wp-content\/uploads\/sites\/4\/2025\/03\/logo-cheverny.png","contentUrl":"https:\/\/www.sources-hotels.com\/valdeloire\/wp-content\/uploads\/sites\/4\/2025\/03\/logo-cheverny.png","width":696,"height":291,"caption":"Les Sources de Cheverny"},"image":{"@id":"https:\/\/www.sources-hotels.com\/valdeloire\/#\/schema\/logo\/image\/"}}]}},"_links":{"self":[{"href":"https:\/\/www.sources-hotels.com\/valdeloire\/wp-json\/wp\/v2\/pages\/114","targetHints":{"allow":["GET"]}}],"collection":[{"href":"https:\/\/www.sources-hotels.com\/valdeloire\/wp-json\/wp\/v2\/pages"}],"about":[{"href":"https:\/\/www.sources-hotels.com\/valdeloire\/wp-json\/wp\/v2\/types\/page"}],"author":[{"embeddable":true,"href":"https:\/\/www.sources-hotels.com\/valdeloire\/wp-json\/wp\/v2\/users\/1"}],"replies":[{"embeddable":true,"href":"https:\/\/www.sources-hotels.com\/valdeloire\/wp-json\/wp\/v2\/comments?post=114"}],"version-history":[{"count":28,"href":"https:\/\/www.sources-hotels.com\/valdeloire\/wp-json\/wp\/v2\/pages\/114\/revisions"}],"predecessor-version":[{"id":5198,"href":"https:\/\/www.sources-hotels.com\/valdeloire\/wp-json\/wp\/v2\/pages\/114\/revisions\/5198"}],"wp:attachment":[{"href":"https:\/\/www.sources-hotels.com\/valdeloire\/wp-json\/wp\/v2\/media?parent=114"}],"wp:term":[{"taxonomy":"hotels","embeddable":true,"href":"https:\/\/www.sources-hotels.com\/valdeloire\/wp-json\/wp\/v2\/hotels?post=114"},{"taxonomy":"doc_cat","embeddable":true,"href":"https:\/\/www.sources-hotels.com\/valdeloire\/wp-json\/wp\/v2\/doc_cat?post=114"}],"curies":[{"name":"wp","href":"https:\/\/api.w.org\/{rel}","templated":true}]}}