{"id":159,"date":"2024-12-30T11:27:55","date_gmt":"2024-12-30T10:27:55","guid":{"rendered":"https:\/\/www.sources-hotels.com\/valdeloire\/?page_id=159"},"modified":"2026-03-10T14:56:49","modified_gmt":"2026-03-10T13:56:49","slug":"suite-signature","status":"publish","type":"page","link":"https:\/\/www.sources-hotels.com\/valdeloire\/chambres-suites\/suite-signature\/","title":{"rendered":"Notre Suite Signature"},"content":{"rendered":"\n<section class=\"custom-block block--header h-[206rem] text-center text-white overflow-hidden pt-[100rem] relative tablet:h-[700rem] tablet:pt-[420rem]\">\n\n    <h1>\n                            SUITE SIGNATURE            <\/h1>\n\n    \n    <span class=\"scroll-down hidden text-[12rem] tracking-[2rem] uppercase font-title cursor-pointer opacity-[64%] pb-[66rem] absolute left-2\/4 bottom-0 translate-x-[-50%] after:w-[1px] after:h-[50rem] after:bg-white after:opacity-[40%] after:absolute after:bottom-0 after:left-[50%] tablet:block\">\n        Voir la suite    <\/span>\n\n    <figure class=\"min-w-full min-h-full aspect-video overflow-hidden absolute top-2\/4 left-2\/4 translate-x-[-50%] translate-y-[-50%] z-[-1] before:bg-black before:opacity-[35%] before:mix-blend-multiply before:absolute before:top-0 before:left-0 before:right-0 before:bottom-0 before:z-[2]\">\n                    <img loading=\"lazy\" decoding=\"async\" width=\"1350\" height=\"900\" src=\"https:\/\/www.sources-hotels.com\/valdeloire\/wp-content\/uploads\/sites\/4\/2025\/01\/SDCheverny_BaronPerche_\u00a9MPMorel_2020-9-1-1350x900.jpg\" class=\"h-full w-full object-cover object-center\" alt=\"\" srcset=\"https:\/\/www.sources-hotels.com\/valdeloire\/wp-content\/uploads\/sites\/4\/2025\/01\/SDCheverny_BaronPerche_\u00a9MPMorel_2020-9-1-1350x900.jpg 1350w, https:\/\/www.sources-hotels.com\/valdeloire\/wp-content\/uploads\/sites\/4\/2025\/01\/SDCheverny_BaronPerche_\u00a9MPMorel_2020-9-1-300x200.jpg 300w, https:\/\/www.sources-hotels.com\/valdeloire\/wp-content\/uploads\/sites\/4\/2025\/01\/SDCheverny_BaronPerche_\u00a9MPMorel_2020-9-1-1024x683.jpg 1024w, https:\/\/www.sources-hotels.com\/valdeloire\/wp-content\/uploads\/sites\/4\/2025\/01\/SDCheverny_BaronPerche_\u00a9MPMorel_2020-9-1-768x512.jpg 768w, https:\/\/www.sources-hotels.com\/valdeloire\/wp-content\/uploads\/sites\/4\/2025\/01\/SDCheverny_BaronPerche_\u00a9MPMorel_2020-9-1-1260x840.jpg 1260w, https:\/\/www.sources-hotels.com\/valdeloire\/wp-content\/uploads\/sites\/4\/2025\/01\/SDCheverny_BaronPerche_\u00a9MPMorel_2020-9-1-450x300.jpg 450w, https:\/\/www.sources-hotels.com\/valdeloire\/wp-content\/uploads\/sites\/4\/2025\/01\/SDCheverny_BaronPerche_\u00a9MPMorel_2020-9-1-465x310.jpg 465w, https:\/\/www.sources-hotels.com\/valdeloire\/wp-content\/uploads\/sites\/4\/2025\/01\/SDCheverny_BaronPerche_\u00a9MPMorel_2020-9-1-630x420.jpg 630w, https:\/\/www.sources-hotels.com\/valdeloire\/wp-content\/uploads\/sites\/4\/2025\/01\/SDCheverny_BaronPerche_\u00a9MPMorel_2020-9-1-966x644.jpg 966w, https:\/\/www.sources-hotels.com\/valdeloire\/wp-content\/uploads\/sites\/4\/2025\/01\/SDCheverny_BaronPerche_\u00a9MPMorel_2020-9-1-750x500.jpg 750w, https:\/\/www.sources-hotels.com\/valdeloire\/wp-content\/uploads\/sites\/4\/2025\/01\/SDCheverny_BaronPerche_\u00a9MPMorel_2020-9-1-1020x680.jpg 1020w, https:\/\/www.sources-hotels.com\/valdeloire\/wp-content\/uploads\/sites\/4\/2025\/01\/SDCheverny_BaronPerche_\u00a9MPMorel_2020-9-1-690x460.jpg 690w, https:\/\/www.sources-hotels.com\/valdeloire\/wp-content\/uploads\/sites\/4\/2025\/01\/SDCheverny_BaronPerche_\u00a9MPMorel_2020-9-1-640x427.jpg 640w, https:\/\/www.sources-hotels.com\/valdeloire\/wp-content\/uploads\/sites\/4\/2025\/01\/SDCheverny_BaronPerche_\u00a9MPMorel_2020-9-1-420x280.jpg 420w, https:\/\/www.sources-hotels.com\/valdeloire\/wp-content\/uploads\/sites\/4\/2025\/01\/SDCheverny_BaronPerche_\u00a9MPMorel_2020-9-1.jpg 1354w\" sizes=\"auto, (max-width: 1350px) 100vw, 1350px\" \/>            <\/figure>\n    \n<\/section>\n\n    \n\n\n<section class=\"custom-block block--title-introduction text-center tablet:!pb-[60rem]\">\n\n            <h2 class=\"block-title\">Le Baron Perch\u00e9, notre Suite Signature <\/h2>\n    \n    <div class=\"tablet:w-[970rem] tablet:inline-block\">\n        <p>Rencontrer Le Baron Perch\u00e9, c\u2019est s\u2019offrir une nuit insolite hors du temps. Juch\u00e9e sur pilotis en surplomb du lac bord\u00e9 d\u2019ajoncs, cette somptueuse cabane sur l\u2019eau, enti\u00e8rement con\u00e7ue en bois massif, incarne l\u2019\u00e2me bucolique des Sources de Cheverny. V\u00e9ritable refuge pour les amoureux de la nature, Le Baron Perch\u00e9, du haut de sa tour, tr\u00f4ne majestueusement sur l\u2019ensemble du hameau, offrant une vue panoramique sur le domaine et ses vergers. Une suite cocon que l\u2019on ne voudrait jamais quitter.<\/p>\n    <\/div>\n\n<\/section>\n\n\n\n<section\n    class=\"custom-block block--large-visual-centered-text-white-background has-visual\">\n\n            <div class=\"large-visual-container\">\n\n            <div class=\"large-visual\">\n                <figure>\n                    <img loading=\"lazy\" decoding=\"async\" width=\"2600\" height=\"1200\" src=\"https:\/\/www.sources-hotels.com\/valdeloire\/wp-content\/uploads\/sites\/4\/2025\/01\/SDCHEV1-min-4-2600x1200.jpg\" class=\"h-full w-full object-cover object-center\" alt=\"\" \/>                <\/figure>\n            <\/div>\n\n            \n                            <h2 class=\"title-single\">Notre Suite Signature<\/h2>\n                        \n        <\/div>\n    \n    <div class=\"bloc-content\">\n                <div class=\"content rte\">\n            <p><span style=\"font-weight: 400;\">Tout \u00e0 l\u2019image de C\u00f4me, h\u00e9ros du roman \u00e9ponyme, il est \u00e9pris de libert\u00e9, d\u2019amour et de fantaisie. Entrez en sa demeure au charme intimiste : vous y d\u00e9couvrirez\u00a0un int\u00e9rieur aux couleurs cr\u00e9m\u00e9es\u00a0et aux \u00e9toffes soyeuses, et \u2013 deci del\u00e0 \u2013 des objets insolites chin\u00e9s avec malice par Alice Tourbier aux d\u00e9tours de quelques brocantes locales.\u00a0<\/span><\/p>\n<p><span style=\"font-weight: 400;\">Pour prolonger le r\u00eave, sa vaste terrasse dot\u00e9e d\u2019un bain nordique privatif promet des instants de d\u00e9tente et de bien-\u00eatre, qui sauront ravir \u00e0 coup s\u00fbr les couples \u00e0 la recherche du parfait s\u00e9jour romantique.<\/span><\/p>\n<p><span style=\"font-weight: 400;\">Cette Suite dispose d\u2019un grand lit double, et offre un coin salon avec canap\u00e9 dans le prolongement du lit sur lequel on peut s\u2019\u00e9tendre tout en gardant pleine vue sur l\u2019ensemble de l\u2019espace.<\/span><\/p>\n<p><span style=\"font-weight: 400;\">Un lieu pr\u00e9cieux et rare pour un ravissement \u00e0 nul autre \u00e9gal\u00e9.<\/span><\/p>\n<h4>Services et \u00e9quipements<span style=\"font-weight: 400;\"><br \/>\n<\/span><\/h4>\n<p><span style=\"font-weight: 400;\">&#8211; 2 Personnes<br \/>\n<\/span><span style=\"font-weight: 400;\">&#8211; 47m2<br \/>\n&#8211; Vue panoramique sur le domaine, le lac et ses vergers<br \/>\n&#8211; Bain nordique ext\u00e9rieure et terrasse priv\u00e9e<br \/>\n&#8211; Salle de bain s\u00e9par\u00e9e. Produits et soins \u00e9co-responsables<br \/>\n&#8211; Grand lit double 180&#215;200. Notre literie est de fabrication fran\u00e7aise.<br \/>\n&#8211; Coin salon avec canap\u00e9-lit<br \/>\n&#8211; TV multim\u00e9dia satellite<br \/>\n&#8211; Climatisation<br \/>\n&#8211; Wifi gratuit<br \/>\n&#8211; Coffre-fort<br \/>\n&#8211; Mini-bar<br \/>\n&#8211; Room service disponible<\/span><\/p>\n<p><em>Nos petits-d\u00e9jeuners sont servis sous forme de buffet au restaurant, ou peuvent vous \u00eatre livr\u00e9s dans l\u2019intimit\u00e9 de votre suite.<\/em><\/p>\n        <\/div>\n\n            <\/div>\n\n    \n            <svg width=\"475\" height=\"889\" viewBox=\"0 0 475 889\" fill=\"none\"><use xlink:href=\"#leaf-side\"\/><\/svg>    \n<\/section>\n\n<section class=\"custom-block block--three-visuals-cta mx-auto text-center\">\n\n                    <div class=\"images\">\n                            <div class=\"relative\">\n                    <figure>\n                        <img loading=\"lazy\" decoding=\"async\" width=\"840\" height=\"600\" src=\"https:\/\/www.sources-hotels.com\/valdeloire\/wp-content\/uploads\/sites\/4\/2025\/01\/SDCHEV2-min-3-840x600.jpg\" class=\"w-full h-full object-cover object-center\" alt=\"\" \/>                    <\/figure>\n                                    <\/div>\n                            <div class=\"relative\">\n                    <figure>\n                        <img loading=\"lazy\" decoding=\"async\" width=\"840\" height=\"600\" src=\"https:\/\/www.sources-hotels.com\/valdeloire\/wp-content\/uploads\/sites\/4\/2025\/01\/SD360B1-min-2-840x600.jpg\" class=\"w-full h-full object-cover object-center\" alt=\"\" \/>                    <\/figure>\n                                    <\/div>\n                            <div class=\"relative\">\n                    <figure>\n                        <img loading=\"lazy\" decoding=\"async\" width=\"840\" height=\"600\" src=\"https:\/\/www.sources-hotels.com\/valdeloire\/wp-content\/uploads\/sites\/4\/2025\/01\/SDCHEV3-min-2-840x600.jpg\" class=\"w-full h-full object-cover object-center\" alt=\"\" \/>                    <\/figure>\n                                    <\/div>\n                    <\/div>\n    \n\n            <div class=\"ctas mt-[23rem] tablet:mt-[40rem] flex gap-[42rem] justify-center\">\n            \n                            <button class=\"button cta-booking dedge-open\">R\u00e9server<\/button>\n                    <\/div>\n    \n\n\n\n<\/section>","protected":false},"excerpt":{"rendered":"","protected":false},"author":1,"featured_media":0,"parent":114,"menu_order":0,"comment_status":"closed","ping_status":"closed","template":"","meta":{"_acf_changed":false,"footnotes":""},"hotels":[],"doc_cat":[],"class_list":["post-159","page","type-page","status-publish","hentry"],"acf":[],"yoast_head":"<!-- This site is optimized with the Yoast SEO plugin v25.6 - https:\/\/yoast.com\/wordpress\/plugins\/seo\/ -->\n<title>Suite Signature : Le Baron Perch\u00e9 I Les Sources de Cheverny<\/title>\n<meta name=\"description\" content=\"D\u00e9couvrez Le Baron Perch\u00e9, cabane de luxe unique avec jacuzzi priv\u00e9, pour un s\u00e9jour romantique en harmonie avec la nature et le charme de la Sologne.\" \/>\n<meta name=\"robots\" content=\"index, follow, max-snippet:-1, max-image-preview:large, max-video-preview:-1\" \/>\n<link rel=\"canonical\" href=\"https:\/\/www.sources-hotels.com\/valdeloire\/chambres-suites\/suite-signature\/\" \/>\n<meta property=\"og:locale\" content=\"fr_FR\" \/>\n<meta property=\"og:type\" content=\"article\" \/>\n<meta property=\"og:title\" content=\"Suite Signature : Le Baron Perch\u00e9 I Les Sources de Cheverny\" \/>\n<meta property=\"og:description\" content=\"D\u00e9couvrez Le Baron Perch\u00e9, cabane de luxe unique avec jacuzzi priv\u00e9, pour un s\u00e9jour romantique en harmonie avec la nature et le charme de la Sologne.\" \/>\n<meta property=\"og:url\" content=\"https:\/\/www.sources-hotels.com\/valdeloire\/chambres-suites\/suite-signature\/\" \/>\n<meta property=\"og:site_name\" content=\"Les Sources de Cheverny\" \/>\n<meta property=\"article:modified_time\" content=\"2026-03-10T13:56:49+00:00\" \/>\n<meta name=\"twitter:card\" content=\"summary_large_image\" \/>\n<script type=\"application\/ld+json\" class=\"yoast-schema-graph\">{\"@context\":\"https:\/\/schema.org\",\"@graph\":[{\"@type\":\"WebPage\",\"@id\":\"https:\/\/www.sources-hotels.com\/valdeloire\/chambres-suites\/suite-signature\/\",\"url\":\"https:\/\/www.sources-hotels.com\/valdeloire\/chambres-suites\/suite-signature\/\",\"name\":\"Suite Signature : Le Baron Perch\u00e9 I Les Sources de Cheverny\",\"isPartOf\":{\"@id\":\"https:\/\/www.sources-hotels.com\/valdeloire\/#website\"},\"datePublished\":\"2024-12-30T10:27:55+00:00\",\"dateModified\":\"2026-03-10T13:56:49+00:00\",\"description\":\"D\u00e9couvrez Le Baron Perch\u00e9, cabane de luxe unique avec jacuzzi priv\u00e9, pour un s\u00e9jour romantique en harmonie avec la nature et le charme de la Sologne.\",\"breadcrumb\":{\"@id\":\"https:\/\/www.sources-hotels.com\/valdeloire\/chambres-suites\/suite-signature\/#breadcrumb\"},\"inLanguage\":\"fr-FR\",\"potentialAction\":[{\"@type\":\"ReadAction\",\"target\":[\"https:\/\/www.sources-hotels.com\/valdeloire\/chambres-suites\/suite-signature\/\"]}]},{\"@type\":\"BreadcrumbList\",\"@id\":\"https:\/\/www.sources-hotels.com\/valdeloire\/chambres-suites\/suite-signature\/#breadcrumb\",\"itemListElement\":[{\"@type\":\"ListItem\",\"position\":1,\"name\":\"Accueil\",\"item\":\"https:\/\/www.sources-hotels.com\/valdeloire\/\"},{\"@type\":\"ListItem\",\"position\":2,\"name\":\"Chambres &amp; suites\",\"item\":\"https:\/\/www.sources-hotels.com\/valdeloire\/chambres-suites\/\"},{\"@type\":\"ListItem\",\"position\":3,\"name\":\"Notre Suite Signature\"}]},{\"@type\":\"WebSite\",\"@id\":\"https:\/\/www.sources-hotels.com\/valdeloire\/#website\",\"url\":\"https:\/\/www.sources-hotels.com\/valdeloire\/\",\"name\":\"Les Sources de Cheverny\",\"description\":\"\",\"publisher\":{\"@id\":\"https:\/\/www.sources-hotels.com\/valdeloire\/#organization\"},\"potentialAction\":[{\"@type\":\"SearchAction\",\"target\":{\"@type\":\"EntryPoint\",\"urlTemplate\":\"https:\/\/www.sources-hotels.com\/valdeloire\/?s={search_term_string}\"},\"query-input\":{\"@type\":\"PropertyValueSpecification\",\"valueRequired\":true,\"valueName\":\"search_term_string\"}}],\"inLanguage\":\"fr-FR\"},{\"@type\":\"Organization\",\"@id\":\"https:\/\/www.sources-hotels.com\/valdeloire\/#organization\",\"name\":\"Les Sources de Cheverny\",\"url\":\"https:\/\/www.sources-hotels.com\/valdeloire\/\",\"logo\":{\"@type\":\"ImageObject\",\"inLanguage\":\"fr-FR\",\"@id\":\"https:\/\/www.sources-hotels.com\/valdeloire\/#\/schema\/logo\/image\/\",\"url\":\"https:\/\/www.sources-hotels.com\/valdeloire\/wp-content\/uploads\/sites\/4\/2025\/03\/logo-cheverny.png\",\"contentUrl\":\"https:\/\/www.sources-hotels.com\/valdeloire\/wp-content\/uploads\/sites\/4\/2025\/03\/logo-cheverny.png\",\"width\":696,\"height\":291,\"caption\":\"Les Sources de Cheverny\"},\"image\":{\"@id\":\"https:\/\/www.sources-hotels.com\/valdeloire\/#\/schema\/logo\/image\/\"}}]}<\/script>\n<!-- \/ Yoast SEO plugin. -->","yoast_head_json":{"title":"Suite Signature : Le Baron Perch\u00e9 I Les Sources de Cheverny","description":"D\u00e9couvrez Le Baron Perch\u00e9, cabane de luxe unique avec jacuzzi priv\u00e9, pour un s\u00e9jour romantique en harmonie avec la nature et le charme de la Sologne.","robots":{"index":"index","follow":"follow","max-snippet":"max-snippet:-1","max-image-preview":"max-image-preview:large","max-video-preview":"max-video-preview:-1"},"canonical":"https:\/\/www.sources-hotels.com\/valdeloire\/chambres-suites\/suite-signature\/","og_locale":"fr_FR","og_type":"article","og_title":"Suite Signature : Le Baron Perch\u00e9 I Les Sources de Cheverny","og_description":"D\u00e9couvrez Le Baron Perch\u00e9, cabane de luxe unique avec jacuzzi priv\u00e9, pour un s\u00e9jour romantique en harmonie avec la nature et le charme de la Sologne.","og_url":"https:\/\/www.sources-hotels.com\/valdeloire\/chambres-suites\/suite-signature\/","og_site_name":"Les Sources de Cheverny","article_modified_time":"2026-03-10T13:56:49+00:00","twitter_card":"summary_large_image","schema":{"@context":"https:\/\/schema.org","@graph":[{"@type":"WebPage","@id":"https:\/\/www.sources-hotels.com\/valdeloire\/chambres-suites\/suite-signature\/","url":"https:\/\/www.sources-hotels.com\/valdeloire\/chambres-suites\/suite-signature\/","name":"Suite Signature : Le Baron Perch\u00e9 I Les Sources de Cheverny","isPartOf":{"@id":"https:\/\/www.sources-hotels.com\/valdeloire\/#website"},"datePublished":"2024-12-30T10:27:55+00:00","dateModified":"2026-03-10T13:56:49+00:00","description":"D\u00e9couvrez Le Baron Perch\u00e9, cabane de luxe unique avec jacuzzi priv\u00e9, pour un s\u00e9jour romantique en harmonie avec la nature et le charme de la Sologne.","breadcrumb":{"@id":"https:\/\/www.sources-hotels.com\/valdeloire\/chambres-suites\/suite-signature\/#breadcrumb"},"inLanguage":"fr-FR","potentialAction":[{"@type":"ReadAction","target":["https:\/\/www.sources-hotels.com\/valdeloire\/chambres-suites\/suite-signature\/"]}]},{"@type":"BreadcrumbList","@id":"https:\/\/www.sources-hotels.com\/valdeloire\/chambres-suites\/suite-signature\/#breadcrumb","itemListElement":[{"@type":"ListItem","position":1,"name":"Accueil","item":"https:\/\/www.sources-hotels.com\/valdeloire\/"},{"@type":"ListItem","position":2,"name":"Chambres &amp; suites","item":"https:\/\/www.sources-hotels.com\/valdeloire\/chambres-suites\/"},{"@type":"ListItem","position":3,"name":"Notre Suite Signature"}]},{"@type":"WebSite","@id":"https:\/\/www.sources-hotels.com\/valdeloire\/#website","url":"https:\/\/www.sources-hotels.com\/valdeloire\/","name":"Les Sources de Cheverny","description":"","publisher":{"@id":"https:\/\/www.sources-hotels.com\/valdeloire\/#organization"},"potentialAction":[{"@type":"SearchAction","target":{"@type":"EntryPoint","urlTemplate":"https:\/\/www.sources-hotels.com\/valdeloire\/?s={search_term_string}"},"query-input":{"@type":"PropertyValueSpecification","valueRequired":true,"valueName":"search_term_string"}}],"inLanguage":"fr-FR"},{"@type":"Organization","@id":"https:\/\/www.sources-hotels.com\/valdeloire\/#organization","name":"Les Sources de Cheverny","url":"https:\/\/www.sources-hotels.com\/valdeloire\/","logo":{"@type":"ImageObject","inLanguage":"fr-FR","@id":"https:\/\/www.sources-hotels.com\/valdeloire\/#\/schema\/logo\/image\/","url":"https:\/\/www.sources-hotels.com\/valdeloire\/wp-content\/uploads\/sites\/4\/2025\/03\/logo-cheverny.png","contentUrl":"https:\/\/www.sources-hotels.com\/valdeloire\/wp-content\/uploads\/sites\/4\/2025\/03\/logo-cheverny.png","width":696,"height":291,"caption":"Les Sources de Cheverny"},"image":{"@id":"https:\/\/www.sources-hotels.com\/valdeloire\/#\/schema\/logo\/image\/"}}]}},"_links":{"self":[{"href":"https:\/\/www.sources-hotels.com\/valdeloire\/wp-json\/wp\/v2\/pages\/159","targetHints":{"allow":["GET"]}}],"collection":[{"href":"https:\/\/www.sources-hotels.com\/valdeloire\/wp-json\/wp\/v2\/pages"}],"about":[{"href":"https:\/\/www.sources-hotels.com\/valdeloire\/wp-json\/wp\/v2\/types\/page"}],"author":[{"embeddable":true,"href":"https:\/\/www.sources-hotels.com\/valdeloire\/wp-json\/wp\/v2\/users\/1"}],"replies":[{"embeddable":true,"href":"https:\/\/www.sources-hotels.com\/valdeloire\/wp-json\/wp\/v2\/comments?post=159"}],"version-history":[{"count":17,"href":"https:\/\/www.sources-hotels.com\/valdeloire\/wp-json\/wp\/v2\/pages\/159\/revisions"}],"predecessor-version":[{"id":5201,"href":"https:\/\/www.sources-hotels.com\/valdeloire\/wp-json\/wp\/v2\/pages\/159\/revisions\/5201"}],"up":[{"embeddable":true,"href":"https:\/\/www.sources-hotels.com\/valdeloire\/wp-json\/wp\/v2\/pages\/114"}],"wp:attachment":[{"href":"https:\/\/www.sources-hotels.com\/valdeloire\/wp-json\/wp\/v2\/media?parent=159"}],"wp:term":[{"taxonomy":"hotels","embeddable":true,"href":"https:\/\/www.sources-hotels.com\/valdeloire\/wp-json\/wp\/v2\/hotels?post=159"},{"taxonomy":"doc_cat","embeddable":true,"href":"https:\/\/www.sources-hotels.com\/valdeloire\/wp-json\/wp\/v2\/doc_cat?post=159"}],"curies":[{"name":"wp","href":"https:\/\/api.w.org\/{rel}","templated":true}]}}