{"id":280,"date":"2024-12-30T16:50:44","date_gmt":"2024-12-30T15:50:44","guid":{"rendered":"https:\/\/www.sources-hotels.com\/valdeloire\/?page_id=280"},"modified":"2025-08-26T15:11:44","modified_gmt":"2025-08-26T13:11:44","slug":"bar-lauberge","status":"publish","type":"page","link":"https:\/\/www.sources-hotels.com\/valdeloire\/restaurants\/bar-lauberge\/","title":{"rendered":"Bar de l\u2019Auberge"},"content":{"rendered":"\n<section class=\"custom-block block--header h-[206rem] text-center text-white overflow-hidden pt-[100rem] relative tablet:h-[700rem] tablet:pt-[420rem]\">\n\n    <h1>\n                            Bar de l\u2019Auberge            <\/h1>\n\n    \n    <span class=\"scroll-down hidden text-[12rem] tracking-[2rem] uppercase font-title cursor-pointer opacity-[64%] pb-[66rem] absolute left-2\/4 bottom-0 translate-x-[-50%] after:w-[1px] after:h-[50rem] after:bg-white after:opacity-[40%] after:absolute after:bottom-0 after:left-[50%] tablet:block\">\n        Voir la suite    <\/span>\n\n    <figure class=\"min-w-full min-h-full aspect-video overflow-hidden absolute top-2\/4 left-2\/4 translate-x-[-50%] translate-y-[-50%] z-[-1] before:bg-black before:opacity-[35%] before:mix-blend-multiply before:absolute before:top-0 before:left-0 before:right-0 before:bottom-0 before:z-[2]\">\n                    <img loading=\"lazy\" decoding=\"async\" width=\"1351\" height=\"900\" src=\"https:\/\/www.sources-hotels.com\/valdeloire\/wp-content\/uploads\/sites\/4\/2025\/01\/SourcesDeCheverny_\u00a9thuriesmagazinepascallattes-24-1351x900.jpg\" class=\"h-full w-full object-cover object-center\" alt=\"\" srcset=\"https:\/\/www.sources-hotels.com\/valdeloire\/wp-content\/uploads\/sites\/4\/2025\/01\/SourcesDeCheverny_\u00a9thuriesmagazinepascallattes-24-1351x900.jpg 1351w, https:\/\/www.sources-hotels.com\/valdeloire\/wp-content\/uploads\/sites\/4\/2025\/01\/SourcesDeCheverny_\u00a9thuriesmagazinepascallattes-24-300x200.jpg 300w, https:\/\/www.sources-hotels.com\/valdeloire\/wp-content\/uploads\/sites\/4\/2025\/01\/SourcesDeCheverny_\u00a9thuriesmagazinepascallattes-24-1024x682.jpg 1024w, https:\/\/www.sources-hotels.com\/valdeloire\/wp-content\/uploads\/sites\/4\/2025\/01\/SourcesDeCheverny_\u00a9thuriesmagazinepascallattes-24-768x512.jpg 768w, https:\/\/www.sources-hotels.com\/valdeloire\/wp-content\/uploads\/sites\/4\/2025\/01\/SourcesDeCheverny_\u00a9thuriesmagazinepascallattes-24-1536x1023.jpg 1536w, https:\/\/www.sources-hotels.com\/valdeloire\/wp-content\/uploads\/sites\/4\/2025\/01\/SourcesDeCheverny_\u00a9thuriesmagazinepascallattes-24-1260x840.jpg 1260w, https:\/\/www.sources-hotels.com\/valdeloire\/wp-content\/uploads\/sites\/4\/2025\/01\/SourcesDeCheverny_\u00a9thuriesmagazinepascallattes-24-450x300.jpg 450w, https:\/\/www.sources-hotels.com\/valdeloire\/wp-content\/uploads\/sites\/4\/2025\/01\/SourcesDeCheverny_\u00a9thuriesmagazinepascallattes-24-465x310.jpg 465w, https:\/\/www.sources-hotels.com\/valdeloire\/wp-content\/uploads\/sites\/4\/2025\/01\/SourcesDeCheverny_\u00a9thuriesmagazinepascallattes-24-630x420.jpg 630w, https:\/\/www.sources-hotels.com\/valdeloire\/wp-content\/uploads\/sites\/4\/2025\/01\/SourcesDeCheverny_\u00a9thuriesmagazinepascallattes-24-966x644.jpg 966w, https:\/\/www.sources-hotels.com\/valdeloire\/wp-content\/uploads\/sites\/4\/2025\/01\/SourcesDeCheverny_\u00a9thuriesmagazinepascallattes-24-750x500.jpg 750w, https:\/\/www.sources-hotels.com\/valdeloire\/wp-content\/uploads\/sites\/4\/2025\/01\/SourcesDeCheverny_\u00a9thuriesmagazinepascallattes-24-1021x680.jpg 1021w, https:\/\/www.sources-hotels.com\/valdeloire\/wp-content\/uploads\/sites\/4\/2025\/01\/SourcesDeCheverny_\u00a9thuriesmagazinepascallattes-24-690x460.jpg 690w, https:\/\/www.sources-hotels.com\/valdeloire\/wp-content\/uploads\/sites\/4\/2025\/01\/SourcesDeCheverny_\u00a9thuriesmagazinepascallattes-24-640x426.jpg 640w, https:\/\/www.sources-hotels.com\/valdeloire\/wp-content\/uploads\/sites\/4\/2025\/01\/SourcesDeCheverny_\u00a9thuriesmagazinepascallattes-24-420x280.jpg 420w, https:\/\/www.sources-hotels.com\/valdeloire\/wp-content\/uploads\/sites\/4\/2025\/01\/SourcesDeCheverny_\u00a9thuriesmagazinepascallattes-24.jpg 1837w\" sizes=\"auto, (max-width: 1351px) 100vw, 1351px\" \/>            <\/figure>\n    \n<\/section>\n\n    \n\n\n<section class=\"custom-block block--restaurant-details\">\n  <div class=\"row-details row-1\">\n          <div class=\"hour icon-text\">\n        <svg width=\"20\" height=\"20\" viewBox=\"0 0 20 20\" fill=\"none\"><use xlink:href=\"#clock\"\/><\/svg><p>ouvert tous les jours de 12h \u00e0 22h<\/p>\n      <\/div>\n              <div class=\"mail icon-text\">Informations : <a href=\"mailto:reservations@sources-cheverny.com\">reservations@sources-cheverny.com<\/a><\/div>\n    \n          <div class=\"phone icon-text\">T\u00e9l : <a href=\"tel:+33 (0)2 54 44 20 20\">+33 (0)2 54 44 20 20<\/a><\/div>\n      <\/div>\n      <div class=\"row-details row-2\">\n              <div class=\"link-details\">\n            <a href=\"https:\/\/www.sources-hotels.com\/valdeloire\/wp-content\/uploads\/sites\/4\/2025\/06\/LAuberge-Carte-Bar.pdf\"  target=\"_blank\" class=\"cta-resto-details\" >\n          <span class=\"picto\"><svg width=\"14\" height=\"13\" viewBox=\"0 0 14 13\" fill=\"none\"><use xlink:href=\"#download\"\/><\/svg><\/span>\n        Carte du Bar  <\/a>\n        <\/div>\n              <div class=\"link-details\">\n            <a href=\"https:\/\/www.sources-hotels.com\/valdeloire\/wp-content\/uploads\/sites\/4\/2025\/04\/LAuberge-Carte-Vins.pdf\"  target=\"_blank\" class=\"cta-resto-details\" >\n          <span class=\"picto\"><svg width=\"14\" height=\"13\" viewBox=\"0 0 14 13\" fill=\"none\"><use xlink:href=\"#download\"\/><\/svg><\/span>\n        Carte des vins  <\/a>\n        <\/div>\n              <div class=\"link-details\">\n            <a href=\"https:\/\/www.sources-hotels.com\/valdeloire\/wp-content\/uploads\/sites\/4\/2025\/05\/Menu-Encas-Les-Sources-de-Cheverny.pdf\"  class=\"cta-resto-details\" >\n          <span class=\"picto\"><svg width=\"14\" height=\"13\" viewBox=\"0 0 14 13\" fill=\"none\"><use xlink:href=\"#download\"\/><\/svg><\/span>\n        Carte des encas  <\/a>\n        <\/div>\n          <\/div>\n  <\/section>\n\n<section class=\"custom-block block--text-2-pictures\">\n\n      <h2 class=\"block-title\">Bar de l\u2019Auberge<\/h2>\n  \n  <div class=\"content picture-left\">\n    <div class=\"text rte\">\n      <h3><span style=\"font-weight: 400\">Lieu de rencontres et d\u00e9couvertes<\/span><\/h3>\n<p>Situ\u00e9 dans l\u2019ancien chai du domaine<span style=\"font-weight: 400\">, le bar de l\u2019Auberge est un lieu bigarr\u00e9 et multi-facettes, \u00e0 l\u2019image des vignes de Romorantin qui m\u00fbrissent leurs grappes au soleil, de l\u2019autre c\u00f4t\u00e9 du domaine. <\/span>Lieu de rencontres et de d\u00e9couvertes, il est \u00e0 la fois agr\u00e9able salon de restauration, bar \u00e0 vin, et atelier de d\u00e9gustation. On y bavarde joyeusement \u00e0 l\u2019heure de l\u2019ap\u00e9ritif ou du d\u00eener, accompagn\u00e9 d\u2019un verre de vin et de quelques amuse-bouches.<\/p>\n<p>On s\u2019y instruit aussi, \u00e9clair\u00e9 par une\u00a0\u00e9quipe de ma\u00eetres-sommeliers experts<span style=\"font-weight: 400\">, lors de passionnantes d\u00e9gustations de vins et de cuv\u00e9e r\u00e9gionales.\u00a0Exp\u00e9rience multisensorielle, le bar de l\u2019Auberge est une ode \u00e0 l\u2019amour du vin sous toutes ses facettes.<\/span><\/p>\n<p style=\"text-align: center\"><span style=\"font-weight: 400;color: #788474\">La Grand&rsquo;Vigne, cuv\u00e9e des Sources de Cheverny<\/span><\/p>\n<p><span style=\"font-weight: 400\">\u00c9paul\u00e9s par l\u2019expertise et le savoir-faire du vigneron Philippe Tessier, les Sources de Cheverny ont invit\u00e9\u00a0le Romorantin\u00a0\u00e0 prendre possession de 7 hectares du domaine pour cr\u00e9er notre\u00a0cuv\u00e9e maison de Cour-Cheverny, La Grand\u2019Vigne.<\/span><\/p>\n<p><span style=\"font-weight: 400\">C\u00e9page de lign\u00e9e royale si cher \u00e0 Fran\u00e7ois 1er et import\u00e9 de Bourgogne pour sa m\u00e8re Louise de Savoie, le Romorantin offre\u00a0un vin blanc\u00a0vivifiant et d\u00e9licat aux accents de fleurs blanches, d\u2019agrumes et de miel. Un Cour-Cheverny d\u2019exception\u00a0labellis\u00e9 agriculture biologique, cultiv\u00e9 dans le respect de la vigne, de l\u2019homme et de l\u2019environnement, et \u00e0 d\u00e9guster comme une invitation au voyage, un trait d\u2019union aromatique entre pass\u00e9 et pr\u00e9sent.<\/span><\/p>\n<p>&nbsp;<\/p>\n    <\/div>\n\n    <div class=\"images\">\n      <figure>\n        <img loading=\"lazy\" decoding=\"async\" width=\"626\" height=\"500\" src=\"https:\/\/www.sources-hotels.com\/valdeloire\/wp-content\/uploads\/sites\/4\/2025\/01\/image00012-626x500.jpeg\" class=\"h-full w-full object-cover object-center\" alt=\"vins Romorantin Val de Loire\" srcset=\"https:\/\/www.sources-hotels.com\/valdeloire\/wp-content\/uploads\/sites\/4\/2025\/01\/image00012-626x500.jpeg 626w, https:\/\/www.sources-hotels.com\/valdeloire\/wp-content\/uploads\/sites\/4\/2025\/01\/image00012-300x240.jpeg 300w, https:\/\/www.sources-hotels.com\/valdeloire\/wp-content\/uploads\/sites\/4\/2025\/01\/image00012-1024x819.jpeg 1024w, https:\/\/www.sources-hotels.com\/valdeloire\/wp-content\/uploads\/sites\/4\/2025\/01\/image00012-768x614.jpeg 768w, https:\/\/www.sources-hotels.com\/valdeloire\/wp-content\/uploads\/sites\/4\/2025\/01\/image00012-1536x1228.jpeg 1536w, https:\/\/www.sources-hotels.com\/valdeloire\/wp-content\/uploads\/sites\/4\/2025\/01\/image00012-2048x1637.jpeg 2048w, https:\/\/www.sources-hotels.com\/valdeloire\/wp-content\/uploads\/sites\/4\/2025\/01\/image00012-1260x1007.jpeg 1260w, https:\/\/www.sources-hotels.com\/valdeloire\/wp-content\/uploads\/sites\/4\/2025\/01\/image00012-450x360.jpeg 450w, https:\/\/www.sources-hotels.com\/valdeloire\/wp-content\/uploads\/sites\/4\/2025\/01\/image00012-465x372.jpeg 465w, https:\/\/www.sources-hotels.com\/valdeloire\/wp-content\/uploads\/sites\/4\/2025\/01\/image00012-851x680.jpeg 851w, https:\/\/www.sources-hotels.com\/valdeloire\/wp-content\/uploads\/sites\/4\/2025\/01\/image00012-1126x900.jpeg 1126w, https:\/\/www.sources-hotels.com\/valdeloire\/wp-content\/uploads\/sites\/4\/2025\/01\/image00012-575x460.jpeg 575w, https:\/\/www.sources-hotels.com\/valdeloire\/wp-content\/uploads\/sites\/4\/2025\/01\/image00012-569x455.jpeg 569w, https:\/\/www.sources-hotels.com\/valdeloire\/wp-content\/uploads\/sites\/4\/2025\/01\/image00012-375x300.jpeg 375w\" sizes=\"auto, (max-width: 626px) 100vw, 626px\" \/>      <\/figure>\n      <figure>\n        <img loading=\"lazy\" decoding=\"async\" width=\"1260\" height=\"1000\" src=\"https:\/\/www.sources-hotels.com\/valdeloire\/wp-content\/uploads\/sites\/4\/2025\/01\/SourcesDeCheverny_\u00a9thuriesmagazinepascallattes-24-2-1260x1000.jpg\" class=\"h-full w-full object-cover object-center\" alt=\"\" \/>      <\/figure>\n    <\/div>\n  <\/div>\n\n\n\n<\/section>","protected":false},"excerpt":{"rendered":"","protected":false},"author":1,"featured_media":0,"parent":227,"menu_order":0,"comment_status":"closed","ping_status":"closed","template":"","meta":{"_acf_changed":false,"footnotes":""},"hotels":[],"doc_cat":[],"class_list":["post-280","page","type-page","status-publish","hentry"],"acf":[],"yoast_head":"<!-- This site is optimized with the Yoast SEO plugin v25.6 - https:\/\/yoast.com\/wordpress\/plugins\/seo\/ -->\n<title>Le Bar \u00e0 vins de l&#039;Auberge I Les Sources de Cheverny<\/title>\n<meta name=\"description\" content=\"Le Bar de L&#039;Auberge offre une \u00e9l\u00e9gante exp\u00e9rience de d\u00e9gustation de vins, id\u00e9ale pour les connaisseurs appr\u00e9ciant le patrimoine viticole de la Loire.\" \/>\n<meta name=\"robots\" content=\"index, follow, max-snippet:-1, max-image-preview:large, max-video-preview:-1\" \/>\n<link rel=\"canonical\" href=\"https:\/\/www.sources-hotels.com\/valdeloire\/restaurants\/bar-lauberge\/\" \/>\n<meta property=\"og:locale\" content=\"fr_FR\" \/>\n<meta property=\"og:type\" content=\"article\" \/>\n<meta property=\"og:title\" content=\"Le Bar \u00e0 vins de l&#039;Auberge I Les Sources de Cheverny\" \/>\n<meta property=\"og:description\" content=\"Le Bar de L&#039;Auberge offre une \u00e9l\u00e9gante exp\u00e9rience de d\u00e9gustation de vins, id\u00e9ale pour les connaisseurs appr\u00e9ciant le patrimoine viticole de la Loire.\" \/>\n<meta property=\"og:url\" content=\"https:\/\/www.sources-hotels.com\/valdeloire\/restaurants\/bar-lauberge\/\" \/>\n<meta property=\"og:site_name\" content=\"Les Sources de Cheverny\" \/>\n<meta property=\"article:modified_time\" content=\"2025-08-26T13:11:44+00:00\" \/>\n<meta name=\"twitter:card\" content=\"summary_large_image\" \/>\n<script type=\"application\/ld+json\" class=\"yoast-schema-graph\">{\"@context\":\"https:\/\/schema.org\",\"@graph\":[{\"@type\":\"WebPage\",\"@id\":\"https:\/\/www.sources-hotels.com\/valdeloire\/restaurants\/bar-lauberge\/\",\"url\":\"https:\/\/www.sources-hotels.com\/valdeloire\/restaurants\/bar-lauberge\/\",\"name\":\"Le Bar \u00e0 vins de l'Auberge I Les Sources de Cheverny\",\"isPartOf\":{\"@id\":\"https:\/\/www.sources-hotels.com\/valdeloire\/#website\"},\"datePublished\":\"2024-12-30T15:50:44+00:00\",\"dateModified\":\"2025-08-26T13:11:44+00:00\",\"description\":\"Le Bar de L'Auberge offre une \u00e9l\u00e9gante exp\u00e9rience de d\u00e9gustation de vins, id\u00e9ale pour les connaisseurs appr\u00e9ciant le patrimoine viticole de la Loire.\",\"breadcrumb\":{\"@id\":\"https:\/\/www.sources-hotels.com\/valdeloire\/restaurants\/bar-lauberge\/#breadcrumb\"},\"inLanguage\":\"fr-FR\",\"potentialAction\":[{\"@type\":\"ReadAction\",\"target\":[\"https:\/\/www.sources-hotels.com\/valdeloire\/restaurants\/bar-lauberge\/\"]}]},{\"@type\":\"BreadcrumbList\",\"@id\":\"https:\/\/www.sources-hotels.com\/valdeloire\/restaurants\/bar-lauberge\/#breadcrumb\",\"itemListElement\":[{\"@type\":\"ListItem\",\"position\":1,\"name\":\"Accueil\",\"item\":\"https:\/\/www.sources-hotels.com\/valdeloire\/\"},{\"@type\":\"ListItem\",\"position\":2,\"name\":\"Restaurants\",\"item\":\"https:\/\/www.sources-hotels.com\/valdeloire\/restaurants\/\"},{\"@type\":\"ListItem\",\"position\":3,\"name\":\"Bar de l\u2019Auberge\"}]},{\"@type\":\"WebSite\",\"@id\":\"https:\/\/www.sources-hotels.com\/valdeloire\/#website\",\"url\":\"https:\/\/www.sources-hotels.com\/valdeloire\/\",\"name\":\"Les Sources de Cheverny\",\"description\":\"\",\"publisher\":{\"@id\":\"https:\/\/www.sources-hotels.com\/valdeloire\/#organization\"},\"potentialAction\":[{\"@type\":\"SearchAction\",\"target\":{\"@type\":\"EntryPoint\",\"urlTemplate\":\"https:\/\/www.sources-hotels.com\/valdeloire\/?s={search_term_string}\"},\"query-input\":{\"@type\":\"PropertyValueSpecification\",\"valueRequired\":true,\"valueName\":\"search_term_string\"}}],\"inLanguage\":\"fr-FR\"},{\"@type\":\"Organization\",\"@id\":\"https:\/\/www.sources-hotels.com\/valdeloire\/#organization\",\"name\":\"Les Sources de Cheverny\",\"url\":\"https:\/\/www.sources-hotels.com\/valdeloire\/\",\"logo\":{\"@type\":\"ImageObject\",\"inLanguage\":\"fr-FR\",\"@id\":\"https:\/\/www.sources-hotels.com\/valdeloire\/#\/schema\/logo\/image\/\",\"url\":\"https:\/\/www.sources-hotels.com\/valdeloire\/wp-content\/uploads\/sites\/4\/2025\/03\/logo-cheverny.png\",\"contentUrl\":\"https:\/\/www.sources-hotels.com\/valdeloire\/wp-content\/uploads\/sites\/4\/2025\/03\/logo-cheverny.png\",\"width\":696,\"height\":291,\"caption\":\"Les Sources de Cheverny\"},\"image\":{\"@id\":\"https:\/\/www.sources-hotels.com\/valdeloire\/#\/schema\/logo\/image\/\"}}]}<\/script>\n<!-- \/ Yoast SEO plugin. -->","yoast_head_json":{"title":"Le Bar \u00e0 vins de l'Auberge I Les Sources de Cheverny","description":"Le Bar de L'Auberge offre une \u00e9l\u00e9gante exp\u00e9rience de d\u00e9gustation de vins, id\u00e9ale pour les connaisseurs appr\u00e9ciant le patrimoine viticole de la Loire.","robots":{"index":"index","follow":"follow","max-snippet":"max-snippet:-1","max-image-preview":"max-image-preview:large","max-video-preview":"max-video-preview:-1"},"canonical":"https:\/\/www.sources-hotels.com\/valdeloire\/restaurants\/bar-lauberge\/","og_locale":"fr_FR","og_type":"article","og_title":"Le Bar \u00e0 vins de l'Auberge I Les Sources de Cheverny","og_description":"Le Bar de L'Auberge offre une \u00e9l\u00e9gante exp\u00e9rience de d\u00e9gustation de vins, id\u00e9ale pour les connaisseurs appr\u00e9ciant le patrimoine viticole de la Loire.","og_url":"https:\/\/www.sources-hotels.com\/valdeloire\/restaurants\/bar-lauberge\/","og_site_name":"Les Sources de Cheverny","article_modified_time":"2025-08-26T13:11:44+00:00","twitter_card":"summary_large_image","schema":{"@context":"https:\/\/schema.org","@graph":[{"@type":"WebPage","@id":"https:\/\/www.sources-hotels.com\/valdeloire\/restaurants\/bar-lauberge\/","url":"https:\/\/www.sources-hotels.com\/valdeloire\/restaurants\/bar-lauberge\/","name":"Le Bar \u00e0 vins de l'Auberge I Les Sources de Cheverny","isPartOf":{"@id":"https:\/\/www.sources-hotels.com\/valdeloire\/#website"},"datePublished":"2024-12-30T15:50:44+00:00","dateModified":"2025-08-26T13:11:44+00:00","description":"Le Bar de L'Auberge offre une \u00e9l\u00e9gante exp\u00e9rience de d\u00e9gustation de vins, id\u00e9ale pour les connaisseurs appr\u00e9ciant le patrimoine viticole de la Loire.","breadcrumb":{"@id":"https:\/\/www.sources-hotels.com\/valdeloire\/restaurants\/bar-lauberge\/#breadcrumb"},"inLanguage":"fr-FR","potentialAction":[{"@type":"ReadAction","target":["https:\/\/www.sources-hotels.com\/valdeloire\/restaurants\/bar-lauberge\/"]}]},{"@type":"BreadcrumbList","@id":"https:\/\/www.sources-hotels.com\/valdeloire\/restaurants\/bar-lauberge\/#breadcrumb","itemListElement":[{"@type":"ListItem","position":1,"name":"Accueil","item":"https:\/\/www.sources-hotels.com\/valdeloire\/"},{"@type":"ListItem","position":2,"name":"Restaurants","item":"https:\/\/www.sources-hotels.com\/valdeloire\/restaurants\/"},{"@type":"ListItem","position":3,"name":"Bar de l\u2019Auberge"}]},{"@type":"WebSite","@id":"https:\/\/www.sources-hotels.com\/valdeloire\/#website","url":"https:\/\/www.sources-hotels.com\/valdeloire\/","name":"Les Sources de Cheverny","description":"","publisher":{"@id":"https:\/\/www.sources-hotels.com\/valdeloire\/#organization"},"potentialAction":[{"@type":"SearchAction","target":{"@type":"EntryPoint","urlTemplate":"https:\/\/www.sources-hotels.com\/valdeloire\/?s={search_term_string}"},"query-input":{"@type":"PropertyValueSpecification","valueRequired":true,"valueName":"search_term_string"}}],"inLanguage":"fr-FR"},{"@type":"Organization","@id":"https:\/\/www.sources-hotels.com\/valdeloire\/#organization","name":"Les Sources de Cheverny","url":"https:\/\/www.sources-hotels.com\/valdeloire\/","logo":{"@type":"ImageObject","inLanguage":"fr-FR","@id":"https:\/\/www.sources-hotels.com\/valdeloire\/#\/schema\/logo\/image\/","url":"https:\/\/www.sources-hotels.com\/valdeloire\/wp-content\/uploads\/sites\/4\/2025\/03\/logo-cheverny.png","contentUrl":"https:\/\/www.sources-hotels.com\/valdeloire\/wp-content\/uploads\/sites\/4\/2025\/03\/logo-cheverny.png","width":696,"height":291,"caption":"Les Sources de Cheverny"},"image":{"@id":"https:\/\/www.sources-hotels.com\/valdeloire\/#\/schema\/logo\/image\/"}}]}},"_links":{"self":[{"href":"https:\/\/www.sources-hotels.com\/valdeloire\/wp-json\/wp\/v2\/pages\/280","targetHints":{"allow":["GET"]}}],"collection":[{"href":"https:\/\/www.sources-hotels.com\/valdeloire\/wp-json\/wp\/v2\/pages"}],"about":[{"href":"https:\/\/www.sources-hotels.com\/valdeloire\/wp-json\/wp\/v2\/types\/page"}],"author":[{"embeddable":true,"href":"https:\/\/www.sources-hotels.com\/valdeloire\/wp-json\/wp\/v2\/users\/1"}],"replies":[{"embeddable":true,"href":"https:\/\/www.sources-hotels.com\/valdeloire\/wp-json\/wp\/v2\/comments?post=280"}],"version-history":[{"count":22,"href":"https:\/\/www.sources-hotels.com\/valdeloire\/wp-json\/wp\/v2\/pages\/280\/revisions"}],"predecessor-version":[{"id":4332,"href":"https:\/\/www.sources-hotels.com\/valdeloire\/wp-json\/wp\/v2\/pages\/280\/revisions\/4332"}],"up":[{"embeddable":true,"href":"https:\/\/www.sources-hotels.com\/valdeloire\/wp-json\/wp\/v2\/pages\/227"}],"wp:attachment":[{"href":"https:\/\/www.sources-hotels.com\/valdeloire\/wp-json\/wp\/v2\/media?parent=280"}],"wp:term":[{"taxonomy":"hotels","embeddable":true,"href":"https:\/\/www.sources-hotels.com\/valdeloire\/wp-json\/wp\/v2\/hotels?post=280"},{"taxonomy":"doc_cat","embeddable":true,"href":"https:\/\/www.sources-hotels.com\/valdeloire\/wp-json\/wp\/v2\/doc_cat?post=280"}],"curies":[{"name":"wp","href":"https:\/\/api.w.org\/{rel}","templated":true}]}}