{"id":4561,"date":"2025-11-12T16:53:31","date_gmt":"2025-11-12T15:53:31","guid":{"rendered":"https:\/\/www.sources-hotels.com\/valdeloire\/?page_id=4561"},"modified":"2026-04-24T09:14:46","modified_gmt":"2026-04-24T07:14:46","slug":"coffrets-cadeaux-valdeloire","status":"publish","type":"page","link":"https:\/\/www.sources-hotels.com\/valdeloire\/coffrets-cadeaux-valdeloire\/","title":{"rendered":"Coffrets Cadeaux &#8211; Les Sources de Cheverny"},"content":{"rendered":"\n<section class=\"custom-block block--header aspect-[375\/700] text-center text-white overflow-hidden pt-[100rem] relative tablet:aspect-auto tablet:h-[700rem] tablet:pt-[420rem]\">\n\n    <h1>\n                            Coffrets Cadeaux            <\/h1>\n\n    \n    <span class=\"scroll-down hidden text-[12rem] tracking-[2rem] uppercase font-title cursor-pointer opacity-[64%] pb-[66rem] absolute left-2\/4 bottom-0 translate-x-[-50%] after:w-[1px] after:h-[50rem] after:bg-white after:opacity-[40%] after:absolute after:bottom-0 after:left-[50%] tablet:block\">\n        Voir la suite    <\/span>\n\n    <figure class=\"min-w-full min-h-full aspect-video overflow-hidden absolute top-2\/4 left-2\/4 translate-x-[-50%] translate-y-[-50%] z-[-1] before:bg-black before:opacity-[35%] before:mix-blend-multiply before:absolute before:top-0 before:left-0 before:right-0 before:bottom-0 before:z-[2]\">\n                    <img loading=\"lazy\" decoding=\"async\" width=\"1000\" height=\"800\" src=\"https:\/\/www.sources-hotels.com\/valdeloire\/wp-content\/uploads\/sites\/4\/2025\/11\/COLLET_CHEVERNY_\u00a9MVerret_0274.jpg\" class=\"h-full w-full object-cover object-center\" alt=\"\" srcset=\"https:\/\/www.sources-hotels.com\/valdeloire\/wp-content\/uploads\/sites\/4\/2025\/11\/COLLET_CHEVERNY_\u00a9MVerret_0274.jpg 1000w, https:\/\/www.sources-hotels.com\/valdeloire\/wp-content\/uploads\/sites\/4\/2025\/11\/COLLET_CHEVERNY_\u00a9MVerret_0274-300x240.jpg 300w, https:\/\/www.sources-hotels.com\/valdeloire\/wp-content\/uploads\/sites\/4\/2025\/11\/COLLET_CHEVERNY_\u00a9MVerret_0274-768x614.jpg 768w\" sizes=\"auto, (max-width: 1000px) 100vw, 1000px\" \/>            <\/figure>\n\n        \n<\/section>\n\n    \n\n\n<section class=\"custom-block block--text-small-visual-watermark style-image-right background-white\">\n\n            <h2 class=\"block-title\">Un cadeau, une exp\u00e9rience, une \u00e9motion<\/h2>\n    \n    <div class=\"block-content w-[255rem] flex flex-col gap-[20rem] mx-auto tablet:w-auto tablet:flex-row tablet:px-0 tablet:gap-[105rem] tablet:mx-0\">\n\n        <figure class=\"w-full h-[200rem] flex-initial relative z-[1] tablet:w-[630rem] tablet:h-[500rem]\">\n\n            <img loading=\"lazy\" decoding=\"async\" width=\"1260\" height=\"1000\" src=\"https:\/\/www.sources-hotels.com\/valdeloire\/wp-content\/uploads\/sites\/4\/2025\/10\/LesSourcesDeCheverny_BassinInterieur_\u00a9MPMorel_2021-2-1260x1000.jpg\" class=\"w-full h-full object-cover object-center relative z-[2]\" alt=\"Spa Caudalie\" \/>\n            \n        <\/figure>\n\n        <div class=\"w-full flex flex-col flex-initial z-[2] tablet:w-[500rem]\">\n\n            \n            <div class=\"rte\"><p>Offrez une escapade unique dans un h\u00f4tel 5 \u00e9toiles au c\u0153ur du Val de Loire, o\u00f9 chaque moment devient un souvenir inoubliable.<\/p>\n<p>Qu\u2019il s\u2019agisse d\u2019une escapade romantique, d\u2019une parenth\u00e8se bien-\u00eatre ou d\u2019un voyage gastronomique, nos coffrets cadeaux sont parfaits pour c\u00e9l\u00e9brer un anniversaire, un mariage ou simplement faire plaisir.<\/p>\n<p><em>S\u00e9jour, d\u00eener ou ch\u00e8que cadeau : choisissez l\u2019exp\u00e9rience \u00e0 offrir depuis notre boutique cadeaux.<\/em><br data-start=\"1027\" data-end=\"1030\" \/><em>Envoi digital ou coffret par courrier, valable un an \u00e0 compter de l\u2019achat.<\/em><\/p>\n<\/div>\n\n                                            <a href=\"https:\/\/cadeaux-valdeloire.sources-hotels.com\/?utm_source=sdch&amp;utm_medium=referral&amp;utm_campaign=cta\" target=\"_blank\"\n                    class=\"button mt-[35rem] self-center tablet:self-start\" >\n                    D\u00e9couvrir notre boutique cadeaux                <\/a>\n            \n        <\/div>\n\n    <\/div>\n\n<\/section>","protected":false},"excerpt":{"rendered":"","protected":false},"author":12,"featured_media":0,"parent":0,"menu_order":0,"comment_status":"closed","ping_status":"closed","template":"","meta":{"_acf_changed":false,"footnotes":""},"hotels":[],"doc_cat":[],"class_list":["post-4561","page","type-page","status-publish","hentry"],"acf":[],"yoast_head":"<!-- This site is optimized with the Yoast SEO plugin v27.4 - https:\/\/yoast.com\/product\/yoast-seo-wordpress\/ -->\n<title>Coffrets cadeaux | H\u00f4tel 5 \u00e9toiles Les Sources de Cheverny<\/title>\n<meta name=\"description\" content=\"Partagez l\u2019art d\u2019offrir avec Les Sources de Cheverny en Val de Loire, pour c\u00e9l\u00e9brer un anniversaire, un mariage ou simplement faire plaisir.\" \/>\n<meta name=\"robots\" content=\"index, follow, max-snippet:-1, max-image-preview:large, max-video-preview:-1\" \/>\n<link rel=\"canonical\" href=\"https:\/\/www.sources-hotels.com\/valdeloire\/coffrets-cadeaux-valdeloire\/\" \/>\n<meta property=\"og:locale\" content=\"fr_FR\" \/>\n<meta property=\"og:type\" content=\"article\" \/>\n<meta property=\"og:title\" content=\"Coffrets cadeaux | H\u00f4tel 5 \u00e9toiles Les Sources de Cheverny\" \/>\n<meta property=\"og:description\" content=\"Partagez l\u2019art d\u2019offrir avec Les Sources de Cheverny en Val de Loire, pour c\u00e9l\u00e9brer un anniversaire, un mariage ou simplement faire plaisir.\" \/>\n<meta property=\"og:url\" content=\"https:\/\/www.sources-hotels.com\/valdeloire\/coffrets-cadeaux-valdeloire\/\" \/>\n<meta property=\"og:site_name\" content=\"Les Sources de Cheverny\" \/>\n<meta property=\"article:modified_time\" content=\"2026-04-24T07:14:46+00:00\" \/>\n<meta name=\"twitter:card\" content=\"summary_large_image\" \/>\n<script type=\"application\/ld+json\" class=\"yoast-schema-graph\">{\"@context\":\"https:\\\/\\\/schema.org\",\"@graph\":[{\"@type\":\"WebPage\",\"@id\":\"https:\\\/\\\/www.sources-hotels.com\\\/valdeloire\\\/coffrets-cadeaux-valdeloire\\\/\",\"url\":\"https:\\\/\\\/www.sources-hotels.com\\\/valdeloire\\\/coffrets-cadeaux-valdeloire\\\/\",\"name\":\"Coffrets cadeaux | H\u00f4tel 5 \u00e9toiles Les Sources de Cheverny\",\"isPartOf\":{\"@id\":\"https:\\\/\\\/www.sources-hotels.com\\\/valdeloire\\\/#website\"},\"datePublished\":\"2025-11-12T15:53:31+00:00\",\"dateModified\":\"2026-04-24T07:14:46+00:00\",\"description\":\"Partagez l\u2019art d\u2019offrir avec Les Sources de Cheverny en Val de Loire, pour c\u00e9l\u00e9brer un anniversaire, un mariage ou simplement faire plaisir.\",\"breadcrumb\":{\"@id\":\"https:\\\/\\\/www.sources-hotels.com\\\/valdeloire\\\/coffrets-cadeaux-valdeloire\\\/#breadcrumb\"},\"inLanguage\":\"fr-FR\",\"potentialAction\":[{\"@type\":\"ReadAction\",\"target\":[\"https:\\\/\\\/www.sources-hotels.com\\\/valdeloire\\\/coffrets-cadeaux-valdeloire\\\/\"]}]},{\"@type\":\"BreadcrumbList\",\"@id\":\"https:\\\/\\\/www.sources-hotels.com\\\/valdeloire\\\/coffrets-cadeaux-valdeloire\\\/#breadcrumb\",\"itemListElement\":[{\"@type\":\"ListItem\",\"position\":1,\"name\":\"Accueil\",\"item\":\"https:\\\/\\\/www.sources-hotels.com\\\/valdeloire\\\/\"},{\"@type\":\"ListItem\",\"position\":2,\"name\":\"Coffrets Cadeaux &#8211; Les Sources de Cheverny\"}]},{\"@type\":\"WebSite\",\"@id\":\"https:\\\/\\\/www.sources-hotels.com\\\/valdeloire\\\/#website\",\"url\":\"https:\\\/\\\/www.sources-hotels.com\\\/valdeloire\\\/\",\"name\":\"Les Sources de Cheverny\",\"description\":\"\",\"publisher\":{\"@id\":\"https:\\\/\\\/www.sources-hotels.com\\\/valdeloire\\\/#organization\"},\"potentialAction\":[{\"@type\":\"SearchAction\",\"target\":{\"@type\":\"EntryPoint\",\"urlTemplate\":\"https:\\\/\\\/www.sources-hotels.com\\\/valdeloire\\\/?s={search_term_string}\"},\"query-input\":{\"@type\":\"PropertyValueSpecification\",\"valueRequired\":true,\"valueName\":\"search_term_string\"}}],\"inLanguage\":\"fr-FR\"},{\"@type\":\"Organization\",\"@id\":\"https:\\\/\\\/www.sources-hotels.com\\\/valdeloire\\\/#organization\",\"name\":\"Les Sources de Cheverny\",\"url\":\"https:\\\/\\\/www.sources-hotels.com\\\/valdeloire\\\/\",\"logo\":{\"@type\":\"ImageObject\",\"inLanguage\":\"fr-FR\",\"@id\":\"https:\\\/\\\/www.sources-hotels.com\\\/valdeloire\\\/#\\\/schema\\\/logo\\\/image\\\/\",\"url\":\"https:\\\/\\\/www.sources-hotels.com\\\/valdeloire\\\/wp-content\\\/uploads\\\/sites\\\/4\\\/2025\\\/03\\\/logo-cheverny.png\",\"contentUrl\":\"https:\\\/\\\/www.sources-hotels.com\\\/valdeloire\\\/wp-content\\\/uploads\\\/sites\\\/4\\\/2025\\\/03\\\/logo-cheverny.png\",\"width\":696,\"height\":291,\"caption\":\"Les Sources de Cheverny\"},\"image\":{\"@id\":\"https:\\\/\\\/www.sources-hotels.com\\\/valdeloire\\\/#\\\/schema\\\/logo\\\/image\\\/\"}}]}<\/script>\n<!-- \/ Yoast SEO plugin. -->","yoast_head_json":{"title":"Coffrets cadeaux | H\u00f4tel 5 \u00e9toiles Les Sources de Cheverny","description":"Partagez l\u2019art d\u2019offrir avec Les Sources de Cheverny en Val de Loire, pour c\u00e9l\u00e9brer un anniversaire, un mariage ou simplement faire plaisir.","robots":{"index":"index","follow":"follow","max-snippet":"max-snippet:-1","max-image-preview":"max-image-preview:large","max-video-preview":"max-video-preview:-1"},"canonical":"https:\/\/www.sources-hotels.com\/valdeloire\/coffrets-cadeaux-valdeloire\/","og_locale":"fr_FR","og_type":"article","og_title":"Coffrets cadeaux | H\u00f4tel 5 \u00e9toiles Les Sources de Cheverny","og_description":"Partagez l\u2019art d\u2019offrir avec Les Sources de Cheverny en Val de Loire, pour c\u00e9l\u00e9brer un anniversaire, un mariage ou simplement faire plaisir.","og_url":"https:\/\/www.sources-hotels.com\/valdeloire\/coffrets-cadeaux-valdeloire\/","og_site_name":"Les Sources de Cheverny","article_modified_time":"2026-04-24T07:14:46+00:00","twitter_card":"summary_large_image","schema":{"@context":"https:\/\/schema.org","@graph":[{"@type":"WebPage","@id":"https:\/\/www.sources-hotels.com\/valdeloire\/coffrets-cadeaux-valdeloire\/","url":"https:\/\/www.sources-hotels.com\/valdeloire\/coffrets-cadeaux-valdeloire\/","name":"Coffrets cadeaux | H\u00f4tel 5 \u00e9toiles Les Sources de Cheverny","isPartOf":{"@id":"https:\/\/www.sources-hotels.com\/valdeloire\/#website"},"datePublished":"2025-11-12T15:53:31+00:00","dateModified":"2026-04-24T07:14:46+00:00","description":"Partagez l\u2019art d\u2019offrir avec Les Sources de Cheverny en Val de Loire, pour c\u00e9l\u00e9brer un anniversaire, un mariage ou simplement faire plaisir.","breadcrumb":{"@id":"https:\/\/www.sources-hotels.com\/valdeloire\/coffrets-cadeaux-valdeloire\/#breadcrumb"},"inLanguage":"fr-FR","potentialAction":[{"@type":"ReadAction","target":["https:\/\/www.sources-hotels.com\/valdeloire\/coffrets-cadeaux-valdeloire\/"]}]},{"@type":"BreadcrumbList","@id":"https:\/\/www.sources-hotels.com\/valdeloire\/coffrets-cadeaux-valdeloire\/#breadcrumb","itemListElement":[{"@type":"ListItem","position":1,"name":"Accueil","item":"https:\/\/www.sources-hotels.com\/valdeloire\/"},{"@type":"ListItem","position":2,"name":"Coffrets Cadeaux &#8211; Les Sources de Cheverny"}]},{"@type":"WebSite","@id":"https:\/\/www.sources-hotels.com\/valdeloire\/#website","url":"https:\/\/www.sources-hotels.com\/valdeloire\/","name":"Les Sources de Cheverny","description":"","publisher":{"@id":"https:\/\/www.sources-hotels.com\/valdeloire\/#organization"},"potentialAction":[{"@type":"SearchAction","target":{"@type":"EntryPoint","urlTemplate":"https:\/\/www.sources-hotels.com\/valdeloire\/?s={search_term_string}"},"query-input":{"@type":"PropertyValueSpecification","valueRequired":true,"valueName":"search_term_string"}}],"inLanguage":"fr-FR"},{"@type":"Organization","@id":"https:\/\/www.sources-hotels.com\/valdeloire\/#organization","name":"Les Sources de Cheverny","url":"https:\/\/www.sources-hotels.com\/valdeloire\/","logo":{"@type":"ImageObject","inLanguage":"fr-FR","@id":"https:\/\/www.sources-hotels.com\/valdeloire\/#\/schema\/logo\/image\/","url":"https:\/\/www.sources-hotels.com\/valdeloire\/wp-content\/uploads\/sites\/4\/2025\/03\/logo-cheverny.png","contentUrl":"https:\/\/www.sources-hotels.com\/valdeloire\/wp-content\/uploads\/sites\/4\/2025\/03\/logo-cheverny.png","width":696,"height":291,"caption":"Les Sources de Cheverny"},"image":{"@id":"https:\/\/www.sources-hotels.com\/valdeloire\/#\/schema\/logo\/image\/"}}]}},"_links":{"self":[{"href":"https:\/\/www.sources-hotels.com\/valdeloire\/wp-json\/wp\/v2\/pages\/4561","targetHints":{"allow":["GET"]}}],"collection":[{"href":"https:\/\/www.sources-hotels.com\/valdeloire\/wp-json\/wp\/v2\/pages"}],"about":[{"href":"https:\/\/www.sources-hotels.com\/valdeloire\/wp-json\/wp\/v2\/types\/page"}],"author":[{"embeddable":true,"href":"https:\/\/www.sources-hotels.com\/valdeloire\/wp-json\/wp\/v2\/users\/12"}],"replies":[{"embeddable":true,"href":"https:\/\/www.sources-hotels.com\/valdeloire\/wp-json\/wp\/v2\/comments?post=4561"}],"version-history":[{"count":15,"href":"https:\/\/www.sources-hotels.com\/valdeloire\/wp-json\/wp\/v2\/pages\/4561\/revisions"}],"predecessor-version":[{"id":5318,"href":"https:\/\/www.sources-hotels.com\/valdeloire\/wp-json\/wp\/v2\/pages\/4561\/revisions\/5318"}],"wp:attachment":[{"href":"https:\/\/www.sources-hotels.com\/valdeloire\/wp-json\/wp\/v2\/media?parent=4561"}],"wp:term":[{"taxonomy":"hotels","embeddable":true,"href":"https:\/\/www.sources-hotels.com\/valdeloire\/wp-json\/wp\/v2\/hotels?post=4561"},{"taxonomy":"doc_cat","embeddable":true,"href":"https:\/\/www.sources-hotels.com\/valdeloire\/wp-json\/wp\/v2\/doc_cat?post=4561"}],"curies":[{"name":"wp","href":"https:\/\/api.w.org\/{rel}","templated":true}]}}